{"id":1683,"date":"2017-09-23T00:30:40","date_gmt":"2017-09-22T18:30:40","guid":{"rendered":"https:\/\/mayanruins.travel\/es\/?post_type=product&#038;p=1683"},"modified":"2017-10-13T01:06:50","modified_gmt":"2017-10-12T19:06:50","slug":"tulum-y-cenote","status":"publish","type":"product","link":"https:\/\/mayanruins.mx\/es\/tour\/tulum-y-cenote\/","title":{"rendered":"Tulum y Cenote"},"content":{"rendered":"<p>[vc_row][vc_column][vc_column_text]<\/p>\n<h2>Descubre Tulum y nada en el cenote Zacil Ha<\/h2>\n<p>Es la ciudad amurallada m\u00e1s famosa y emblem\u00e1tica del mar Caribe, gracias a que est\u00e1 asentada sobre un acantilado que tiene como vista el hermoso oc\u00e9ano de tonalidades azul turquesa.<\/p>\n<p>No hay mejor manera que conocer Tulum que de la mano de un gu\u00eda certificado, as\u00ed que te llevaremos con un experto sobre est\u00e1 incre\u00edble ciudad maya, que se caracteriza por sus diferentes edificaciones y ruinas que hasta el d\u00eda de hoy nos hacen imaginarnos a la comunidad que vivi\u00f3 ah\u00ed.<\/p>\n<p>Tulum es reconocido tambi\u00e9n por tener una de las playas m\u00e1s bellas, as\u00ed que despu\u00e9s del recorrido podr\u00e1s bajar hasta la playa y darte un chapuz\u00f3n.<\/p>\n<h3>\u00a1Sum\u00e9rgete en el Cenote Zahil Ha y descubre su bell\u00edsimo ecosistema!<\/h3>\n<p>Tulum y en general el mar Caribe presentan un clima bastante h\u00famedo y c\u00e1lido por lo que te llevaremos a un incre\u00edble cenote, este pozo natural\u00a0 te dar\u00e1 la oportunidad de sumergirte en refrescantes y cristalinas aguas que adem\u00e1s de darte frescura, tiene una peque\u00f1a tirolesa para que desde lo alto te sumerjas como todo un clavadista profesional.[\/vc_column_text][\/vc_column][\/vc_row][vc_row][vc_column]<div class=\"slz-shortcode block-title-124238081269eb915f26579 \">\r\n<h3 class=\"slz-shortcode title-style-3\">\u00bfQu\u00e9 incluye el tour?<\/h3><\/div>\r\n<div class=\"slz-shortcode item-list-style06 item-list-188476910469eb915f26625 wrapper-journey \" data-item=4><div class=\"item feature-item\"><i class=\"icon-journey fa fa-car\"><\/i><div class=\"text\">Traslado de\/hasta tu hotel<\/div><\/div><div class=\"item feature-item\"><i class=\"icon-journey flaticon-food-3\"><\/i><div class=\"text\">Snacks<\/div><\/div><div class=\"item feature-item\"><i class=\"icon-journey flaticon-cup\"><\/i><div class=\"text\">Bebidas no alcoh\u00f3licas <\/div><\/div><div class=\"item feature-item\"><i class=\"icon-journey flaticon-man\"><\/i><div class=\"text\">Gu\u00eda certificado biling\u00fce<\/div><\/div><\/div><div class=\"slz-shortcode item-list-style06 item-list-155764974669eb915f26712 wrapper-journey \" data-item=4><div class=\"item feature-item\"><i class=\"icon-journey fa fa-train\"><\/i><div class=\"text\">Paseo en tren hasta las ruinas <\/div><\/div><div class=\"item feature-item\"><i class=\"icon-journey fa fa-map-marker\"><\/i><div class=\"text\">Entrada a Tulum <\/div><\/div><div class=\"item feature-item\"><i class=\"icon-journey flaticon-summer\"><\/i><div class=\"text\">Entrada a Cenote Zacil Ha (50 minutos)<\/div><\/div><div class=\"item feature-item\"><i class=\"icon-journey fa fa-user\"><\/i><div class=\"text\">Chalecos Salvavidas <\/div><\/div><\/div>[\/vc_column][\/vc_row][vc_row css=&#8221;.vc_custom_1466409302371{padding-top: 60px !important;}&#8221;][vc_column]<div class=\"slz-shortcode tour-schedule overview-block clearfix \">\r\n\t\t<h3 class=\"title-style-3\">Itinerario<\/h3>\r\n\t\r\n\t<div class=\"timeline-container\">\r\n\t\t<div class=\"timeline\">\r\n\t\t\t\t\t\t<div class=\"timeline-block timeline-1\">\r\n\t\t\t\t<div class=\"timeline-title\">\r\n\t\t\t\t\t<span>7:00 am<\/span>\r\n\t\t\t\t<\/div>\r\n\t\t\t\t<div class=\"timeline-content medium-margin-top\">\r\n\t\t\t\t\t<div class=\"row\">\r\n\t\t\t\t\t\t<div class=\"timeline-point\"><i class=\"fa fa-circle-o\"><\/i><\/div>\r\n\t\t\t\t\t\t<div class=\"timeline-custom-col content-col \">\r\n\t\t\t\t\t\t\t<div class=\"timeline-location-block\">\r\n\t\t\t\t\t\t\t\t<p class=\"location-name\">\r\n\t\t\t\t\t\t\t\t\tPick up\t\t\t\t\t\t\t\t\t\t\t\t\t\t\t\t\t\t<i class=\"fa fa-map-marker icon-marker\"><\/i>\r\n\t\t\t\t\t\t\t\t\t\t\t\t\t\t\t\t\t<\/p>\r\n\t\t\t\t\t\t\t\t<div class=\"description\">\r\n\t\t\t\t\t\t\t\t\tEn punto de las 7:00 horas pasaremos por ti\u00a0 hasta tu hotel para comenzar con esta experiencia, mientras viajamos hasta la zona arqueol\u00f3gica te deleitaremos con un delicioso almuerzo. Mientras llegamos hasta nuestro destino, nuestro gu\u00eda te dar\u00e1 informaci\u00f3n muy valiosa de la cultura maya, as\u00ed como de la Pen\u00ednsula de Yucat\u00e1n y de M\u00e9xico. \t\t\t\t\t\t\t\t<\/div>\r\n\t\t\t\t\t\t\t<\/div>\r\n\t\t\t\t\t\t<\/div>\r\n\t\t\t\t\t\t<div class=\"timeline-custom-col image-col\" data-slick=\"{&quot;slidesToShow&quot;:1,&quot;slidesToScroll&quot;:1,&quot;dots&quot;:true,&quot;arrows&quot;:true,&quot;autoplay&quot;:true,&quot;infinite&quot;:true,&quot;speed&quot;:300,&quot;fade&quot;:false}\"><div class=\"timeline-image-block items\"><img decoding=\"async\" src=\"https:\/\/mayanruins.mx\/es\/wp-content\/uploads\/sites\/2\/2017\/08\/ek-balam-mayan-ruins-pick-up.jpg\" alt=\"\"><\/div><\/div>\t\t\t\t\t<\/div>\r\n\t\t\t\t<\/div>\r\n\t\t\t<\/div>\r\n\t\t\t\t\t\t<div class=\"timeline-block timeline-2\">\r\n\t\t\t\t<div class=\"timeline-title\">\r\n\t\t\t\t\t<span><\/span>\r\n\t\t\t\t<\/div>\r\n\t\t\t\t<div class=\"timeline-content medium-margin-top\">\r\n\t\t\t\t\t<div class=\"row\">\r\n\t\t\t\t\t\t<div class=\"timeline-point\"><i class=\"fa fa-circle-o\"><\/i><\/div>\r\n\t\t\t\t\t\t<div class=\"timeline-custom-col content-col \">\r\n\t\t\t\t\t\t\t<div class=\"timeline-location-block\">\r\n\t\t\t\t\t\t\t\t<p class=\"location-name\">\r\n\t\t\t\t\t\t\t\t\tTulum\t\t\t\t\t\t\t\t\t\t\t\t\t\t\t\t\t\t<i class=\"fa fa-map-marker icon-marker\"><\/i>\r\n\t\t\t\t\t\t\t\t\t\t\t\t\t\t\t\t\t<\/p>\r\n\t\t\t\t\t\t\t\t<div class=\"description\">\r\n\t\t\t\t\t\t\t\t\tAl llegar a Tulum tendr\u00e1s una hora de visita guiada, abre bien tus sentidos que la informaci\u00f3n y todo lo que desees saber de las ruinas y los mayas te sorprender\u00e1. Despu\u00e9s tendr\u00e1s una hora en donde podr\u00e1s\u00a0 observar cada una de las ruinas, tomar fotograf\u00edas y hasta meterte a la playa. \t\t\t\t\t\t\t\t<\/div>\r\n\t\t\t\t\t\t\t<\/div>\r\n\t\t\t\t\t\t<\/div>\r\n\t\t\t\t\t\t<div class=\"timeline-custom-col image-col\" data-slick=\"{&quot;slidesToShow&quot;:1,&quot;slidesToScroll&quot;:1,&quot;dots&quot;:true,&quot;arrows&quot;:true,&quot;autoplay&quot;:true,&quot;infinite&quot;:true,&quot;speed&quot;:300,&quot;fade&quot;:false}\"><div class=\"timeline-image-block items\"><img decoding=\"async\" src=\"https:\/\/mayanruins.mx\/es\/wp-content\/uploads\/sites\/2\/2017\/08\/tulum-tour-mayan-ruins-cenote-y-playa-del-carmen.jpg\" alt=\"\"><\/div><\/div>\t\t\t\t\t<\/div>\r\n\t\t\t\t<\/div>\r\n\t\t\t<\/div>\r\n\t\t\t\t\t\t<div class=\"timeline-block timeline-3\">\r\n\t\t\t\t<div class=\"timeline-title\">\r\n\t\t\t\t\t<span><\/span>\r\n\t\t\t\t<\/div>\r\n\t\t\t\t<div class=\"timeline-content medium-margin-top\">\r\n\t\t\t\t\t<div class=\"row\">\r\n\t\t\t\t\t\t<div class=\"timeline-point\"><i class=\"fa fa-circle-o\"><\/i><\/div>\r\n\t\t\t\t\t\t<div class=\"timeline-custom-col content-col \">\r\n\t\t\t\t\t\t\t<div class=\"timeline-location-block\">\r\n\t\t\t\t\t\t\t\t<p class=\"location-name\">\r\n\t\t\t\t\t\t\t\t\tCenote\t\t\t\t\t\t\t\t\t\t\t\t\t\t\t\t\t\t<i class=\"fa fa-map-marker icon-marker\"><\/i>\r\n\t\t\t\t\t\t\t\t\t\t\t\t\t\t\t\t\t<\/p>\r\n\t\t\t\t\t\t\t\t<div class=\"description\">\r\n\t\t\t\t\t\t\t\t\tDespu\u00e9s de caminar por las ruinas, pasaremos al cenote Zacil Ha a refrescarnos y divertirnos. Toda la familia se divertir\u00e1 con la tirolesa o descansar antes de que volvamos a tu hotel. \t\t\t\t\t\t\t\t<\/div>\r\n\t\t\t\t\t\t\t<\/div>\r\n\t\t\t\t\t\t<\/div>\r\n\t\t\t\t\t\t<div class=\"timeline-custom-col image-col\" data-slick=\"{&quot;slidesToShow&quot;:1,&quot;slidesToScroll&quot;:1,&quot;dots&quot;:true,&quot;arrows&quot;:true,&quot;autoplay&quot;:true,&quot;infinite&quot;:true,&quot;speed&quot;:300,&quot;fade&quot;:false}\"><div class=\"timeline-image-block items\"><img decoding=\"async\" src=\"https:\/\/mayanruins.mx\/es\/wp-content\/uploads\/sites\/2\/2017\/08\/cenote-mayan-ruins.jpg\" alt=\"\"><\/div><\/div>\t\t\t\t\t<\/div>\r\n\t\t\t\t<\/div>\r\n\t\t\t<\/div>\r\n\t\t\t\t\t<\/div>\r\n\t<\/div>\r\n<\/div>\r\n<div class=\"slz-shortcode block-title-88785411669eb915f278a8 \">\r\n<h3 class=\"slz-shortcode title-style-3\">Horario sujeto a cambios<\/h3><\/div>\r\n[\/vc_column][\/vc_row][vc_row][vc_column][vc_empty_space][vc_column_text]<\/p>\n<p style=\"font-size: 30px;\">Explorar m\u00e1s tours en Tulum<\/p>\n<p>[\/vc_column_text]<div class=\"woocommerce columns-4 \"><ul class=\"products columns-4\">\n<li class=\"tm-has-options product type-product post-1470 status-publish first instock product_cat-sin-categorizar has-post-thumbnail shipping-taxable purchasable product-type-simple\">\n\t<a href=\"https:\/\/mayanruins.mx\/es\/tour\/coba-y-tulum\/\" class=\"woocommerce-LoopProduct-link woocommerce-loop-product__link\"><img loading=\"lazy\" decoding=\"async\" width=\"300\" height=\"245\" src=\"https:\/\/mayanruins.mx\/es\/wp-content\/uploads\/sites\/2\/2017\/08\/coba-mayan-ruins.jpg\" class=\"attachment-woocommerce_thumbnail size-woocommerce_thumbnail\" alt=\"\" srcset=\"https:\/\/mayanruins.mx\/es\/wp-content\/uploads\/sites\/2\/2017\/08\/coba-mayan-ruins.jpg 450w, https:\/\/mayanruins.mx\/es\/wp-content\/uploads\/sites\/2\/2017\/08\/coba-mayan-ruins-300x245.jpg 300w\" sizes=\"(max-width: 300px) 100vw, 300px\" \/><h2 class=\"woocommerce-loop-product__title\">Cob\u00e1 y Tulum<\/h2>\n\t<span class=\"price\">Desde <span class=\"woocommerce-Price-amount amount\"><bdi><span class=\"woocommerce-Price-currencySymbol\">&#36;<\/span>129<\/bdi><\/span> USD<\/span>\n<\/a><a href=\"?add-to-cart=1470\" data-quantity=\"1\" class=\"button product_type_simple add_to_cart_button \" data-product_id=\"1470\" data-product_sku=\"\" aria-label=\"Add to cart: &ldquo;Cob\u00e1 y Tulum&rdquo;\" rel=\"nofollow\">A\u00f1adir al carrito<\/a><\/li>\n<li class=\"tm-has-options product type-product post-1663 status-publish instock product_cat-sin-categorizar has-post-thumbnail shipping-taxable purchasable product-type-simple\">\n\t<a href=\"https:\/\/mayanruins.mx\/es\/tour\/tulum-discovery\/\" class=\"woocommerce-LoopProduct-link woocommerce-loop-product__link\"><img loading=\"lazy\" decoding=\"async\" width=\"300\" height=\"245\" src=\"https:\/\/mayanruins.mx\/es\/wp-content\/uploads\/sites\/2\/2017\/08\/tulum-maya-ruins-sea.jpg\" class=\"attachment-woocommerce_thumbnail size-woocommerce_thumbnail\" alt=\"\" srcset=\"https:\/\/mayanruins.mx\/es\/wp-content\/uploads\/sites\/2\/2017\/08\/tulum-maya-ruins-sea.jpg 450w, https:\/\/mayanruins.mx\/es\/wp-content\/uploads\/sites\/2\/2017\/08\/tulum-maya-ruins-sea-300x245.jpg 300w\" sizes=\"(max-width: 300px) 100vw, 300px\" \/><h2 class=\"woocommerce-loop-product__title\">Tulum Discovery<\/h2>\n\t<span class=\"price\">Desde <span class=\"woocommerce-Price-amount amount\"><bdi><span class=\"woocommerce-Price-currencySymbol\">&#36;<\/span>59<\/bdi><\/span> USD<\/span>\n<\/a><a href=\"?add-to-cart=1663\" data-quantity=\"1\" class=\"button product_type_simple add_to_cart_button \" data-product_id=\"1663\" data-product_sku=\"\" aria-label=\"Add to cart: &ldquo;Tulum Discovery&rdquo;\" rel=\"nofollow\">A\u00f1adir al carrito<\/a><\/li>\n<li class=\"tm-has-options product type-product post-1666 status-publish instock product_cat-sin-categorizar has-post-thumbnail shipping-taxable purchasable product-type-simple\">\n\t<a href=\"https:\/\/mayanruins.mx\/es\/tour\/tulum-por-la-tarde\/\" class=\"woocommerce-LoopProduct-link woocommerce-loop-product__link\"><img loading=\"lazy\" decoding=\"async\" width=\"300\" height=\"245\" src=\"https:\/\/mayanruins.mx\/es\/wp-content\/uploads\/sites\/2\/2017\/08\/mayan-ruins-tulum.jpg\" class=\"attachment-woocommerce_thumbnail size-woocommerce_thumbnail\" alt=\"\" srcset=\"https:\/\/mayanruins.mx\/es\/wp-content\/uploads\/sites\/2\/2017\/08\/mayan-ruins-tulum.jpg 450w, https:\/\/mayanruins.mx\/es\/wp-content\/uploads\/sites\/2\/2017\/08\/mayan-ruins-tulum-300x245.jpg 300w\" sizes=\"(max-width: 300px) 100vw, 300px\" \/><h2 class=\"woocommerce-loop-product__title\">Tulum por la Tarde<\/h2>\n\t<span class=\"price\">Desde <span class=\"woocommerce-Price-amount amount\"><bdi><span class=\"woocommerce-Price-currencySymbol\">&#36;<\/span>59<\/bdi><\/span> USD<\/span>\n<\/a><a href=\"?add-to-cart=1666\" data-quantity=\"1\" class=\"button product_type_simple add_to_cart_button \" data-product_id=\"1666\" data-product_sku=\"\" aria-label=\"Add to cart: &ldquo;Tulum por la Tarde&rdquo;\" rel=\"nofollow\">A\u00f1adir al carrito<\/a><\/li>\n<li class=\"tm-has-options product type-product post-1471 status-publish last instock product_cat-sin-categorizar has-post-thumbnail shipping-taxable purchasable product-type-simple\">\n\t<a href=\"https:\/\/mayanruins.mx\/es\/tour\/tulum-y-jungla-maya\/\" class=\"woocommerce-LoopProduct-link woocommerce-loop-product__link\"><img loading=\"lazy\" decoding=\"async\" width=\"300\" height=\"245\" src=\"https:\/\/mayanruins.mx\/es\/wp-content\/uploads\/sites\/2\/2017\/08\/explora-jungla-maya-tulum.jpg\" class=\"attachment-woocommerce_thumbnail size-woocommerce_thumbnail\" alt=\"\" srcset=\"https:\/\/mayanruins.mx\/es\/wp-content\/uploads\/sites\/2\/2017\/08\/explora-jungla-maya-tulum.jpg 450w, https:\/\/mayanruins.mx\/es\/wp-content\/uploads\/sites\/2\/2017\/08\/explora-jungla-maya-tulum-300x245.jpg 300w\" sizes=\"(max-width: 300px) 100vw, 300px\" \/><h2 class=\"woocommerce-loop-product__title\">Tulum y Jungla Maya<\/h2>\n\t<span class=\"price\">Desde <span class=\"woocommerce-Price-amount amount\"><bdi><span class=\"woocommerce-Price-currencySymbol\">&#36;<\/span>139<\/bdi><\/span> USD<\/span>\n<\/a><a href=\"?add-to-cart=1471\" data-quantity=\"1\" class=\"button product_type_simple add_to_cart_button \" data-product_id=\"1471\" data-product_sku=\"\" aria-label=\"Add to cart: &ldquo;Tulum y Jungla Maya&rdquo;\" rel=\"nofollow\">A\u00f1adir al carrito<\/a><\/li>\n<\/ul>\n<\/div>[\/vc_column][\/vc_row]<\/p>\n","protected":false},"excerpt":{"rendered":"<p>[vc_row][vc_column][vc_column_text] Descubre Tulum y nada en el cenote Zacil Ha Es la ciudad amurallada m\u00e1s famosa y emblem\u00e1tica del mar Caribe, gracias a que est\u00e1 asentada sobre un acantilado que tiene como vista el hermoso oc\u00e9ano de tonalidades azul turquesa. No hay mejor manera que conocer Tulum que de la mano de un gu\u00eda certificado, [&hellip;]<\/p>\n","protected":false},"featured_media":1517,"comment_status":"closed","ping_status":"closed","template":"","meta":[],"product_cat":[93],"product_tag":[],"class_list":{"0":"post-1683","1":"product","2":"type-product","3":"status-publish","4":"has-post-thumbnail","6":"product_cat-sin-categorizar","7":"tm-has-options","9":"first","10":"instock","11":"shipping-taxable","12":"purchasable","13":"product-type-simple"},"yoast_head":"<!-- This site is optimized with the Yoast SEO plugin v23.3 - https:\/\/yoast.com\/wordpress\/plugins\/seo\/ -->\n<title>Tour a Tulum y Cenote<\/title>\n<meta name=\"description\" content=\"Tulum es uno de los sitios arqueol\u00f3gicos m\u00e1s importantes de la cultura maya. Desc\u00fabrelo y sum\u00e9rgete en el Cenote Zahil Ha con este tour.\" \/>\n<meta name=\"robots\" content=\"noindex, follow\" \/>\n<meta property=\"og:locale\" content=\"es_MX\" \/>\n<meta property=\"og:type\" content=\"article\" \/>\n<meta property=\"og:title\" content=\"Tour a Tulum y Cenote\" \/>\n<meta property=\"og:description\" content=\"Tulum es uno de los sitios arqueol\u00f3gicos m\u00e1s importantes de la cultura maya. Desc\u00fabrelo y sum\u00e9rgete en el Cenote Zahil Ha con este tour.\" \/>\n<meta property=\"og:url\" content=\"https:\/\/mayanruins.mx\/es\/tour\/tulum-y-cenote\/\" \/>\n<meta property=\"og:site_name\" content=\"Mayan Ruins\" \/>\n<meta property=\"article:modified_time\" content=\"2017-10-12T19:06:50+00:00\" \/>\n<meta property=\"og:image\" content=\"https:\/\/mayanruins.mx\/es\/wp-content\/uploads\/sites\/2\/2017\/08\/tulum-maya-ruins-cenote.jpg\" \/>\n\t<meta property=\"og:image:width\" content=\"450\" \/>\n\t<meta property=\"og:image:height\" content=\"367\" \/>\n\t<meta property=\"og:image:type\" content=\"image\/jpeg\" \/>\n<meta name=\"twitter:card\" content=\"summary_large_image\" \/>\n<meta name=\"twitter:label1\" content=\"Tiempo de lectura\" \/>\n\t<meta name=\"twitter:data1\" content=\"4 minutos\" \/>\n<script type=\"application\/ld+json\" class=\"yoast-schema-graph\">{\"@context\":\"https:\/\/schema.org\",\"@graph\":[{\"@type\":\"WebPage\",\"@id\":\"https:\/\/mayanruins.mx\/es\/tour\/tulum-y-cenote\/\",\"url\":\"https:\/\/mayanruins.mx\/es\/tour\/tulum-y-cenote\/\",\"name\":\"Tour a Tulum y Cenote\",\"isPartOf\":{\"@id\":\"https:\/\/mayanruins.mx\/es\/#website\"},\"primaryImageOfPage\":{\"@id\":\"https:\/\/mayanruins.mx\/es\/tour\/tulum-y-cenote\/#primaryimage\"},\"image\":{\"@id\":\"https:\/\/mayanruins.mx\/es\/tour\/tulum-y-cenote\/#primaryimage\"},\"thumbnailUrl\":\"https:\/\/mayanruins.mx\/es\/wp-content\/uploads\/sites\/2\/2017\/08\/tulum-maya-ruins-cenote.jpg\",\"datePublished\":\"2017-09-22T18:30:40+00:00\",\"dateModified\":\"2017-10-12T19:06:50+00:00\",\"description\":\"Tulum es uno de los sitios arqueol\u00f3gicos m\u00e1s importantes de la cultura maya. Desc\u00fabrelo y sum\u00e9rgete en el Cenote Zahil Ha con este tour.\",\"breadcrumb\":{\"@id\":\"https:\/\/mayanruins.mx\/es\/tour\/tulum-y-cenote\/#breadcrumb\"},\"inLanguage\":\"es\",\"potentialAction\":[{\"@type\":\"ReadAction\",\"target\":[\"https:\/\/mayanruins.mx\/es\/tour\/tulum-y-cenote\/\"]}]},{\"@type\":\"ImageObject\",\"inLanguage\":\"es\",\"@id\":\"https:\/\/mayanruins.mx\/es\/tour\/tulum-y-cenote\/#primaryimage\",\"url\":\"https:\/\/mayanruins.mx\/es\/wp-content\/uploads\/sites\/2\/2017\/08\/tulum-maya-ruins-cenote.jpg\",\"contentUrl\":\"https:\/\/mayanruins.mx\/es\/wp-content\/uploads\/sites\/2\/2017\/08\/tulum-maya-ruins-cenote.jpg\",\"width\":\"450\",\"height\":\"367\"},{\"@type\":\"BreadcrumbList\",\"@id\":\"https:\/\/mayanruins.mx\/es\/tour\/tulum-y-cenote\/#breadcrumb\",\"itemListElement\":[{\"@type\":\"ListItem\",\"position\":1,\"name\":\"Home\",\"item\":\"https:\/\/mayanruins.mx\/es\/\"},{\"@type\":\"ListItem\",\"position\":2,\"name\":\"Productos\",\"item\":\"https:\/\/mayanruins.mx\/es\/shop\/\"},{\"@type\":\"ListItem\",\"position\":3,\"name\":\"Tulum y Cenote\"}]},{\"@type\":\"WebSite\",\"@id\":\"https:\/\/mayanruins.mx\/es\/#website\",\"url\":\"https:\/\/mayanruins.mx\/es\/\",\"name\":\"Mayan Ruins\",\"description\":\"\",\"potentialAction\":[{\"@type\":\"SearchAction\",\"target\":{\"@type\":\"EntryPoint\",\"urlTemplate\":\"https:\/\/mayanruins.mx\/es\/?s={search_term_string}\"},\"query-input\":\"required name=search_term_string\"}],\"inLanguage\":\"es\"}]}<\/script>\n<!-- \/ Yoast SEO plugin. -->","yoast_head_json":{"title":"Tour a Tulum y Cenote","description":"Tulum es uno de los sitios arqueol\u00f3gicos m\u00e1s importantes de la cultura maya. Desc\u00fabrelo y sum\u00e9rgete en el Cenote Zahil Ha con este tour.","robots":{"index":"noindex","follow":"follow"},"og_locale":"es_MX","og_type":"article","og_title":"Tour a Tulum y Cenote","og_description":"Tulum es uno de los sitios arqueol\u00f3gicos m\u00e1s importantes de la cultura maya. Desc\u00fabrelo y sum\u00e9rgete en el Cenote Zahil Ha con este tour.","og_url":"https:\/\/mayanruins.mx\/es\/tour\/tulum-y-cenote\/","og_site_name":"Mayan Ruins","article_modified_time":"2017-10-12T19:06:50+00:00","og_image":[{"width":450,"height":367,"url":"https:\/\/mayanruins.mx\/es\/wp-content\/uploads\/sites\/2\/2017\/08\/tulum-maya-ruins-cenote.jpg","type":"image\/jpeg"}],"twitter_card":"summary_large_image","twitter_misc":{"Tiempo de lectura":"4 minutos"},"schema":{"@context":"https:\/\/schema.org","@graph":[{"@type":"WebPage","@id":"https:\/\/mayanruins.mx\/es\/tour\/tulum-y-cenote\/","url":"https:\/\/mayanruins.mx\/es\/tour\/tulum-y-cenote\/","name":"Tour a Tulum y Cenote","isPartOf":{"@id":"https:\/\/mayanruins.mx\/es\/#website"},"primaryImageOfPage":{"@id":"https:\/\/mayanruins.mx\/es\/tour\/tulum-y-cenote\/#primaryimage"},"image":{"@id":"https:\/\/mayanruins.mx\/es\/tour\/tulum-y-cenote\/#primaryimage"},"thumbnailUrl":"https:\/\/mayanruins.mx\/es\/wp-content\/uploads\/sites\/2\/2017\/08\/tulum-maya-ruins-cenote.jpg","datePublished":"2017-09-22T18:30:40+00:00","dateModified":"2017-10-12T19:06:50+00:00","description":"Tulum es uno de los sitios arqueol\u00f3gicos m\u00e1s importantes de la cultura maya. Desc\u00fabrelo y sum\u00e9rgete en el Cenote Zahil Ha con este tour.","breadcrumb":{"@id":"https:\/\/mayanruins.mx\/es\/tour\/tulum-y-cenote\/#breadcrumb"},"inLanguage":"es","potentialAction":[{"@type":"ReadAction","target":["https:\/\/mayanruins.mx\/es\/tour\/tulum-y-cenote\/"]}]},{"@type":"ImageObject","inLanguage":"es","@id":"https:\/\/mayanruins.mx\/es\/tour\/tulum-y-cenote\/#primaryimage","url":"https:\/\/mayanruins.mx\/es\/wp-content\/uploads\/sites\/2\/2017\/08\/tulum-maya-ruins-cenote.jpg","contentUrl":"https:\/\/mayanruins.mx\/es\/wp-content\/uploads\/sites\/2\/2017\/08\/tulum-maya-ruins-cenote.jpg","width":"450","height":"367"},{"@type":"BreadcrumbList","@id":"https:\/\/mayanruins.mx\/es\/tour\/tulum-y-cenote\/#breadcrumb","itemListElement":[{"@type":"ListItem","position":1,"name":"Home","item":"https:\/\/mayanruins.mx\/es\/"},{"@type":"ListItem","position":2,"name":"Productos","item":"https:\/\/mayanruins.mx\/es\/shop\/"},{"@type":"ListItem","position":3,"name":"Tulum y Cenote"}]},{"@type":"WebSite","@id":"https:\/\/mayanruins.mx\/es\/#website","url":"https:\/\/mayanruins.mx\/es\/","name":"Mayan Ruins","description":"","potentialAction":[{"@type":"SearchAction","target":{"@type":"EntryPoint","urlTemplate":"https:\/\/mayanruins.mx\/es\/?s={search_term_string}"},"query-input":"required name=search_term_string"}],"inLanguage":"es"}]}},"_links":{"self":[{"href":"https:\/\/mayanruins.mx\/es\/wp-json\/wp\/v2\/product\/1683"}],"collection":[{"href":"https:\/\/mayanruins.mx\/es\/wp-json\/wp\/v2\/product"}],"about":[{"href":"https:\/\/mayanruins.mx\/es\/wp-json\/wp\/v2\/types\/product"}],"replies":[{"embeddable":true,"href":"https:\/\/mayanruins.mx\/es\/wp-json\/wp\/v2\/comments?post=1683"}],"wp:featuredmedia":[{"embeddable":true,"href":"https:\/\/mayanruins.mx\/es\/wp-json\/wp\/v2\/media\/1517"}],"wp:attachment":[{"href":"https:\/\/mayanruins.mx\/es\/wp-json\/wp\/v2\/media?parent=1683"}],"wp:term":[{"taxonomy":"product_cat","embeddable":true,"href":"https:\/\/mayanruins.mx\/es\/wp-json\/wp\/v2\/product_cat?post=1683"},{"taxonomy":"product_tag","embeddable":true,"href":"https:\/\/mayanruins.mx\/es\/wp-json\/wp\/v2\/product_tag?post=1683"}],"curies":[{"name":"wp","href":"https:\/\/api.w.org\/{rel}","templated":true}]}}