{"id":1670,"date":"2017-09-22T21:56:42","date_gmt":"2017-09-22T15:56:42","guid":{"rendered":"https:\/\/mayanruins.travel\/es\/?post_type=product&#038;p=1670"},"modified":"2017-10-20T20:31:23","modified_gmt":"2017-10-20T14:31:23","slug":"tulum-y-playa-del-carmen-sunset","status":"publish","type":"product","link":"https:\/\/mayanruins.mx\/es\/tour\/tulum-y-playa-del-carmen-sunset\/","title":{"rendered":"Tulum y Playa del Carmen Sunset"},"content":{"rendered":"<p>[vc_row][vc_column][vc_row_inner][vc_column_inner width=&#8221;1\/2&#8243;][vc_column_text]<\/p>\n<h2>\u00a1Conoce el Tour a Tulum y Playa del Carmen Sunset!<\/h2>\n<p>Si no deseas levantarte temprano en tus vacaciones pero quieres conocer\u00a0 todo acerca de Tulum y pasear por Playa del Carmen al atardecer, este es el tour ideal para ti.<\/p>\n<p>En este tour a Tulum podr\u00e1s disfrutar de la zona arqueol\u00f3gica que tiene la vista m\u00e1s hermosa de todo el mar Caribe, aprender\u00e1s todo acerca de esta cultura sin que las multitudes y el calor te molesten y disfruta de esta impresionante ciudad amurallada.<\/p>\n<p>Tulum tuvo una participaci\u00f3n muy activa en la cultura maya, gracias a la preciosa ubicaci\u00f3n que tiene, esto le dio la oportunidad de participar como intermediario en la navegaci\u00f3n y de comercio de otras ciudades mayas.<\/p>\n<p>Podr\u00e1s conocer todo de Tulum de la mano de uno de nuestros gu\u00edas certificados biling\u00fce, quien te compartir\u00e1 de la magia de este impresionante lugar.<\/p>\n<p>[\/vc_column_text][\/vc_column_inner][vc_column_inner width=&#8221;1\/2&#8243;][vc_single_image image=&#8221;1525&#8243; img_size=&#8221;full&#8221; alignment=&#8221;right&#8221;][\/vc_column_inner][\/vc_row_inner][vc_column_text]<\/p>\n<h3>\u00a1Disfruta de todos los ambientes de Tulum!<\/h3>\n<p>En cuanto termine el recorrido con el gu\u00eda tendr\u00e1s una hora para que tomes las mejores fotograf\u00edas, aprecies las ruinas, bajes a la playa, realices compras de souvenirs o disfrutes de un delicioso coco en los restaurantes.<\/p>\n<h3>Playa del Carmen te da la bienvenida al atardecer<\/h3>\n<p>En cuanto termines el recorrido en Tulum, tomaremos camino y pasaremos por Playa del Carmen as\u00ed\u00a0 conocer\u00e1s una de las m\u00e1s emblem\u00e1ticas avenidas: la Quinta Avenida. Esta calle al atardecer es un lugar lleno de fiesta, as\u00ed que aprovecha para disfrutar de todo lo que se encuentra ah\u00ed.<\/p>\n<p>Mientras nos encontremos en Playa del Carmen te llevaremos al Museo del Tequila para que degustes de los mejores tequilas producidos en M\u00e9xico. Sabemos que te encantar\u00e1n \u00a1Salud![\/vc_column_text][\/vc_column][\/vc_row][vc_row][vc_column]<div class=\"slz-shortcode block-title-133860103969e1b4c3817f3 \">\r\n<h3 class=\"slz-shortcode title-style-3\">\u00bfQu\u00e9 incluye el tour?<\/h3><\/div>\r\n<div class=\"slz-shortcode item-list-style06 item-list-23038631269e1b4c3818f6 wrapper-journey \" data-item=4><div class=\"item feature-item\"><i class=\"icon-journey fa fa-car\"><\/i><div class=\"text\">Traslado de\/hasta tu hotel<\/div><\/div><div class=\"item feature-item\"><i class=\"icon-journey flaticon-cup\"><\/i><div class=\"text\">Bebidas no alcoh\u00f3licas <\/div><\/div><div class=\"item feature-item\"><i class=\"icon-journey fa fa-train\"><\/i><div class=\"text\">Paseo en tren hasta las ruinas<\/div><\/div><div class=\"item feature-item\"><i class=\"icon-journey fa fa-map-marker\"><\/i><div class=\"text\">Entrada a Tulum <\/div><\/div><\/div><div class=\"slz-shortcode item-list-style06 item-list-15102952369e1b4c3819b2 wrapper-journey \" data-item=3><div class=\"item feature-item\"><i class=\"icon-journey flaticon-man\"><\/i><div class=\"text\">Gu\u00eda certificado biling\u00fce (2 horas)<\/div><\/div><div class=\"item feature-item\"><i class=\"icon-journey iconmoon-smiling-face\"><\/i><div class=\"text\">Degustaci\u00f3n de tequila<\/div><\/div><div class=\"item feature-item\"><i class=\"icon-journey fa fa-camera\"><\/i><div class=\"text\">Paseo por Playa del Carmen<\/div><\/div><\/div>[\/vc_column][\/vc_row][vc_row css=&#8221;.vc_custom_1506441028905{padding-top: 60px !important;}&#8221;][vc_column]<div class=\"slz-shortcode tour-schedule overview-block clearfix \">\r\n\t\t<h3 class=\"title-style-3\">Itinerario<\/h3>\r\n\t\r\n\t<div class=\"timeline-container\">\r\n\t\t<div class=\"timeline\">\r\n\t\t\t\t\t\t<div class=\"timeline-block timeline-1\">\r\n\t\t\t\t<div class=\"timeline-title\">\r\n\t\t\t\t\t<span>12:00 p.m.<\/span>\r\n\t\t\t\t<\/div>\r\n\t\t\t\t<div class=\"timeline-content medium-margin-top\">\r\n\t\t\t\t\t<div class=\"row\">\r\n\t\t\t\t\t\t<div class=\"timeline-point\"><i class=\"fa fa-circle-o\"><\/i><\/div>\r\n\t\t\t\t\t\t<div class=\"timeline-custom-col content-col \">\r\n\t\t\t\t\t\t\t<div class=\"timeline-location-block\">\r\n\t\t\t\t\t\t\t\t<p class=\"location-name\">\r\n\t\t\t\t\t\t\t\t\tPick up \t\t\t\t\t\t\t\t\t\t\t\t\t\t\t\t\t\t<i class=\"fa fa-map-marker icon-marker\"><\/i>\r\n\t\t\t\t\t\t\t\t\t\t\t\t\t\t\t\t\t<\/p>\r\n\t\t\t\t\t\t\t\t<div class=\"description\">\r\n\t\t\t\t\t\t\t\t\tTodo comenzar\u00e1 en punto de las 12:00 horas, cuando pasemos por ti hasta la puerta de tu hotel, mientras llegamos a la ciudad amurallada te deleitaremos con bebidas para que te mantengas hidratado.\t\t\t\t\t\t\t\t<\/div>\r\n\t\t\t\t\t\t\t<\/div>\r\n\t\t\t\t\t\t<\/div>\r\n\t\t\t\t\t\t<div class=\"timeline-custom-col image-col\" data-slick=\"{&quot;slidesToShow&quot;:1,&quot;slidesToScroll&quot;:1,&quot;dots&quot;:true,&quot;arrows&quot;:true,&quot;autoplay&quot;:true,&quot;infinite&quot;:true,&quot;speed&quot;:300,&quot;fade&quot;:false}\"><div class=\"timeline-image-block items\"><img decoding=\"async\" src=\"https:\/\/mayanruins.mx\/es\/wp-content\/uploads\/sites\/2\/2017\/08\/ek-balam-mayan-ruins-pick-up.jpg\" alt=\"\"><\/div><\/div>\t\t\t\t\t<\/div>\r\n\t\t\t\t<\/div>\r\n\t\t\t<\/div>\r\n\t\t\t\t\t\t<div class=\"timeline-block timeline-2\">\r\n\t\t\t\t<div class=\"timeline-title\">\r\n\t\t\t\t\t<span><\/span>\r\n\t\t\t\t<\/div>\r\n\t\t\t\t<div class=\"timeline-content medium-margin-top\">\r\n\t\t\t\t\t<div class=\"row\">\r\n\t\t\t\t\t\t<div class=\"timeline-point\"><i class=\"fa fa-circle-o\"><\/i><\/div>\r\n\t\t\t\t\t\t<div class=\"timeline-custom-col content-col \">\r\n\t\t\t\t\t\t\t<div class=\"timeline-location-block\">\r\n\t\t\t\t\t\t\t\t<p class=\"location-name\">\r\n\t\t\t\t\t\t\t\t\tTulum \t\t\t\t\t\t\t\t\t\t\t\t\t\t\t\t\t\t<i class=\"fa fa-map-marker icon-marker\"><\/i>\r\n\t\t\t\t\t\t\t\t\t\t\t\t\t\t\t\t\t<\/p>\r\n\t\t\t\t\t\t\t\t<div class=\"description\">\r\n\t\t\t\t\t\t\t\t\tAl llegar a Tulum, un gu\u00eda certificado biling\u00fce te llevar\u00e1 por el mundo maya para que conozcas todo acerca de la incre\u00edble comunidad que habit\u00f3 en Tulum, podr\u00e1s descubrir cada ruina y adentrarte en la playa si as\u00ed lo deseas. \t\t\t\t\t\t\t\t<\/div>\r\n\t\t\t\t\t\t\t<\/div>\r\n\t\t\t\t\t\t<\/div>\r\n\t\t\t\t\t\t<div class=\"timeline-custom-col image-col\" data-slick=\"{&quot;slidesToShow&quot;:1,&quot;slidesToScroll&quot;:1,&quot;dots&quot;:true,&quot;arrows&quot;:true,&quot;autoplay&quot;:true,&quot;infinite&quot;:true,&quot;speed&quot;:300,&quot;fade&quot;:false}\"><div class=\"timeline-image-block items\"><img decoding=\"async\" src=\"https:\/\/mayanruins.mx\/es\/wp-content\/uploads\/sites\/2\/2017\/08\/tulum-tour-mayan-ruins-cenote-y-playa-del-carmen.jpg\" alt=\"\"><\/div><\/div>\t\t\t\t\t<\/div>\r\n\t\t\t\t<\/div>\r\n\t\t\t<\/div>\r\n\t\t\t\t\t\t<div class=\"timeline-block timeline-3\">\r\n\t\t\t\t<div class=\"timeline-title\">\r\n\t\t\t\t\t<span>3:00 pm<\/span>\r\n\t\t\t\t<\/div>\r\n\t\t\t\t<div class=\"timeline-content medium-margin-top\">\r\n\t\t\t\t\t<div class=\"row\">\r\n\t\t\t\t\t\t<div class=\"timeline-point\"><i class=\"fa fa-circle-o\"><\/i><\/div>\r\n\t\t\t\t\t\t<div class=\"timeline-custom-col content-col \">\r\n\t\t\t\t\t\t\t<div class=\"timeline-location-block\">\r\n\t\t\t\t\t\t\t\t<p class=\"location-name\">\r\n\t\t\t\t\t\t\t\t\tPlaya del Carmen\t\t\t\t\t\t\t\t\t\t\t\t\t\t\t\t\t\t<i class=\"fa fa-map-marker icon-marker\"><\/i>\r\n\t\t\t\t\t\t\t\t\t\t\t\t\t\t\t\t\t<\/p>\r\n\t\t\t\t\t\t\t\t<div class=\"description\">\r\n\t\t\t\t\t\t\t\t\tExactamente a las 15:00 hrs, tomaremos nuevamente camino hacia Playa del Carmen, ah\u00ed visitaremos la famosa Quinta Avenida, conocer\u00e1s el Museo del Tequila para despu\u00e9s disfrutar de 3 horas libres para que puedas tomar un caf\u00e9, hacer compras y pasear. \nEstar\u00e1s de vuelta en tu hotel alrededor de las 9:45 pm para la cena.\t\t\t\t\t\t\t\t<\/div>\r\n\t\t\t\t\t\t\t<\/div>\r\n\t\t\t\t\t\t<\/div>\r\n\t\t\t\t\t\t<div class=\"timeline-custom-col image-col\" data-slick=\"{&quot;slidesToShow&quot;:1,&quot;slidesToScroll&quot;:1,&quot;dots&quot;:true,&quot;arrows&quot;:true,&quot;autoplay&quot;:true,&quot;infinite&quot;:true,&quot;speed&quot;:300,&quot;fade&quot;:false}\"><div class=\"timeline-image-block items\"><img decoding=\"async\" src=\"https:\/\/mayanruins.mx\/es\/wp-content\/uploads\/sites\/2\/2017\/08\/playa-del-carmen-tour-en-mayan-ruins.jpg\" alt=\"\"><\/div><div class=\"timeline-image-block items\"><img decoding=\"async\" src=\"https:\/\/mayanruins.mx\/es\/wp-content\/uploads\/sites\/2\/2017\/08\/museo-del-tequila-en-cancun.jpg\" alt=\"\"><\/div><div class=\"timeline-image-block items\"><img decoding=\"async\" src=\"https:\/\/mayanruins.mx\/es\/wp-content\/uploads\/sites\/2\/2017\/08\/pick-up-mayan-ruins.jpg\" alt=\"\"><\/div><\/div>\t\t\t\t\t<\/div>\r\n\t\t\t\t<\/div>\r\n\t\t\t<\/div>\r\n\t\t\t\t\t<\/div>\r\n\t<\/div>\r\n<\/div>\r\n<div class=\"slz-shortcode block-title-175349177069e1b4c3844c4 \">\r\n<h3 class=\"slz-shortcode title-style-3\">Horario sujeto a cambios<\/h3><\/div>\r\n[\/vc_column][\/vc_row][vc_row][vc_column][vc_empty_space][vc_column_text]<\/p>\n<p style=\"font-size: 30px;\">Explorar m\u00e1s tours en Tulum<\/p>\n<p>[\/vc_column_text]<div class=\"woocommerce columns-4 \"><ul class=\"products columns-4\">\n<li class=\"tm-has-options product type-product post-1666 status-publish first instock product_cat-sin-categorizar has-post-thumbnail shipping-taxable purchasable product-type-simple\">\n\t<a href=\"https:\/\/mayanruins.mx\/es\/tour\/tulum-por-la-tarde\/\" class=\"woocommerce-LoopProduct-link woocommerce-loop-product__link\"><img loading=\"lazy\" decoding=\"async\" width=\"300\" height=\"245\" src=\"https:\/\/mayanruins.mx\/es\/wp-content\/uploads\/sites\/2\/2017\/08\/mayan-ruins-tulum.jpg\" class=\"attachment-woocommerce_thumbnail size-woocommerce_thumbnail\" alt=\"\" srcset=\"https:\/\/mayanruins.mx\/es\/wp-content\/uploads\/sites\/2\/2017\/08\/mayan-ruins-tulum.jpg 450w, https:\/\/mayanruins.mx\/es\/wp-content\/uploads\/sites\/2\/2017\/08\/mayan-ruins-tulum-300x245.jpg 300w\" sizes=\"(max-width: 300px) 100vw, 300px\" \/><h2 class=\"woocommerce-loop-product__title\">Tulum por la Tarde<\/h2>\n\t<span class=\"price\">Desde <span class=\"woocommerce-Price-amount amount\"><bdi><span class=\"woocommerce-Price-currencySymbol\">&#36;<\/span>59<\/bdi><\/span> USD<\/span>\n<\/a><a href=\"?add-to-cart=1666\" data-quantity=\"1\" class=\"button product_type_simple add_to_cart_button \" data-product_id=\"1666\" data-product_sku=\"\" aria-label=\"Add to cart: &ldquo;Tulum por la Tarde&rdquo;\" rel=\"nofollow\">A\u00f1adir al carrito<\/a><\/li>\n<li class=\"tm-has-options product type-product post-1475 status-publish instock product_cat-sin-categorizar has-post-thumbnail shipping-taxable purchasable product-type-simple\">\n\t<a href=\"https:\/\/mayanruins.mx\/es\/tour\/tulum-privado\/\" class=\"woocommerce-LoopProduct-link woocommerce-loop-product__link\"><img loading=\"lazy\" decoding=\"async\" width=\"300\" height=\"245\" src=\"https:\/\/mayanruins.mx\/es\/wp-content\/uploads\/sites\/2\/2017\/08\/ruins-at-tulum-in-tour-with-mayan-ruins.jpg\" class=\"attachment-woocommerce_thumbnail size-woocommerce_thumbnail\" alt=\"\" srcset=\"https:\/\/mayanruins.mx\/es\/wp-content\/uploads\/sites\/2\/2017\/08\/ruins-at-tulum-in-tour-with-mayan-ruins.jpg 450w, https:\/\/mayanruins.mx\/es\/wp-content\/uploads\/sites\/2\/2017\/08\/ruins-at-tulum-in-tour-with-mayan-ruins-300x245.jpg 300w\" sizes=\"(max-width: 300px) 100vw, 300px\" \/><h2 class=\"woocommerce-loop-product__title\">Tulum Privado<\/h2>\n\t<span class=\"price\">Desde <span class=\"woocommerce-Price-amount amount\"><bdi><span class=\"woocommerce-Price-currencySymbol\">&#36;<\/span>65<\/bdi><\/span> USD<\/span>\n<\/a><a href=\"?add-to-cart=1475\" data-quantity=\"1\" class=\"button product_type_simple add_to_cart_button \" data-product_id=\"1475\" data-product_sku=\"\" aria-label=\"Add to cart: &ldquo;Tulum Privado&rdquo;\" rel=\"nofollow\">A\u00f1adir al carrito<\/a><\/li>\n<li class=\"tm-has-options product type-product post-1683 status-publish instock product_cat-sin-categorizar has-post-thumbnail shipping-taxable purchasable product-type-simple\">\n\t<a href=\"https:\/\/mayanruins.mx\/es\/tour\/tulum-y-cenote\/\" class=\"woocommerce-LoopProduct-link woocommerce-loop-product__link\"><img loading=\"lazy\" decoding=\"async\" width=\"300\" height=\"245\" src=\"https:\/\/mayanruins.mx\/es\/wp-content\/uploads\/sites\/2\/2017\/08\/tulum-maya-ruins-cenote.jpg\" class=\"attachment-woocommerce_thumbnail size-woocommerce_thumbnail\" alt=\"\" srcset=\"https:\/\/mayanruins.mx\/es\/wp-content\/uploads\/sites\/2\/2017\/08\/tulum-maya-ruins-cenote.jpg 450w, https:\/\/mayanruins.mx\/es\/wp-content\/uploads\/sites\/2\/2017\/08\/tulum-maya-ruins-cenote-300x245.jpg 300w\" sizes=\"(max-width: 300px) 100vw, 300px\" \/><h2 class=\"woocommerce-loop-product__title\">Tulum y Cenote<\/h2>\n\t<span class=\"price\">Desde <span class=\"woocommerce-Price-amount amount\"><bdi><span class=\"woocommerce-Price-currencySymbol\">&#36;<\/span>59<\/bdi><\/span> USD<\/span>\n<\/a><a href=\"?add-to-cart=1683\" data-quantity=\"1\" class=\"button product_type_simple add_to_cart_button \" data-product_id=\"1683\" data-product_sku=\"\" aria-label=\"Add to cart: &ldquo;Tulum y Cenote&rdquo;\" rel=\"nofollow\">A\u00f1adir al carrito<\/a><\/li>\n<li class=\"tm-has-options product type-product post-1469 status-publish last instock product_cat-sin-categorizar has-post-thumbnail shipping-taxable purchasable product-type-simple\">\n\t<a href=\"https:\/\/mayanruins.mx\/es\/tour\/tulum-cenote-y-playa-del-carmen\/\" class=\"woocommerce-LoopProduct-link woocommerce-loop-product__link\"><img loading=\"lazy\" decoding=\"async\" width=\"300\" height=\"245\" src=\"https:\/\/mayanruins.mx\/es\/wp-content\/uploads\/sites\/2\/2017\/08\/tulum-tour-maya-ruins.jpg\" class=\"attachment-woocommerce_thumbnail size-woocommerce_thumbnail\" alt=\"\" srcset=\"https:\/\/mayanruins.mx\/es\/wp-content\/uploads\/sites\/2\/2017\/08\/tulum-tour-maya-ruins.jpg 450w, https:\/\/mayanruins.mx\/es\/wp-content\/uploads\/sites\/2\/2017\/08\/tulum-tour-maya-ruins-300x245.jpg 300w\" sizes=\"(max-width: 300px) 100vw, 300px\" \/><h2 class=\"woocommerce-loop-product__title\">Tulum, Cenote y Playa del Carmen<\/h2>\n\t<span class=\"price\">Desde <span class=\"woocommerce-Price-amount amount\"><bdi><span class=\"woocommerce-Price-currencySymbol\">&#36;<\/span>59<\/bdi><\/span> USD<\/span>\n<\/a><a href=\"?add-to-cart=1469\" data-quantity=\"1\" class=\"button product_type_simple add_to_cart_button \" data-product_id=\"1469\" data-product_sku=\"\" aria-label=\"Add to cart: &ldquo;Tulum, Cenote y Playa del Carmen&rdquo;\" rel=\"nofollow\">A\u00f1adir al carrito<\/a><\/li>\n<\/ul>\n<\/div>[\/vc_column][\/vc_row]<\/p>\n","protected":false},"excerpt":{"rendered":"<p>[vc_row][vc_column][vc_row_inner][vc_column_inner width=&#8221;1\/2&#8243;][vc_column_text] \u00a1Conoce el Tour a Tulum y Playa del Carmen Sunset! Si no deseas levantarte temprano en tus vacaciones pero quieres conocer\u00a0 todo acerca de Tulum y pasear por Playa del Carmen al atardecer, este es el tour ideal para ti. En este tour a Tulum podr\u00e1s disfrutar de la zona arqueol\u00f3gica que tiene [&hellip;]<\/p>\n","protected":false},"featured_media":1521,"comment_status":"open","ping_status":"closed","template":"","meta":[],"product_cat":[93],"product_tag":[],"class_list":{"0":"post-1670","1":"product","2":"type-product","3":"status-publish","4":"has-post-thumbnail","6":"product_cat-sin-categorizar","7":"tm-has-options","9":"first","10":"instock","11":"shipping-taxable","12":"purchasable","13":"product-type-simple"},"yoast_head":"<!-- This site is optimized with the Yoast SEO plugin v23.3 - https:\/\/yoast.com\/wordpress\/plugins\/seo\/ -->\n<title>Tour a Tulum y Playa del Carmen Sunset<\/title>\n<meta name=\"description\" content=\"Disfruta de tus vacaciones en Tulum y Playa del Carmen sin tanta gente y sin calor. Viaja por la tarde y disfruta del atardecer.\" \/>\n<meta name=\"robots\" content=\"noindex, follow\" \/>\n<meta property=\"og:locale\" content=\"es_MX\" \/>\n<meta property=\"og:type\" content=\"article\" \/>\n<meta property=\"og:title\" content=\"Tour a Tulum y Playa del Carmen Sunset\" \/>\n<meta property=\"og:description\" content=\"Disfruta de tus vacaciones en Tulum y Playa del Carmen sin tanta gente y sin calor. Viaja por la tarde y disfruta del atardecer.\" \/>\n<meta property=\"og:url\" content=\"https:\/\/mayanruins.mx\/es\/tour\/tulum-y-playa-del-carmen-sunset\/\" \/>\n<meta property=\"og:site_name\" content=\"Mayan Ruins\" \/>\n<meta property=\"article:modified_time\" content=\"2017-10-20T14:31:23+00:00\" \/>\n<meta property=\"og:image\" content=\"https:\/\/mayanruins.mx\/es\/wp-content\/uploads\/sites\/2\/2017\/08\/mayan-ruins-tulum-in-mexico.jpg\" \/>\n\t<meta property=\"og:image:width\" content=\"450\" \/>\n\t<meta property=\"og:image:height\" content=\"367\" \/>\n\t<meta property=\"og:image:type\" content=\"image\/jpeg\" \/>\n<meta name=\"twitter:card\" content=\"summary_large_image\" \/>\n<meta name=\"twitter:label1\" content=\"Tiempo de lectura\" \/>\n\t<meta name=\"twitter:data1\" content=\"4 minutos\" \/>\n<script type=\"application\/ld+json\" class=\"yoast-schema-graph\">{\"@context\":\"https:\/\/schema.org\",\"@graph\":[{\"@type\":\"WebPage\",\"@id\":\"https:\/\/mayanruins.mx\/es\/tour\/tulum-y-playa-del-carmen-sunset\/\",\"url\":\"https:\/\/mayanruins.mx\/es\/tour\/tulum-y-playa-del-carmen-sunset\/\",\"name\":\"Tour a Tulum y Playa del Carmen Sunset\",\"isPartOf\":{\"@id\":\"https:\/\/mayanruins.mx\/es\/#website\"},\"primaryImageOfPage\":{\"@id\":\"https:\/\/mayanruins.mx\/es\/tour\/tulum-y-playa-del-carmen-sunset\/#primaryimage\"},\"image\":{\"@id\":\"https:\/\/mayanruins.mx\/es\/tour\/tulum-y-playa-del-carmen-sunset\/#primaryimage\"},\"thumbnailUrl\":\"https:\/\/mayanruins.mx\/es\/wp-content\/uploads\/sites\/2\/2017\/08\/mayan-ruins-tulum-in-mexico.jpg\",\"datePublished\":\"2017-09-22T15:56:42+00:00\",\"dateModified\":\"2017-10-20T14:31:23+00:00\",\"description\":\"Disfruta de tus vacaciones en Tulum y Playa del Carmen sin tanta gente y sin calor. Viaja por la tarde y disfruta del atardecer.\",\"breadcrumb\":{\"@id\":\"https:\/\/mayanruins.mx\/es\/tour\/tulum-y-playa-del-carmen-sunset\/#breadcrumb\"},\"inLanguage\":\"es\",\"potentialAction\":[{\"@type\":\"ReadAction\",\"target\":[\"https:\/\/mayanruins.mx\/es\/tour\/tulum-y-playa-del-carmen-sunset\/\"]}]},{\"@type\":\"ImageObject\",\"inLanguage\":\"es\",\"@id\":\"https:\/\/mayanruins.mx\/es\/tour\/tulum-y-playa-del-carmen-sunset\/#primaryimage\",\"url\":\"https:\/\/mayanruins.mx\/es\/wp-content\/uploads\/sites\/2\/2017\/08\/mayan-ruins-tulum-in-mexico.jpg\",\"contentUrl\":\"https:\/\/mayanruins.mx\/es\/wp-content\/uploads\/sites\/2\/2017\/08\/mayan-ruins-tulum-in-mexico.jpg\",\"width\":\"450\",\"height\":\"367\"},{\"@type\":\"BreadcrumbList\",\"@id\":\"https:\/\/mayanruins.mx\/es\/tour\/tulum-y-playa-del-carmen-sunset\/#breadcrumb\",\"itemListElement\":[{\"@type\":\"ListItem\",\"position\":1,\"name\":\"Home\",\"item\":\"https:\/\/mayanruins.mx\/es\/\"},{\"@type\":\"ListItem\",\"position\":2,\"name\":\"Productos\",\"item\":\"https:\/\/mayanruins.mx\/es\/shop\/\"},{\"@type\":\"ListItem\",\"position\":3,\"name\":\"Tulum y Playa del Carmen Sunset\"}]},{\"@type\":\"WebSite\",\"@id\":\"https:\/\/mayanruins.mx\/es\/#website\",\"url\":\"https:\/\/mayanruins.mx\/es\/\",\"name\":\"Mayan Ruins\",\"description\":\"\",\"potentialAction\":[{\"@type\":\"SearchAction\",\"target\":{\"@type\":\"EntryPoint\",\"urlTemplate\":\"https:\/\/mayanruins.mx\/es\/?s={search_term_string}\"},\"query-input\":\"required name=search_term_string\"}],\"inLanguage\":\"es\"}]}<\/script>\n<!-- \/ Yoast SEO plugin. -->","yoast_head_json":{"title":"Tour a Tulum y Playa del Carmen Sunset","description":"Disfruta de tus vacaciones en Tulum y Playa del Carmen sin tanta gente y sin calor. Viaja por la tarde y disfruta del atardecer.","robots":{"index":"noindex","follow":"follow"},"og_locale":"es_MX","og_type":"article","og_title":"Tour a Tulum y Playa del Carmen Sunset","og_description":"Disfruta de tus vacaciones en Tulum y Playa del Carmen sin tanta gente y sin calor. Viaja por la tarde y disfruta del atardecer.","og_url":"https:\/\/mayanruins.mx\/es\/tour\/tulum-y-playa-del-carmen-sunset\/","og_site_name":"Mayan Ruins","article_modified_time":"2017-10-20T14:31:23+00:00","og_image":[{"width":450,"height":367,"url":"https:\/\/mayanruins.mx\/es\/wp-content\/uploads\/sites\/2\/2017\/08\/mayan-ruins-tulum-in-mexico.jpg","type":"image\/jpeg"}],"twitter_card":"summary_large_image","twitter_misc":{"Tiempo de lectura":"4 minutos"},"schema":{"@context":"https:\/\/schema.org","@graph":[{"@type":"WebPage","@id":"https:\/\/mayanruins.mx\/es\/tour\/tulum-y-playa-del-carmen-sunset\/","url":"https:\/\/mayanruins.mx\/es\/tour\/tulum-y-playa-del-carmen-sunset\/","name":"Tour a Tulum y Playa del Carmen Sunset","isPartOf":{"@id":"https:\/\/mayanruins.mx\/es\/#website"},"primaryImageOfPage":{"@id":"https:\/\/mayanruins.mx\/es\/tour\/tulum-y-playa-del-carmen-sunset\/#primaryimage"},"image":{"@id":"https:\/\/mayanruins.mx\/es\/tour\/tulum-y-playa-del-carmen-sunset\/#primaryimage"},"thumbnailUrl":"https:\/\/mayanruins.mx\/es\/wp-content\/uploads\/sites\/2\/2017\/08\/mayan-ruins-tulum-in-mexico.jpg","datePublished":"2017-09-22T15:56:42+00:00","dateModified":"2017-10-20T14:31:23+00:00","description":"Disfruta de tus vacaciones en Tulum y Playa del Carmen sin tanta gente y sin calor. Viaja por la tarde y disfruta del atardecer.","breadcrumb":{"@id":"https:\/\/mayanruins.mx\/es\/tour\/tulum-y-playa-del-carmen-sunset\/#breadcrumb"},"inLanguage":"es","potentialAction":[{"@type":"ReadAction","target":["https:\/\/mayanruins.mx\/es\/tour\/tulum-y-playa-del-carmen-sunset\/"]}]},{"@type":"ImageObject","inLanguage":"es","@id":"https:\/\/mayanruins.mx\/es\/tour\/tulum-y-playa-del-carmen-sunset\/#primaryimage","url":"https:\/\/mayanruins.mx\/es\/wp-content\/uploads\/sites\/2\/2017\/08\/mayan-ruins-tulum-in-mexico.jpg","contentUrl":"https:\/\/mayanruins.mx\/es\/wp-content\/uploads\/sites\/2\/2017\/08\/mayan-ruins-tulum-in-mexico.jpg","width":"450","height":"367"},{"@type":"BreadcrumbList","@id":"https:\/\/mayanruins.mx\/es\/tour\/tulum-y-playa-del-carmen-sunset\/#breadcrumb","itemListElement":[{"@type":"ListItem","position":1,"name":"Home","item":"https:\/\/mayanruins.mx\/es\/"},{"@type":"ListItem","position":2,"name":"Productos","item":"https:\/\/mayanruins.mx\/es\/shop\/"},{"@type":"ListItem","position":3,"name":"Tulum y Playa del Carmen Sunset"}]},{"@type":"WebSite","@id":"https:\/\/mayanruins.mx\/es\/#website","url":"https:\/\/mayanruins.mx\/es\/","name":"Mayan Ruins","description":"","potentialAction":[{"@type":"SearchAction","target":{"@type":"EntryPoint","urlTemplate":"https:\/\/mayanruins.mx\/es\/?s={search_term_string}"},"query-input":"required name=search_term_string"}],"inLanguage":"es"}]}},"_links":{"self":[{"href":"https:\/\/mayanruins.mx\/es\/wp-json\/wp\/v2\/product\/1670"}],"collection":[{"href":"https:\/\/mayanruins.mx\/es\/wp-json\/wp\/v2\/product"}],"about":[{"href":"https:\/\/mayanruins.mx\/es\/wp-json\/wp\/v2\/types\/product"}],"replies":[{"embeddable":true,"href":"https:\/\/mayanruins.mx\/es\/wp-json\/wp\/v2\/comments?post=1670"}],"wp:featuredmedia":[{"embeddable":true,"href":"https:\/\/mayanruins.mx\/es\/wp-json\/wp\/v2\/media\/1521"}],"wp:attachment":[{"href":"https:\/\/mayanruins.mx\/es\/wp-json\/wp\/v2\/media?parent=1670"}],"wp:term":[{"taxonomy":"product_cat","embeddable":true,"href":"https:\/\/mayanruins.mx\/es\/wp-json\/wp\/v2\/product_cat?post=1670"},{"taxonomy":"product_tag","embeddable":true,"href":"https:\/\/mayanruins.mx\/es\/wp-json\/wp\/v2\/product_tag?post=1670"}],"curies":[{"name":"wp","href":"https:\/\/api.w.org\/{rel}","templated":true}]}}