{"id":1478,"date":"2017-08-30T22:54:29","date_gmt":"2017-08-30T16:54:29","guid":{"rendered":"https:\/\/mayanruins.travel\/?post_type=product&#038;p=1478"},"modified":"2017-10-21T03:37:10","modified_gmt":"2017-10-20T21:37:10","slug":"chichen-itza-privado","status":"publish","type":"product","link":"https:\/\/mayanruins.mx\/es\/tour\/chichen-itza-privado\/","title":{"rendered":"Chichen Itz\u00e1 Privado"},"content":{"rendered":"<p>[vc_row][vc_column][vc_column_text]<\/p>\n<h3><span style=\"font-weight: bold;\">Todos los tours incluyen<\/span><\/h3>\n<p>[\/vc_column_text]<div class=\"slz-shortcode item-list-style06 item-list-202569398569e1b730becab wrapper-journey \" data-item=5><div class=\"item feature-item\"><i class=\"icon-journey fa fa-car\"><\/i><div class=\"text\">Van Privada<\/div><\/div><div class=\"item feature-item\"><i class=\"icon-journey flaticon-man\"><\/i><div class=\"text\">Gu\u00eda Certificado Biling\u00fce <\/div><\/div><div class=\"item feature-item\"><i class=\"icon-journey fa fa-camera\"><\/i><div class=\"text\">Entrada a Chichen Itz\u00e1<\/div><\/div><div class=\"item feature-item\"><i class=\"icon-journey fa fa-map-marker\"><\/i><div class=\"text\">Entrada a Cenote Hubiku<\/div><\/div><div class=\"item feature-item\"><i class=\"icon-journey fa fa-eye\"><\/i><div class=\"text\">Visita a Valladolid<\/div><\/div><\/div>[\/vc_column][\/vc_row][vc_row][vc_column][vc_column_text css=&#8221;.vc_custom_1507151021415{margin-bottom: 0px !important;}&#8221;]<\/p>\n<h3><span style=\"font-weight: bold;\">Elige la experiencia que m\u00e1s se te guste<\/span><\/h3>\n<p>[\/vc_column_text]\r\n\t\t\t<div id=\"toggle-box-169990051569e1b730bed7a\" class=\"slz-shortcode panel-group wrapper-accordion \">\r\n\t\t\t\t<div class=\"panel\">\r\n\t\t\t\t\t<div class=\"panel-heading\">\r\n\t\t\t\t\t\t<h5 class=\"panel-title\">\r\n\t\t\t\t\t\t\t<a data-toggle=\"collapse\" href=\"#169990051569e1b730bed7a-collapse-1\" aria-expanded=\"false\" class=\"accordion-toggle collapsed\">Chichen Itz\u00e1 Privado B\u00e1sico<\/a>\r\n\t\t\t\t\t\t<\/h5>\r\n\t\t\t\t\t<\/div>\r\n\t\t\t\t\t<div id=\"169990051569e1b730bed7a-collapse-1\" aria-expanded=\"false\" class=\"panel-collapse collapse\" role=\"tabpanel\">\r\n\t\t\t\t\t\t<div class=\"panel-body\">\t\u2022\tVan Privada<br \/>\n\t\u2022\tGu\u00eda Certificado Biling\u00fce <br \/>\n\t\u2022\tEntrada a Chichen Itz\u00e1 <br \/>\n\t\u2022\tBuffet Yucateco (no incluye bebidas)<br \/>\n\t\u2022\tEntrada a Cenote Hubiku <br \/>\n\t\u2022\tVisita a Valladolid<br \/>\n<\/div>\r\n\t\t\t\t\t<\/div>\r\n\t\t\t\t<\/div>\r\n\t\t\t\t<div class=\"panel\">\r\n\t\t\t\t\t<div class=\"panel-heading\">\r\n\t\t\t\t\t\t<h5 class=\"panel-title\">\r\n\t\t\t\t\t\t\t<a data-toggle=\"collapse\" href=\"#169990051569e1b730bed7a-collapse-2\" aria-expanded=\"false\" class=\"accordion-toggle collapsed\">Chichen Itz\u00e1 Privado VIP<\/a>\r\n\t\t\t\t\t\t<\/h5>\r\n\t\t\t\t\t<\/div>\r\n\t\t\t\t\t<div id=\"169990051569e1b730bed7a-collapse-2\" aria-expanded=\"false\" class=\"panel-collapse collapse\" role=\"tabpanel\">\r\n\t\t\t\t\t\t<div class=\"panel-body\">\t\u2022\tVan Privada<br \/>\n\t\u2022\tBebidas a bordo <br \/>\n\t\u2022\tGu\u00eda Certificado Biling\u00fce <br \/>\n\t\u2022\tEntrada a Chichen Itz\u00e1 <br \/>\n\t\u2022\tBuffet Yucateco, incluye bebidas<br \/>\n\t\u2022\tEntrada a Cenote Hubiku <br \/>\n\t\u2022\tVisita a Valladolid<\/div>\r\n\t\t\t\t\t<\/div>\r\n\t\t\t\t<\/div>\r\n\t\t\t<\/div>[\/vc_column][\/vc_row][vc_row][vc_column][vc_column_text]<\/p>\n<h2>\u00a1Diviertete explorando una de las 7 maravillas del mundo!<\/h2>\n<p>Chichen Itz\u00e1 es uno de los yacimientos m\u00e1s importantes de la antigua cultura maya y puedes descubrirlo \u00a1como m\u00e1s te guste!<\/p>\n<p>En este Tour a Chichen Itz\u00e1, descubrir\u00e1s la Pir\u00e1mide de Kukulk\u00e1n, el campo de juego de Pelota m\u00e1s grande y cada uno de los edificios del Imperio maya que se encuentra llenos de magia e historia en tan importante ciudad Maya.<\/p>\n<p>\u00a1Tu decides como quieres armar el Tour a Chichen Itz\u00e1!<\/p>\n<p>En un paseo totalmente privado podr\u00e1s elegir si deseas conocer conocer todo acerca de una de las 7 maravillas del mundo,\u00a0 adentrarte en una aldea maya o deleitarte con un exquisito buffet yucateco con todas las delicias de la regi\u00f3n.<\/p>\n<p>Nos encargaremos de darte toda la comodidad para que el recorrido sea una de las mejores experiencias que hayas vivido.<\/p>\n<p>El tour a Chichen Itz\u00e1 VIP te sorprender\u00e1 . \u00a1T\u00fa eliges el horario!<\/p>\n<p>Del\u00e9itate con un exquisito buffet yucateco, sum\u00e9rgete en las cristalina aguas del Cenote Hubiku y conoce todo acerca de Valladolid, una incre\u00edble ciudad colonial que fue fundada en 1543.[\/vc_column_text][\/vc_column][\/vc_row][vc_row][vc_column][vc_empty_space][vc_column_text]<\/p>\n<p style=\"font-size: 30px;\">Explorar m\u00e1s tours en Chichen Itz\u00e1<\/p>\n<p>[\/vc_column_text]<div class=\"woocommerce columns-4 \"><ul class=\"products columns-4\">\n<li class=\"tm-has-options product type-product post-1466 status-publish first instock product_cat-sin-categorizar has-post-thumbnail shipping-taxable purchasable product-type-simple\">\n\t<a href=\"https:\/\/mayanruins.mx\/es\/tour\/chichen-itza\/\" class=\"woocommerce-LoopProduct-link woocommerce-loop-product__link\"><img loading=\"lazy\" decoding=\"async\" width=\"300\" height=\"245\" src=\"https:\/\/mayanruins.mx\/es\/wp-content\/uploads\/sites\/2\/2017\/08\/chichen-itza-tours.jpg\" class=\"attachment-woocommerce_thumbnail size-woocommerce_thumbnail\" alt=\"\" srcset=\"https:\/\/mayanruins.mx\/es\/wp-content\/uploads\/sites\/2\/2017\/08\/chichen-itza-tours.jpg 450w, https:\/\/mayanruins.mx\/es\/wp-content\/uploads\/sites\/2\/2017\/08\/chichen-itza-tours-300x245.jpg 300w\" sizes=\"(max-width: 300px) 100vw, 300px\" \/><h2 class=\"woocommerce-loop-product__title\">Chichen Itz\u00e1<\/h2>\n\t<span class=\"price\">Desde <span class=\"woocommerce-Price-amount amount\"><bdi><span class=\"woocommerce-Price-currencySymbol\">&#36;<\/span>79<\/bdi><\/span> USD<\/span>\n<\/a><a href=\"?add-to-cart=1466\" data-quantity=\"1\" class=\"button product_type_simple add_to_cart_button \" data-product_id=\"1466\" data-product_sku=\"\" aria-label=\"Add to cart: &ldquo;Chichen Itz\u00e1&rdquo;\" rel=\"nofollow\">A\u00f1adir al carrito<\/a><\/li>\n<li class=\"tm-has-options product type-product post-1468 status-publish instock product_cat-sin-categorizar has-post-thumbnail shipping-taxable purchasable product-type-simple\">\n\t<a href=\"https:\/\/mayanruins.mx\/es\/tour\/equinoccio-en-chichen-itza\/\" class=\"woocommerce-LoopProduct-link woocommerce-loop-product__link\"><img loading=\"lazy\" decoding=\"async\" width=\"300\" height=\"245\" src=\"https:\/\/mayanruins.mx\/es\/wp-content\/uploads\/sites\/2\/2017\/08\/chichen-itza-tours-piramide.jpg\" class=\"attachment-woocommerce_thumbnail size-woocommerce_thumbnail\" alt=\"\" srcset=\"https:\/\/mayanruins.mx\/es\/wp-content\/uploads\/sites\/2\/2017\/08\/chichen-itza-tours-piramide.jpg 450w, https:\/\/mayanruins.mx\/es\/wp-content\/uploads\/sites\/2\/2017\/08\/chichen-itza-tours-piramide-300x245.jpg 300w\" sizes=\"(max-width: 300px) 100vw, 300px\" \/><h2 class=\"woocommerce-loop-product__title\">Equinoccio en Chichen Itz\u00e1<\/h2>\n\t<span class=\"price\">Desde <span class=\"woocommerce-Price-amount amount\"><bdi><span class=\"woocommerce-Price-currencySymbol\">&#36;<\/span>99<\/bdi><\/span> USD<\/span>\n<\/a><a href=\"?add-to-cart=1468\" data-quantity=\"1\" class=\"button product_type_simple add_to_cart_button \" data-product_id=\"1468\" data-product_sku=\"\" aria-label=\"Add to cart: &ldquo;Equinoccio en Chichen Itz\u00e1&rdquo;\" rel=\"nofollow\">A\u00f1adir al carrito<\/a><\/li>\n<li class=\"tm-has-options product type-product post-1474 status-publish instock product_cat-sin-categorizar has-post-thumbnail shipping-taxable purchasable product-type-simple\">\n\t<a href=\"https:\/\/mayanruins.mx\/es\/tour\/noche-ceremonial-maya\/\" class=\"woocommerce-LoopProduct-link woocommerce-loop-product__link\"><img loading=\"lazy\" decoding=\"async\" width=\"300\" height=\"245\" src=\"https:\/\/mayanruins.mx\/es\/wp-content\/uploads\/sites\/2\/2017\/08\/noche-ceremonial-maya-tour-en-mayan-ruins.jpg\" class=\"attachment-woocommerce_thumbnail size-woocommerce_thumbnail\" alt=\"\" srcset=\"https:\/\/mayanruins.mx\/es\/wp-content\/uploads\/sites\/2\/2017\/08\/noche-ceremonial-maya-tour-en-mayan-ruins.jpg 450w, https:\/\/mayanruins.mx\/es\/wp-content\/uploads\/sites\/2\/2017\/08\/noche-ceremonial-maya-tour-en-mayan-ruins-300x245.jpg 300w\" sizes=\"(max-width: 300px) 100vw, 300px\" \/><h2 class=\"woocommerce-loop-product__title\">Noche Ceremonial Maya<\/h2>\n\t<span class=\"price\">Desde <span class=\"woocommerce-Price-amount amount\"><bdi><span class=\"woocommerce-Price-currencySymbol\">&#36;<\/span>105<\/bdi><\/span> USD<\/span>\n<\/a><a href=\"?add-to-cart=1474\" data-quantity=\"1\" class=\"button product_type_simple add_to_cart_button \" data-product_id=\"1474\" data-product_sku=\"\" aria-label=\"Add to cart: &ldquo;Noche Ceremonial Maya&rdquo;\" rel=\"nofollow\">A\u00f1adir al carrito<\/a><\/li>\n<li class=\"tm-has-options product type-product post-1467 status-publish last instock product_cat-sin-categorizar has-post-thumbnail shipping-taxable purchasable product-type-simple\">\n\t<a href=\"https:\/\/mayanruins.mx\/es\/tour\/show-de-noche-en-chichen-itza\/\" class=\"woocommerce-LoopProduct-link woocommerce-loop-product__link\"><img loading=\"lazy\" decoding=\"async\" width=\"300\" height=\"245\" src=\"https:\/\/mayanruins.mx\/es\/wp-content\/uploads\/sites\/2\/2017\/08\/chichen-itza-night-show-at-mayan-ruins.jpg\" class=\"attachment-woocommerce_thumbnail size-woocommerce_thumbnail\" alt=\"\" srcset=\"https:\/\/mayanruins.mx\/es\/wp-content\/uploads\/sites\/2\/2017\/08\/chichen-itza-night-show-at-mayan-ruins.jpg 450w, https:\/\/mayanruins.mx\/es\/wp-content\/uploads\/sites\/2\/2017\/08\/chichen-itza-night-show-at-mayan-ruins-300x245.jpg 300w\" sizes=\"(max-width: 300px) 100vw, 300px\" \/><h2 class=\"woocommerce-loop-product__title\">Show de Noche en Chichen Itz\u00e1<\/h2>\n\t<span class=\"price\">Desde <span class=\"woocommerce-Price-amount amount\"><bdi><span class=\"woocommerce-Price-currencySymbol\">&#36;<\/span>99<\/bdi><\/span> USD<\/span>\n<\/a><a href=\"?add-to-cart=1467\" data-quantity=\"1\" class=\"button product_type_simple add_to_cart_button \" data-product_id=\"1467\" data-product_sku=\"\" aria-label=\"Add to cart: &ldquo;Show de Noche en Chichen Itz\u00e1&rdquo;\" rel=\"nofollow\">A\u00f1adir al carrito<\/a><\/li>\n<\/ul>\n<\/div>[\/vc_column][\/vc_row]<\/p>\n","protected":false},"excerpt":{"rendered":"<p>[vc_row][vc_column][vc_column_text] Todos los tours incluyen [\/vc_column_text][\/vc_column][\/vc_row][vc_row][vc_column][vc_column_text css=&#8221;.vc_custom_1507151021415{margin-bottom: 0px !important;}&#8221;] Elige la experiencia que m\u00e1s se te guste [\/vc_column_text][\/vc_column][\/vc_row][vc_row][vc_column][vc_column_text] \u00a1Diviertete explorando una de las 7 maravillas del mundo! Chichen Itz\u00e1 es uno de los yacimientos m\u00e1s importantes de la antigua cultura maya y puedes descubrirlo \u00a1como m\u00e1s te guste! En este Tour a Chichen Itz\u00e1, descubrir\u00e1s [&hellip;]<\/p>\n","protected":false},"featured_media":1650,"comment_status":"open","ping_status":"closed","template":"","meta":[],"product_cat":[93],"product_tag":[],"class_list":{"0":"post-1478","1":"product","2":"type-product","3":"status-publish","4":"has-post-thumbnail","6":"product_cat-sin-categorizar","7":"tm-has-options","9":"first","10":"instock","11":"shipping-taxable","12":"purchasable","13":"product-type-simple"},"yoast_head":"<!-- This site is optimized with the Yoast SEO plugin v23.3 - https:\/\/yoast.com\/wordpress\/plugins\/seo\/ -->\n<title>Chichen Itz\u00e1 privado<\/title>\n<meta name=\"description\" content=\"Chichen Itz\u00e1 es uno de los yacimientos m\u00e1s importantes de la antigua cultura maya y puedes descubrirlo \u00a1como m\u00e1s te guste! En este Tour a Chichen Itz\u00e1...\" \/>\n<meta name=\"robots\" content=\"noindex, follow\" \/>\n<meta property=\"og:locale\" content=\"es_MX\" \/>\n<meta property=\"og:type\" content=\"article\" \/>\n<meta property=\"og:title\" content=\"Chichen Itz\u00e1 privado\" \/>\n<meta property=\"og:description\" content=\"Chichen Itz\u00e1 es uno de los yacimientos m\u00e1s importantes de la antigua cultura maya y puedes descubrirlo \u00a1como m\u00e1s te guste! En este Tour a Chichen Itz\u00e1...\" \/>\n<meta property=\"og:url\" content=\"https:\/\/mayanruins.mx\/es\/tour\/chichen-itza-privado\/\" \/>\n<meta property=\"og:site_name\" content=\"Mayan Ruins\" \/>\n<meta property=\"article:modified_time\" content=\"2017-10-20T21:37:10+00:00\" \/>\n<meta property=\"og:image\" content=\"https:\/\/mayanruins.mx\/es\/wp-content\/uploads\/sites\/2\/2017\/08\/visita-chichen-itza-tours.jpg\" \/>\n\t<meta property=\"og:image:width\" content=\"450\" \/>\n\t<meta property=\"og:image:height\" content=\"367\" \/>\n\t<meta property=\"og:image:type\" content=\"image\/jpeg\" \/>\n<meta name=\"twitter:card\" content=\"summary_large_image\" \/>\n<meta name=\"twitter:label1\" content=\"Tiempo de lectura\" \/>\n\t<meta name=\"twitter:data1\" content=\"3 minutos\" \/>\n<script type=\"application\/ld+json\" class=\"yoast-schema-graph\">{\"@context\":\"https:\/\/schema.org\",\"@graph\":[{\"@type\":\"WebPage\",\"@id\":\"https:\/\/mayanruins.mx\/es\/tour\/chichen-itza-privado\/\",\"url\":\"https:\/\/mayanruins.mx\/es\/tour\/chichen-itza-privado\/\",\"name\":\"Chichen Itz\u00e1 privado\",\"isPartOf\":{\"@id\":\"https:\/\/mayanruins.mx\/es\/#website\"},\"primaryImageOfPage\":{\"@id\":\"https:\/\/mayanruins.mx\/es\/tour\/chichen-itza-privado\/#primaryimage\"},\"image\":{\"@id\":\"https:\/\/mayanruins.mx\/es\/tour\/chichen-itza-privado\/#primaryimage\"},\"thumbnailUrl\":\"https:\/\/mayanruins.mx\/es\/wp-content\/uploads\/sites\/2\/2017\/08\/visita-chichen-itza-tours.jpg\",\"datePublished\":\"2017-08-30T16:54:29+00:00\",\"dateModified\":\"2017-10-20T21:37:10+00:00\",\"description\":\"Chichen Itz\u00e1 es uno de los yacimientos m\u00e1s importantes de la antigua cultura maya y puedes descubrirlo \u00a1como m\u00e1s te guste! En este Tour a Chichen Itz\u00e1...\",\"breadcrumb\":{\"@id\":\"https:\/\/mayanruins.mx\/es\/tour\/chichen-itza-privado\/#breadcrumb\"},\"inLanguage\":\"es\",\"potentialAction\":[{\"@type\":\"ReadAction\",\"target\":[\"https:\/\/mayanruins.mx\/es\/tour\/chichen-itza-privado\/\"]}]},{\"@type\":\"ImageObject\",\"inLanguage\":\"es\",\"@id\":\"https:\/\/mayanruins.mx\/es\/tour\/chichen-itza-privado\/#primaryimage\",\"url\":\"https:\/\/mayanruins.mx\/es\/wp-content\/uploads\/sites\/2\/2017\/08\/visita-chichen-itza-tours.jpg\",\"contentUrl\":\"https:\/\/mayanruins.mx\/es\/wp-content\/uploads\/sites\/2\/2017\/08\/visita-chichen-itza-tours.jpg\",\"width\":450,\"height\":367},{\"@type\":\"BreadcrumbList\",\"@id\":\"https:\/\/mayanruins.mx\/es\/tour\/chichen-itza-privado\/#breadcrumb\",\"itemListElement\":[{\"@type\":\"ListItem\",\"position\":1,\"name\":\"Home\",\"item\":\"https:\/\/mayanruins.mx\/es\/\"},{\"@type\":\"ListItem\",\"position\":2,\"name\":\"Productos\",\"item\":\"https:\/\/mayanruins.mx\/es\/shop\/\"},{\"@type\":\"ListItem\",\"position\":3,\"name\":\"Chichen Itz\u00e1 Privado\"}]},{\"@type\":\"WebSite\",\"@id\":\"https:\/\/mayanruins.mx\/es\/#website\",\"url\":\"https:\/\/mayanruins.mx\/es\/\",\"name\":\"Mayan Ruins\",\"description\":\"\",\"potentialAction\":[{\"@type\":\"SearchAction\",\"target\":{\"@type\":\"EntryPoint\",\"urlTemplate\":\"https:\/\/mayanruins.mx\/es\/?s={search_term_string}\"},\"query-input\":\"required name=search_term_string\"}],\"inLanguage\":\"es\"}]}<\/script>\n<!-- \/ Yoast SEO plugin. -->","yoast_head_json":{"title":"Chichen Itz\u00e1 privado","description":"Chichen Itz\u00e1 es uno de los yacimientos m\u00e1s importantes de la antigua cultura maya y puedes descubrirlo \u00a1como m\u00e1s te guste! En este Tour a Chichen Itz\u00e1...","robots":{"index":"noindex","follow":"follow"},"og_locale":"es_MX","og_type":"article","og_title":"Chichen Itz\u00e1 privado","og_description":"Chichen Itz\u00e1 es uno de los yacimientos m\u00e1s importantes de la antigua cultura maya y puedes descubrirlo \u00a1como m\u00e1s te guste! En este Tour a Chichen Itz\u00e1...","og_url":"https:\/\/mayanruins.mx\/es\/tour\/chichen-itza-privado\/","og_site_name":"Mayan Ruins","article_modified_time":"2017-10-20T21:37:10+00:00","og_image":[{"width":450,"height":367,"url":"https:\/\/mayanruins.mx\/es\/wp-content\/uploads\/sites\/2\/2017\/08\/visita-chichen-itza-tours.jpg","type":"image\/jpeg"}],"twitter_card":"summary_large_image","twitter_misc":{"Tiempo de lectura":"3 minutos"},"schema":{"@context":"https:\/\/schema.org","@graph":[{"@type":"WebPage","@id":"https:\/\/mayanruins.mx\/es\/tour\/chichen-itza-privado\/","url":"https:\/\/mayanruins.mx\/es\/tour\/chichen-itza-privado\/","name":"Chichen Itz\u00e1 privado","isPartOf":{"@id":"https:\/\/mayanruins.mx\/es\/#website"},"primaryImageOfPage":{"@id":"https:\/\/mayanruins.mx\/es\/tour\/chichen-itza-privado\/#primaryimage"},"image":{"@id":"https:\/\/mayanruins.mx\/es\/tour\/chichen-itza-privado\/#primaryimage"},"thumbnailUrl":"https:\/\/mayanruins.mx\/es\/wp-content\/uploads\/sites\/2\/2017\/08\/visita-chichen-itza-tours.jpg","datePublished":"2017-08-30T16:54:29+00:00","dateModified":"2017-10-20T21:37:10+00:00","description":"Chichen Itz\u00e1 es uno de los yacimientos m\u00e1s importantes de la antigua cultura maya y puedes descubrirlo \u00a1como m\u00e1s te guste! En este Tour a Chichen Itz\u00e1...","breadcrumb":{"@id":"https:\/\/mayanruins.mx\/es\/tour\/chichen-itza-privado\/#breadcrumb"},"inLanguage":"es","potentialAction":[{"@type":"ReadAction","target":["https:\/\/mayanruins.mx\/es\/tour\/chichen-itza-privado\/"]}]},{"@type":"ImageObject","inLanguage":"es","@id":"https:\/\/mayanruins.mx\/es\/tour\/chichen-itza-privado\/#primaryimage","url":"https:\/\/mayanruins.mx\/es\/wp-content\/uploads\/sites\/2\/2017\/08\/visita-chichen-itza-tours.jpg","contentUrl":"https:\/\/mayanruins.mx\/es\/wp-content\/uploads\/sites\/2\/2017\/08\/visita-chichen-itza-tours.jpg","width":450,"height":367},{"@type":"BreadcrumbList","@id":"https:\/\/mayanruins.mx\/es\/tour\/chichen-itza-privado\/#breadcrumb","itemListElement":[{"@type":"ListItem","position":1,"name":"Home","item":"https:\/\/mayanruins.mx\/es\/"},{"@type":"ListItem","position":2,"name":"Productos","item":"https:\/\/mayanruins.mx\/es\/shop\/"},{"@type":"ListItem","position":3,"name":"Chichen Itz\u00e1 Privado"}]},{"@type":"WebSite","@id":"https:\/\/mayanruins.mx\/es\/#website","url":"https:\/\/mayanruins.mx\/es\/","name":"Mayan Ruins","description":"","potentialAction":[{"@type":"SearchAction","target":{"@type":"EntryPoint","urlTemplate":"https:\/\/mayanruins.mx\/es\/?s={search_term_string}"},"query-input":"required name=search_term_string"}],"inLanguage":"es"}]}},"_links":{"self":[{"href":"https:\/\/mayanruins.mx\/es\/wp-json\/wp\/v2\/product\/1478"}],"collection":[{"href":"https:\/\/mayanruins.mx\/es\/wp-json\/wp\/v2\/product"}],"about":[{"href":"https:\/\/mayanruins.mx\/es\/wp-json\/wp\/v2\/types\/product"}],"replies":[{"embeddable":true,"href":"https:\/\/mayanruins.mx\/es\/wp-json\/wp\/v2\/comments?post=1478"}],"wp:featuredmedia":[{"embeddable":true,"href":"https:\/\/mayanruins.mx\/es\/wp-json\/wp\/v2\/media\/1650"}],"wp:attachment":[{"href":"https:\/\/mayanruins.mx\/es\/wp-json\/wp\/v2\/media?parent=1478"}],"wp:term":[{"taxonomy":"product_cat","embeddable":true,"href":"https:\/\/mayanruins.mx\/es\/wp-json\/wp\/v2\/product_cat?post=1478"},{"taxonomy":"product_tag","embeddable":true,"href":"https:\/\/mayanruins.mx\/es\/wp-json\/wp\/v2\/product_tag?post=1478"}],"curies":[{"name":"wp","href":"https:\/\/api.w.org\/{rel}","templated":true}]}}