{"id":1476,"date":"2017-08-30T22:54:22","date_gmt":"2017-08-30T16:54:22","guid":{"rendered":"https:\/\/mayanruins.travel\/?post_type=product&#038;p=1476"},"modified":"2017-10-27T03:59:48","modified_gmt":"2017-10-26T21:59:48","slug":"coba-privado","status":"publish","type":"product","link":"https:\/\/mayanruins.mx\/es\/tour\/coba-privado\/","title":{"rendered":"Cob\u00e1 Privado"},"content":{"rendered":"<p>[vc_row][vc_column][vc_column_text]<\/p>\n<h3>Todos los tours incluyen<\/h3>\n<p>[\/vc_column_text]<div class=\"slz-shortcode item-list-style06 item-list-212915990169e077d16bd1b wrapper-journey \" data-item=5><div class=\"item feature-item\"><i class=\"icon-journey fa fa-car\"><\/i><div class=\"text\">Van Privada<\/div><\/div><div class=\"item feature-item\"><i class=\"icon-journey fa fa-glass\"><\/i><div class=\"text\">Bebidas abordo (Aguas, refrescos, cervezas) <\/div><\/div><div class=\"item feature-item\"><i class=\"icon-journey flaticon-man\"><\/i><div class=\"text\">Gu\u00eda Certificado Biling\u00fce <\/div><\/div><div class=\"item feature-item\"><i class=\"icon-journey fa fa-camera\"><\/i><div class=\"text\">Entrada a Cob\u00e1<\/div><\/div><div class=\"item feature-item\"><i class=\"icon-journey fa fa-eye\"><\/i><div class=\"text\">Visita a Villa Maya <\/div><\/div><\/div>[\/vc_column][\/vc_row][vc_row][vc_column][vc_column_text css=&#8221;.vc_custom_1507151441519{margin-bottom: 0px !important;}&#8221;]<\/p>\n<h3>Elige la experiencia que m\u00e1s se te guste<\/h3>\n<p>[\/vc_column_text]\r\n\t\t\t<div id=\"toggle-box-89552453869e077d16bdc5\" class=\"slz-shortcode panel-group wrapper-accordion \">\r\n\t\t\t\t<div class=\"panel\">\r\n\t\t\t\t\t<div class=\"panel-heading\">\r\n\t\t\t\t\t\t<h5 class=\"panel-title\">\r\n\t\t\t\t\t\t\t<a data-toggle=\"collapse\" href=\"#89552453869e077d16bdc5-collapse-1\" aria-expanded=\"false\" class=\"accordion-toggle collapsed\">Cob\u00e1 Privado B\u00e1sico<\/a>\r\n\t\t\t\t\t\t<\/h5>\r\n\t\t\t\t\t<\/div>\r\n\t\t\t\t\t<div id=\"89552453869e077d16bdc5-collapse-1\" aria-expanded=\"false\" class=\"panel-collapse collapse\" role=\"tabpanel\">\r\n\t\t\t\t\t\t<div class=\"panel-body\">\t\u2022\tVan Privada <br \/>\n\t\u2022\tBebidas abordo (Agua, refresco, cerveza) <br \/>\n\t\u2022\tGu\u00eda certificado biling\u00fce <br \/>\n\t\u2022\tEntrada a Coba <br \/>\n\t\u2022\tVisita a Villa Maya <br \/>\n\u00a0<br \/>\nNo incluye: Buffet Yucateco y bebidas<\/div>\r\n\t\t\t\t\t<\/div>\r\n\t\t\t\t<\/div>\r\n\t\t\t\t<div class=\"panel\">\r\n\t\t\t\t\t<div class=\"panel-heading\">\r\n\t\t\t\t\t\t<h5 class=\"panel-title\">\r\n\t\t\t\t\t\t\t<a data-toggle=\"collapse\" href=\"#89552453869e077d16bdc5-collapse-2\" aria-expanded=\"false\" class=\"accordion-toggle collapsed\">Cob\u00e1 Privado VIP<\/a>\r\n\t\t\t\t\t\t<\/h5>\r\n\t\t\t\t\t<\/div>\r\n\t\t\t\t\t<div id=\"89552453869e077d16bdc5-collapse-2\" aria-expanded=\"false\" class=\"panel-collapse collapse\" role=\"tabpanel\">\r\n\t\t\t\t\t\t<div class=\"panel-body\">\t\u2022\tVan Privada <br \/>\n\t\u2022\tBebidas abordo (Aguas, refrescos, cervezas) <br \/>\n\t\u2022\tGu\u00eda certificado biling\u00fce <br \/>\n\t\u2022\tEntrada a Coba <br \/>\n\t\u2022\tBuffet Yucateco (bebidas no incluidas)<br \/>\n\t\u2022\tVisita a Villa Maya <br \/>\n\t\u2022\tVisita a laguna<\/div>\r\n\t\t\t\t\t<\/div>\r\n\t\t\t\t<\/div>\r\n\t\t\t<\/div>[\/vc_column][\/vc_row][vc_row][vc_column][vc_column_text]<\/p>\n<h2>Explora una de las ciudades mayas m\u00e1s antiguas de la Pen\u00ednsula de Yucat\u00e1n.<\/h2>\n<p>En este tour a Coba pasaremos por ti a tu hasta tu hotel para que vivas una experiencia maravillosa dentro de la selva maya. Todo comenzar\u00e1 con un recorrido en medio de la selva, en donde maravillosos paisajes te dar\u00e1n la bienvenida para que tu excursi\u00f3n sea m\u00e1gica. Pon atenci\u00f3n que incre\u00edble fauna que vive en la selva te acompa\u00f1ar\u00e1 durante el recorrido.<\/p>\n<h2>Vive una experiencia en las altura de la selva Maya<\/h2>\n<p>Despu\u00e9s de recorrer varios kil\u00f3metros a pie, en bicicleta o en bicitaxi llegar\u00e1s hasta la pir\u00e1mide Nohoch Mul, esta pir\u00e1mide es una de las construcciones m\u00e1s altas de la civilizaci\u00f3n maya y podr\u00e1s ascender 42 metros para descubrir uno de los m\u00e1s bellos paisajes de la selva maya.<br \/>\nCob\u00e1 es una de las ciudades que se encuentra en restauraci\u00f3n ya que fue la m\u00e1s reciente que se descubri\u00f3 en la Pen\u00ednsula de Yucat\u00e1n.[\/vc_column_text][\/vc_column][\/vc_row][vc_row][vc_column][vc_empty_space][vc_column_text]<\/p>\n<p style=\"font-size: 30px;\">Explorar m\u00e1s tours<\/p>\n<p>[\/vc_column_text]<div class=\"woocommerce columns-4 \"><ul class=\"products columns-4\">\n<li class=\"tm-has-options product type-product post-1473 status-publish first instock product_cat-sin-categorizar has-post-thumbnail shipping-taxable purchasable product-type-simple\">\n\t<a href=\"https:\/\/mayanruins.mx\/es\/tour\/coba\/\" class=\"woocommerce-LoopProduct-link woocommerce-loop-product__link\"><img loading=\"lazy\" decoding=\"async\" width=\"300\" height=\"245\" src=\"https:\/\/mayanruins.mx\/es\/wp-content\/uploads\/sites\/2\/2017\/08\/cobas-ruin-from-mayan-ruins.jpg\" class=\"attachment-woocommerce_thumbnail size-woocommerce_thumbnail\" alt=\"\" srcset=\"https:\/\/mayanruins.mx\/es\/wp-content\/uploads\/sites\/2\/2017\/08\/cobas-ruin-from-mayan-ruins.jpg 450w, https:\/\/mayanruins.mx\/es\/wp-content\/uploads\/sites\/2\/2017\/08\/cobas-ruin-from-mayan-ruins-300x245.jpg 300w\" sizes=\"(max-width: 300px) 100vw, 300px\" \/><h2 class=\"woocommerce-loop-product__title\">Cob\u00e1<\/h2>\n\t<span class=\"price\">Desde <span class=\"woocommerce-Price-amount amount\"><bdi><span class=\"woocommerce-Price-currencySymbol\">&#36;<\/span>79<\/bdi><\/span> USD<\/span>\n<\/a><a href=\"?add-to-cart=1473\" data-quantity=\"1\" class=\"button product_type_simple add_to_cart_button \" data-product_id=\"1473\" data-product_sku=\"\" aria-label=\"Add to cart: &ldquo;Cob\u00e1&rdquo;\" rel=\"nofollow\">A\u00f1adir al carrito<\/a><\/li>\n<li class=\"tm-has-options product type-product post-1470 status-publish instock product_cat-sin-categorizar has-post-thumbnail shipping-taxable purchasable product-type-simple\">\n\t<a href=\"https:\/\/mayanruins.mx\/es\/tour\/coba-y-tulum\/\" class=\"woocommerce-LoopProduct-link woocommerce-loop-product__link\"><img loading=\"lazy\" decoding=\"async\" width=\"300\" height=\"245\" src=\"https:\/\/mayanruins.mx\/es\/wp-content\/uploads\/sites\/2\/2017\/08\/coba-mayan-ruins.jpg\" class=\"attachment-woocommerce_thumbnail size-woocommerce_thumbnail\" alt=\"\" srcset=\"https:\/\/mayanruins.mx\/es\/wp-content\/uploads\/sites\/2\/2017\/08\/coba-mayan-ruins.jpg 450w, https:\/\/mayanruins.mx\/es\/wp-content\/uploads\/sites\/2\/2017\/08\/coba-mayan-ruins-300x245.jpg 300w\" sizes=\"(max-width: 300px) 100vw, 300px\" \/><h2 class=\"woocommerce-loop-product__title\">Cob\u00e1 y Tulum<\/h2>\n\t<span class=\"price\">Desde <span class=\"woocommerce-Price-amount amount\"><bdi><span class=\"woocommerce-Price-currencySymbol\">&#36;<\/span>129<\/bdi><\/span> USD<\/span>\n<\/a><a href=\"?add-to-cart=1470\" data-quantity=\"1\" class=\"button product_type_simple add_to_cart_button \" data-product_id=\"1470\" data-product_sku=\"\" aria-label=\"Add to cart: &ldquo;Cob\u00e1 y Tulum&rdquo;\" rel=\"nofollow\">A\u00f1adir al carrito<\/a><\/li>\n<li class=\"tm-has-options product type-product post-1472 status-publish instock product_cat-sin-categorizar has-post-thumbnail shipping-taxable purchasable product-type-simple\">\n\t<a href=\"https:\/\/mayanruins.mx\/es\/tour\/el-meco\/\" class=\"woocommerce-LoopProduct-link woocommerce-loop-product__link\"><img loading=\"lazy\" decoding=\"async\" width=\"300\" height=\"245\" src=\"https:\/\/mayanruins.mx\/es\/wp-content\/uploads\/sites\/2\/2017\/08\/el-meco-mayan-ruins.jpg\" class=\"attachment-woocommerce_thumbnail size-woocommerce_thumbnail\" alt=\"\" srcset=\"https:\/\/mayanruins.mx\/es\/wp-content\/uploads\/sites\/2\/2017\/08\/el-meco-mayan-ruins.jpg 450w, https:\/\/mayanruins.mx\/es\/wp-content\/uploads\/sites\/2\/2017\/08\/el-meco-mayan-ruins-300x245.jpg 300w\" sizes=\"(max-width: 300px) 100vw, 300px\" \/><h2 class=\"woocommerce-loop-product__title\">El Meco<\/h2>\n\t<span class=\"price\">Desde <span class=\"woocommerce-Price-amount amount\"><bdi><span class=\"woocommerce-Price-currencySymbol\">&#36;<\/span>39<\/bdi><\/span> USD<\/span>\n<\/a><a href=\"?add-to-cart=1472\" data-quantity=\"1\" class=\"button product_type_simple add_to_cart_button \" data-product_id=\"1472\" data-product_sku=\"\" aria-label=\"Add to cart: &ldquo;El Meco&rdquo;\" rel=\"nofollow\">A\u00f1adir al carrito<\/a><\/li>\n<\/ul>\n<\/div>[\/vc_column][\/vc_row]<\/p>\n","protected":false},"excerpt":{"rendered":"<p>[vc_row][vc_column][vc_column_text] Todos los tours incluyen [\/vc_column_text][\/vc_column][\/vc_row][vc_row][vc_column][vc_column_text css=&#8221;.vc_custom_1507151441519{margin-bottom: 0px !important;}&#8221;] Elige la experiencia que m\u00e1s se te guste [\/vc_column_text][\/vc_column][\/vc_row][vc_row][vc_column][vc_column_text] Explora una de las ciudades mayas m\u00e1s antiguas de la Pen\u00ednsula de Yucat\u00e1n. En este tour a Coba pasaremos por ti a tu hasta tu hotel para que vivas una experiencia maravillosa dentro de la selva maya. [&hellip;]<\/p>\n","protected":false},"featured_media":1543,"comment_status":"open","ping_status":"closed","template":"","meta":[],"product_cat":[93],"product_tag":[],"class_list":{"0":"post-1476","1":"product","2":"type-product","3":"status-publish","4":"has-post-thumbnail","6":"product_cat-sin-categorizar","7":"tm-has-options","9":"first","10":"instock","11":"shipping-taxable","12":"purchasable","13":"product-type-simple"},"yoast_head":"<!-- This site is optimized with the Yoast SEO plugin v23.3 - https:\/\/yoast.com\/wordpress\/plugins\/seo\/ -->\n<title>Cob\u00e1 Privado<\/title>\n<meta name=\"description\" content=\"En este tour a Coba pasaremos por ti a tu hasta tu hotel para que vivas una experiencia maravillosa dentro de la selva maya. Todo comenzar\u00e1 con un...\" \/>\n<meta name=\"robots\" content=\"noindex, follow\" \/>\n<meta property=\"og:locale\" content=\"es_MX\" \/>\n<meta property=\"og:type\" content=\"article\" \/>\n<meta property=\"og:title\" content=\"Cob\u00e1 Privado\" \/>\n<meta property=\"og:description\" content=\"En este tour a Coba pasaremos por ti a tu hasta tu hotel para que vivas una experiencia maravillosa dentro de la selva maya. Todo comenzar\u00e1 con un...\" \/>\n<meta property=\"og:url\" content=\"https:\/\/mayanruins.mx\/es\/tour\/coba-privado\/\" \/>\n<meta property=\"og:site_name\" content=\"Mayan Ruins\" \/>\n<meta property=\"article:modified_time\" content=\"2017-10-26T21:59:48+00:00\" \/>\n<meta property=\"og:image\" content=\"https:\/\/mayanruins.mx\/es\/wp-content\/uploads\/sites\/2\/2017\/08\/visit-coba-mayan-ruins-1.jpg\" \/>\n\t<meta property=\"og:image:width\" content=\"450\" \/>\n\t<meta property=\"og:image:height\" content=\"367\" \/>\n\t<meta property=\"og:image:type\" content=\"image\/jpeg\" \/>\n<meta name=\"twitter:card\" content=\"summary_large_image\" \/>\n<meta name=\"twitter:label1\" content=\"Tiempo de lectura\" \/>\n\t<meta name=\"twitter:data1\" content=\"3 minutos\" \/>\n<script type=\"application\/ld+json\" class=\"yoast-schema-graph\">{\"@context\":\"https:\/\/schema.org\",\"@graph\":[{\"@type\":\"WebPage\",\"@id\":\"https:\/\/mayanruins.mx\/es\/tour\/coba-privado\/\",\"url\":\"https:\/\/mayanruins.mx\/es\/tour\/coba-privado\/\",\"name\":\"Cob\u00e1 Privado\",\"isPartOf\":{\"@id\":\"https:\/\/mayanruins.mx\/es\/#website\"},\"primaryImageOfPage\":{\"@id\":\"https:\/\/mayanruins.mx\/es\/tour\/coba-privado\/#primaryimage\"},\"image\":{\"@id\":\"https:\/\/mayanruins.mx\/es\/tour\/coba-privado\/#primaryimage\"},\"thumbnailUrl\":\"https:\/\/mayanruins.mx\/es\/wp-content\/uploads\/sites\/2\/2017\/08\/visit-coba-mayan-ruins-1.jpg\",\"datePublished\":\"2017-08-30T16:54:22+00:00\",\"dateModified\":\"2017-10-26T21:59:48+00:00\",\"description\":\"En este tour a Coba pasaremos por ti a tu hasta tu hotel para que vivas una experiencia maravillosa dentro de la selva maya. Todo comenzar\u00e1 con un...\",\"breadcrumb\":{\"@id\":\"https:\/\/mayanruins.mx\/es\/tour\/coba-privado\/#breadcrumb\"},\"inLanguage\":\"es\",\"potentialAction\":[{\"@type\":\"ReadAction\",\"target\":[\"https:\/\/mayanruins.mx\/es\/tour\/coba-privado\/\"]}]},{\"@type\":\"ImageObject\",\"inLanguage\":\"es\",\"@id\":\"https:\/\/mayanruins.mx\/es\/tour\/coba-privado\/#primaryimage\",\"url\":\"https:\/\/mayanruins.mx\/es\/wp-content\/uploads\/sites\/2\/2017\/08\/visit-coba-mayan-ruins-1.jpg\",\"contentUrl\":\"https:\/\/mayanruins.mx\/es\/wp-content\/uploads\/sites\/2\/2017\/08\/visit-coba-mayan-ruins-1.jpg\",\"width\":\"450\",\"height\":\"367\"},{\"@type\":\"BreadcrumbList\",\"@id\":\"https:\/\/mayanruins.mx\/es\/tour\/coba-privado\/#breadcrumb\",\"itemListElement\":[{\"@type\":\"ListItem\",\"position\":1,\"name\":\"Home\",\"item\":\"https:\/\/mayanruins.mx\/es\/\"},{\"@type\":\"ListItem\",\"position\":2,\"name\":\"Productos\",\"item\":\"https:\/\/mayanruins.mx\/es\/shop\/\"},{\"@type\":\"ListItem\",\"position\":3,\"name\":\"Cob\u00e1 Privado\"}]},{\"@type\":\"WebSite\",\"@id\":\"https:\/\/mayanruins.mx\/es\/#website\",\"url\":\"https:\/\/mayanruins.mx\/es\/\",\"name\":\"Mayan Ruins\",\"description\":\"\",\"potentialAction\":[{\"@type\":\"SearchAction\",\"target\":{\"@type\":\"EntryPoint\",\"urlTemplate\":\"https:\/\/mayanruins.mx\/es\/?s={search_term_string}\"},\"query-input\":\"required name=search_term_string\"}],\"inLanguage\":\"es\"}]}<\/script>\n<!-- \/ Yoast SEO plugin. -->","yoast_head_json":{"title":"Cob\u00e1 Privado","description":"En este tour a Coba pasaremos por ti a tu hasta tu hotel para que vivas una experiencia maravillosa dentro de la selva maya. Todo comenzar\u00e1 con un...","robots":{"index":"noindex","follow":"follow"},"og_locale":"es_MX","og_type":"article","og_title":"Cob\u00e1 Privado","og_description":"En este tour a Coba pasaremos por ti a tu hasta tu hotel para que vivas una experiencia maravillosa dentro de la selva maya. Todo comenzar\u00e1 con un...","og_url":"https:\/\/mayanruins.mx\/es\/tour\/coba-privado\/","og_site_name":"Mayan Ruins","article_modified_time":"2017-10-26T21:59:48+00:00","og_image":[{"width":450,"height":367,"url":"https:\/\/mayanruins.mx\/es\/wp-content\/uploads\/sites\/2\/2017\/08\/visit-coba-mayan-ruins-1.jpg","type":"image\/jpeg"}],"twitter_card":"summary_large_image","twitter_misc":{"Tiempo de lectura":"3 minutos"},"schema":{"@context":"https:\/\/schema.org","@graph":[{"@type":"WebPage","@id":"https:\/\/mayanruins.mx\/es\/tour\/coba-privado\/","url":"https:\/\/mayanruins.mx\/es\/tour\/coba-privado\/","name":"Cob\u00e1 Privado","isPartOf":{"@id":"https:\/\/mayanruins.mx\/es\/#website"},"primaryImageOfPage":{"@id":"https:\/\/mayanruins.mx\/es\/tour\/coba-privado\/#primaryimage"},"image":{"@id":"https:\/\/mayanruins.mx\/es\/tour\/coba-privado\/#primaryimage"},"thumbnailUrl":"https:\/\/mayanruins.mx\/es\/wp-content\/uploads\/sites\/2\/2017\/08\/visit-coba-mayan-ruins-1.jpg","datePublished":"2017-08-30T16:54:22+00:00","dateModified":"2017-10-26T21:59:48+00:00","description":"En este tour a Coba pasaremos por ti a tu hasta tu hotel para que vivas una experiencia maravillosa dentro de la selva maya. Todo comenzar\u00e1 con un...","breadcrumb":{"@id":"https:\/\/mayanruins.mx\/es\/tour\/coba-privado\/#breadcrumb"},"inLanguage":"es","potentialAction":[{"@type":"ReadAction","target":["https:\/\/mayanruins.mx\/es\/tour\/coba-privado\/"]}]},{"@type":"ImageObject","inLanguage":"es","@id":"https:\/\/mayanruins.mx\/es\/tour\/coba-privado\/#primaryimage","url":"https:\/\/mayanruins.mx\/es\/wp-content\/uploads\/sites\/2\/2017\/08\/visit-coba-mayan-ruins-1.jpg","contentUrl":"https:\/\/mayanruins.mx\/es\/wp-content\/uploads\/sites\/2\/2017\/08\/visit-coba-mayan-ruins-1.jpg","width":"450","height":"367"},{"@type":"BreadcrumbList","@id":"https:\/\/mayanruins.mx\/es\/tour\/coba-privado\/#breadcrumb","itemListElement":[{"@type":"ListItem","position":1,"name":"Home","item":"https:\/\/mayanruins.mx\/es\/"},{"@type":"ListItem","position":2,"name":"Productos","item":"https:\/\/mayanruins.mx\/es\/shop\/"},{"@type":"ListItem","position":3,"name":"Cob\u00e1 Privado"}]},{"@type":"WebSite","@id":"https:\/\/mayanruins.mx\/es\/#website","url":"https:\/\/mayanruins.mx\/es\/","name":"Mayan Ruins","description":"","potentialAction":[{"@type":"SearchAction","target":{"@type":"EntryPoint","urlTemplate":"https:\/\/mayanruins.mx\/es\/?s={search_term_string}"},"query-input":"required name=search_term_string"}],"inLanguage":"es"}]}},"_links":{"self":[{"href":"https:\/\/mayanruins.mx\/es\/wp-json\/wp\/v2\/product\/1476"}],"collection":[{"href":"https:\/\/mayanruins.mx\/es\/wp-json\/wp\/v2\/product"}],"about":[{"href":"https:\/\/mayanruins.mx\/es\/wp-json\/wp\/v2\/types\/product"}],"replies":[{"embeddable":true,"href":"https:\/\/mayanruins.mx\/es\/wp-json\/wp\/v2\/comments?post=1476"}],"wp:featuredmedia":[{"embeddable":true,"href":"https:\/\/mayanruins.mx\/es\/wp-json\/wp\/v2\/media\/1543"}],"wp:attachment":[{"href":"https:\/\/mayanruins.mx\/es\/wp-json\/wp\/v2\/media?parent=1476"}],"wp:term":[{"taxonomy":"product_cat","embeddable":true,"href":"https:\/\/mayanruins.mx\/es\/wp-json\/wp\/v2\/product_cat?post=1476"},{"taxonomy":"product_tag","embeddable":true,"href":"https:\/\/mayanruins.mx\/es\/wp-json\/wp\/v2\/product_tag?post=1476"}],"curies":[{"name":"wp","href":"https:\/\/api.w.org\/{rel}","templated":true}]}}