{"id":1475,"date":"2017-08-30T22:54:21","date_gmt":"2017-08-30T16:54:21","guid":{"rendered":"https:\/\/mayanruins.travel\/?post_type=product&#038;p=1475"},"modified":"2017-10-28T03:49:20","modified_gmt":"2017-10-27T21:49:20","slug":"tulum-privado","status":"publish","type":"product","link":"https:\/\/mayanruins.mx\/es\/tour\/tulum-privado\/","title":{"rendered":"Tulum Privado"},"content":{"rendered":"<p>[vc_row][vc_column][vc_column_text]<\/p>\n<h3>Todos los tours incluyen<\/h3>\n<p>[\/vc_column_text]<div class=\"slz-shortcode item-list-style06 item-list-54950557169e8895549ab0 wrapper-journey \" data-item=3><div class=\"item feature-item\"><i class=\"icon-journey fa fa-car\"><\/i><div class=\"text\">Van Privada<\/div><\/div><div class=\"item feature-item\"><i class=\"icon-journey flaticon-man\"><\/i><div class=\"text\">Gu\u00eda Certificado Biling\u00fce <\/div><\/div><div class=\"item feature-item\"><i class=\"icon-journey fa fa-camera\"><\/i><div class=\"text\">Entrada a Tulum<\/div><\/div><\/div>[\/vc_column][\/vc_row][vc_row][vc_column][vc_column_text css=&#8221;.vc_custom_1507151574234{margin-bottom: 0px !important;}&#8221;]<\/p>\n<h3><span style=\"font-weight: bold;\">Elige la experiencia que m\u00e1s se te guste<\/span><\/h3>\n<p>[\/vc_column_text]\r\n\t\t\t<div id=\"toggle-box-133584861769e8895549b93\" class=\"slz-shortcode panel-group wrapper-accordion \">\r\n\t\t\t\t<div class=\"panel\">\r\n\t\t\t\t\t<div class=\"panel-heading\">\r\n\t\t\t\t\t\t<h5 class=\"panel-title\">\r\n\t\t\t\t\t\t\t<a data-toggle=\"collapse\" href=\"#133584861769e8895549b93-collapse-1\" aria-expanded=\"false\" class=\"accordion-toggle collapsed\">Tulum Privado B\u00e1sico<\/a>\r\n\t\t\t\t\t\t<\/h5>\r\n\t\t\t\t\t<\/div>\r\n\t\t\t\t\t<div id=\"133584861769e8895549b93-collapse-1\" aria-expanded=\"false\" class=\"panel-collapse collapse\" role=\"tabpanel\">\r\n\t\t\t\t\t\t<div class=\"panel-body\">\t\u2022\tVan Privada (hasta 24 personas)<br \/>\n\t\u2022\tGu\u00eda profesional biling\u00fce <br \/>\n\t\u2022\tEntrada a Tulum <br \/>\n\t\u2022\tBotellas con agua<br \/>\n\t\u2022\tSombrilla<\/div>\r\n\t\t\t\t\t<\/div>\r\n\t\t\t\t<\/div>\r\n\t\t\t\t<div class=\"panel\">\r\n\t\t\t\t\t<div class=\"panel-heading\">\r\n\t\t\t\t\t\t<h5 class=\"panel-title\">\r\n\t\t\t\t\t\t\t<a data-toggle=\"collapse\" href=\"#133584861769e8895549b93-collapse-2\" aria-expanded=\"false\" class=\"accordion-toggle collapsed\">Tulum Privado VIP<\/a>\r\n\t\t\t\t\t\t<\/h5>\r\n\t\t\t\t\t<\/div>\r\n\t\t\t\t\t<div id=\"133584861769e8895549b93-collapse-2\" aria-expanded=\"false\" class=\"panel-collapse collapse\" role=\"tabpanel\">\r\n\t\t\t\t\t\t<div class=\"panel-body\">\t\u2022\tVan Privada (hasta 24 personas)<br \/>\n\t\u2022\tBebidas no alcoh\u00f3licas abordo<br \/>\n\t\u2022\tTren a la zona arqueol\u00f3gica<br \/>\n\t\u2022\tGu\u00eda profesional biling\u00fce <br \/>\n\t\u2022\tEntrada a Tulum <\/div>\r\n\t\t\t\t\t<\/div>\r\n\t\t\t\t<\/div>\r\n\t\t\t<\/div>[\/vc_column][\/vc_row][vc_row][vc_column][vc_column_text]<\/p>\n<h2>\u00a1Visita la ciudad amurallada m\u00e1s famosa en un Tour a Tulum VIP!<\/h2>\n<p>En un recorrido totalmente privado te llevaremos hasta la antigua ciudad maya con uno de los panoramas m\u00e1s incre\u00edbles. Tulum ser\u00e1 el destino de este tour privado y donde podr\u00e1s disfrutar de un hermoso panorama y conocer la antigua cultura maya que habito en este lugar.<\/p>\n<h3>Explora Tulum y toda la magia que encierra esta ciudad al pie de la playa<\/h3>\n<p>Acompa\u00f1ado de un conductor y gu\u00eda certificado podr\u00e1s descubrir Tulum, sumergirte en un incre\u00edble cenote, adentrarte en una aldea maya, conocer un pueblo m\u00e1gico y degustar un delicioso buffet de comida tradicional yucateca.[\/vc_column_text][\/vc_column][\/vc_row][vc_row][vc_column][vc_empty_space][vc_column_text]<\/p>\n<p style=\"font-size: 30px;\">Explorar m\u00e1s tours en Tulum<\/p>\n<p>[\/vc_column_text]<div class=\"woocommerce columns-4 \"><ul class=\"products columns-4\">\n<li class=\"tm-has-options product type-product post-1663 status-publish first instock product_cat-sin-categorizar has-post-thumbnail shipping-taxable purchasable product-type-simple\">\n\t<a href=\"https:\/\/mayanruins.mx\/es\/tour\/tulum-discovery\/\" class=\"woocommerce-LoopProduct-link woocommerce-loop-product__link\"><img loading=\"lazy\" decoding=\"async\" width=\"300\" height=\"245\" src=\"https:\/\/mayanruins.mx\/es\/wp-content\/uploads\/sites\/2\/2017\/08\/tulum-maya-ruins-sea.jpg\" class=\"attachment-woocommerce_thumbnail size-woocommerce_thumbnail\" alt=\"\" srcset=\"https:\/\/mayanruins.mx\/es\/wp-content\/uploads\/sites\/2\/2017\/08\/tulum-maya-ruins-sea.jpg 450w, https:\/\/mayanruins.mx\/es\/wp-content\/uploads\/sites\/2\/2017\/08\/tulum-maya-ruins-sea-300x245.jpg 300w\" sizes=\"(max-width: 300px) 100vw, 300px\" \/><h2 class=\"woocommerce-loop-product__title\">Tulum Discovery<\/h2>\n\t<span class=\"price\">Desde <span class=\"woocommerce-Price-amount amount\"><bdi><span class=\"woocommerce-Price-currencySymbol\">&#36;<\/span>59<\/bdi><\/span> USD<\/span>\n<\/a><a href=\"?add-to-cart=1663\" data-quantity=\"1\" class=\"button product_type_simple add_to_cart_button \" data-product_id=\"1663\" data-product_sku=\"\" aria-label=\"Add to cart: &ldquo;Tulum Discovery&rdquo;\" rel=\"nofollow\">A\u00f1adir al carrito<\/a><\/li>\n<li class=\"tm-has-options product type-product post-1666 status-publish instock product_cat-sin-categorizar has-post-thumbnail shipping-taxable purchasable product-type-simple\">\n\t<a href=\"https:\/\/mayanruins.mx\/es\/tour\/tulum-por-la-tarde\/\" class=\"woocommerce-LoopProduct-link woocommerce-loop-product__link\"><img loading=\"lazy\" decoding=\"async\" width=\"300\" height=\"245\" src=\"https:\/\/mayanruins.mx\/es\/wp-content\/uploads\/sites\/2\/2017\/08\/mayan-ruins-tulum.jpg\" class=\"attachment-woocommerce_thumbnail size-woocommerce_thumbnail\" alt=\"\" srcset=\"https:\/\/mayanruins.mx\/es\/wp-content\/uploads\/sites\/2\/2017\/08\/mayan-ruins-tulum.jpg 450w, https:\/\/mayanruins.mx\/es\/wp-content\/uploads\/sites\/2\/2017\/08\/mayan-ruins-tulum-300x245.jpg 300w\" sizes=\"(max-width: 300px) 100vw, 300px\" \/><h2 class=\"woocommerce-loop-product__title\">Tulum por la Tarde<\/h2>\n\t<span class=\"price\">Desde <span class=\"woocommerce-Price-amount amount\"><bdi><span class=\"woocommerce-Price-currencySymbol\">&#36;<\/span>59<\/bdi><\/span> USD<\/span>\n<\/a><a href=\"?add-to-cart=1666\" data-quantity=\"1\" class=\"button product_type_simple add_to_cart_button \" data-product_id=\"1666\" data-product_sku=\"\" aria-label=\"Add to cart: &ldquo;Tulum por la Tarde&rdquo;\" rel=\"nofollow\">A\u00f1adir al carrito<\/a><\/li>\n<li class=\"tm-has-options product type-product post-1683 status-publish instock product_cat-sin-categorizar has-post-thumbnail shipping-taxable purchasable product-type-simple\">\n\t<a href=\"https:\/\/mayanruins.mx\/es\/tour\/tulum-y-cenote\/\" class=\"woocommerce-LoopProduct-link woocommerce-loop-product__link\"><img loading=\"lazy\" decoding=\"async\" width=\"300\" height=\"245\" src=\"https:\/\/mayanruins.mx\/es\/wp-content\/uploads\/sites\/2\/2017\/08\/tulum-maya-ruins-cenote.jpg\" class=\"attachment-woocommerce_thumbnail size-woocommerce_thumbnail\" alt=\"\" srcset=\"https:\/\/mayanruins.mx\/es\/wp-content\/uploads\/sites\/2\/2017\/08\/tulum-maya-ruins-cenote.jpg 450w, https:\/\/mayanruins.mx\/es\/wp-content\/uploads\/sites\/2\/2017\/08\/tulum-maya-ruins-cenote-300x245.jpg 300w\" sizes=\"(max-width: 300px) 100vw, 300px\" \/><h2 class=\"woocommerce-loop-product__title\">Tulum y Cenote<\/h2>\n\t<span class=\"price\">Desde <span class=\"woocommerce-Price-amount amount\"><bdi><span class=\"woocommerce-Price-currencySymbol\">&#36;<\/span>59<\/bdi><\/span> USD<\/span>\n<\/a><a href=\"?add-to-cart=1683\" data-quantity=\"1\" class=\"button product_type_simple add_to_cart_button \" data-product_id=\"1683\" data-product_sku=\"\" aria-label=\"Add to cart: &ldquo;Tulum y Cenote&rdquo;\" rel=\"nofollow\">A\u00f1adir al carrito<\/a><\/li>\n<li class=\"tm-has-options product type-product post-1471 status-publish last instock product_cat-sin-categorizar has-post-thumbnail shipping-taxable purchasable product-type-simple\">\n\t<a href=\"https:\/\/mayanruins.mx\/es\/tour\/tulum-y-jungla-maya\/\" class=\"woocommerce-LoopProduct-link woocommerce-loop-product__link\"><img loading=\"lazy\" decoding=\"async\" width=\"300\" height=\"245\" src=\"https:\/\/mayanruins.mx\/es\/wp-content\/uploads\/sites\/2\/2017\/08\/explora-jungla-maya-tulum.jpg\" class=\"attachment-woocommerce_thumbnail size-woocommerce_thumbnail\" alt=\"\" srcset=\"https:\/\/mayanruins.mx\/es\/wp-content\/uploads\/sites\/2\/2017\/08\/explora-jungla-maya-tulum.jpg 450w, https:\/\/mayanruins.mx\/es\/wp-content\/uploads\/sites\/2\/2017\/08\/explora-jungla-maya-tulum-300x245.jpg 300w\" sizes=\"(max-width: 300px) 100vw, 300px\" \/><h2 class=\"woocommerce-loop-product__title\">Tulum y Jungla Maya<\/h2>\n\t<span class=\"price\">Desde <span class=\"woocommerce-Price-amount amount\"><bdi><span class=\"woocommerce-Price-currencySymbol\">&#36;<\/span>139<\/bdi><\/span> USD<\/span>\n<\/a><a href=\"?add-to-cart=1471\" data-quantity=\"1\" class=\"button product_type_simple add_to_cart_button \" data-product_id=\"1471\" data-product_sku=\"\" aria-label=\"Add to cart: &ldquo;Tulum y Jungla Maya&rdquo;\" rel=\"nofollow\">A\u00f1adir al carrito<\/a><\/li>\n<\/ul>\n<\/div>[\/vc_column][\/vc_row]<\/p>\n","protected":false},"excerpt":{"rendered":"<p>[vc_row][vc_column][vc_column_text] Todos los tours incluyen [\/vc_column_text][\/vc_column][\/vc_row][vc_row][vc_column][vc_column_text css=&#8221;.vc_custom_1507151574234{margin-bottom: 0px !important;}&#8221;] Elige la experiencia que m\u00e1s se te guste [\/vc_column_text][\/vc_column][\/vc_row][vc_row][vc_column][vc_column_text] \u00a1Visita la ciudad amurallada m\u00e1s famosa en un Tour a Tulum VIP! En un recorrido totalmente privado te llevaremos hasta la antigua ciudad maya con uno de los panoramas m\u00e1s incre\u00edbles. Tulum ser\u00e1 el destino de este [&hellip;]<\/p>\n","protected":false},"featured_media":1518,"comment_status":"open","ping_status":"closed","template":"","meta":[],"product_cat":[93],"product_tag":[],"class_list":{"0":"post-1475","1":"product","2":"type-product","3":"status-publish","4":"has-post-thumbnail","6":"product_cat-sin-categorizar","7":"tm-has-options","9":"first","10":"instock","11":"shipping-taxable","12":"purchasable","13":"product-type-simple"},"yoast_head":"<!-- This site is optimized with the Yoast SEO plugin v23.3 - https:\/\/yoast.com\/wordpress\/plugins\/seo\/ -->\n<title>Tulum Privado<\/title>\n<meta name=\"description\" content=\"En un recorrido totalmente privado te llevaremos hasta la antigua ciudad maya con uno de los panoramas m\u00e1s incre\u00edbles. Tulum ser\u00e1 el destino de este...\" \/>\n<meta name=\"robots\" content=\"noindex, follow\" \/>\n<meta property=\"og:locale\" content=\"es_MX\" \/>\n<meta property=\"og:type\" content=\"article\" \/>\n<meta property=\"og:title\" content=\"Tulum Privado\" \/>\n<meta property=\"og:description\" content=\"En un recorrido totalmente privado te llevaremos hasta la antigua ciudad maya con uno de los panoramas m\u00e1s incre\u00edbles. Tulum ser\u00e1 el destino de este...\" \/>\n<meta property=\"og:url\" content=\"https:\/\/mayanruins.mx\/es\/tour\/tulum-privado\/\" \/>\n<meta property=\"og:site_name\" content=\"Mayan Ruins\" \/>\n<meta property=\"article:modified_time\" content=\"2017-10-27T21:49:20+00:00\" \/>\n<meta property=\"og:image\" content=\"https:\/\/mayanruins.mx\/es\/wp-content\/uploads\/sites\/2\/2017\/08\/ruins-at-tulum-in-tour-with-mayan-ruins.jpg\" \/>\n\t<meta property=\"og:image:width\" content=\"450\" \/>\n\t<meta property=\"og:image:height\" content=\"367\" \/>\n\t<meta property=\"og:image:type\" content=\"image\/jpeg\" \/>\n<meta name=\"twitter:card\" content=\"summary_large_image\" \/>\n<meta name=\"twitter:label1\" content=\"Tiempo de lectura\" \/>\n\t<meta name=\"twitter:data1\" content=\"2 minutos\" \/>\n<script type=\"application\/ld+json\" class=\"yoast-schema-graph\">{\"@context\":\"https:\/\/schema.org\",\"@graph\":[{\"@type\":\"WebPage\",\"@id\":\"https:\/\/mayanruins.mx\/es\/tour\/tulum-privado\/\",\"url\":\"https:\/\/mayanruins.mx\/es\/tour\/tulum-privado\/\",\"name\":\"Tulum Privado\",\"isPartOf\":{\"@id\":\"https:\/\/mayanruins.mx\/es\/#website\"},\"primaryImageOfPage\":{\"@id\":\"https:\/\/mayanruins.mx\/es\/tour\/tulum-privado\/#primaryimage\"},\"image\":{\"@id\":\"https:\/\/mayanruins.mx\/es\/tour\/tulum-privado\/#primaryimage\"},\"thumbnailUrl\":\"https:\/\/mayanruins.mx\/es\/wp-content\/uploads\/sites\/2\/2017\/08\/ruins-at-tulum-in-tour-with-mayan-ruins.jpg\",\"datePublished\":\"2017-08-30T16:54:21+00:00\",\"dateModified\":\"2017-10-27T21:49:20+00:00\",\"description\":\"En un recorrido totalmente privado te llevaremos hasta la antigua ciudad maya con uno de los panoramas m\u00e1s incre\u00edbles. Tulum ser\u00e1 el destino de este...\",\"breadcrumb\":{\"@id\":\"https:\/\/mayanruins.mx\/es\/tour\/tulum-privado\/#breadcrumb\"},\"inLanguage\":\"es\",\"potentialAction\":[{\"@type\":\"ReadAction\",\"target\":[\"https:\/\/mayanruins.mx\/es\/tour\/tulum-privado\/\"]}]},{\"@type\":\"ImageObject\",\"inLanguage\":\"es\",\"@id\":\"https:\/\/mayanruins.mx\/es\/tour\/tulum-privado\/#primaryimage\",\"url\":\"https:\/\/mayanruins.mx\/es\/wp-content\/uploads\/sites\/2\/2017\/08\/ruins-at-tulum-in-tour-with-mayan-ruins.jpg\",\"contentUrl\":\"https:\/\/mayanruins.mx\/es\/wp-content\/uploads\/sites\/2\/2017\/08\/ruins-at-tulum-in-tour-with-mayan-ruins.jpg\",\"width\":\"450\",\"height\":\"367\"},{\"@type\":\"BreadcrumbList\",\"@id\":\"https:\/\/mayanruins.mx\/es\/tour\/tulum-privado\/#breadcrumb\",\"itemListElement\":[{\"@type\":\"ListItem\",\"position\":1,\"name\":\"Home\",\"item\":\"https:\/\/mayanruins.mx\/es\/\"},{\"@type\":\"ListItem\",\"position\":2,\"name\":\"Productos\",\"item\":\"https:\/\/mayanruins.mx\/es\/shop\/\"},{\"@type\":\"ListItem\",\"position\":3,\"name\":\"Tulum Privado\"}]},{\"@type\":\"WebSite\",\"@id\":\"https:\/\/mayanruins.mx\/es\/#website\",\"url\":\"https:\/\/mayanruins.mx\/es\/\",\"name\":\"Mayan Ruins\",\"description\":\"\",\"potentialAction\":[{\"@type\":\"SearchAction\",\"target\":{\"@type\":\"EntryPoint\",\"urlTemplate\":\"https:\/\/mayanruins.mx\/es\/?s={search_term_string}\"},\"query-input\":\"required name=search_term_string\"}],\"inLanguage\":\"es\"}]}<\/script>\n<!-- \/ Yoast SEO plugin. -->","yoast_head_json":{"title":"Tulum Privado","description":"En un recorrido totalmente privado te llevaremos hasta la antigua ciudad maya con uno de los panoramas m\u00e1s incre\u00edbles. Tulum ser\u00e1 el destino de este...","robots":{"index":"noindex","follow":"follow"},"og_locale":"es_MX","og_type":"article","og_title":"Tulum Privado","og_description":"En un recorrido totalmente privado te llevaremos hasta la antigua ciudad maya con uno de los panoramas m\u00e1s incre\u00edbles. Tulum ser\u00e1 el destino de este...","og_url":"https:\/\/mayanruins.mx\/es\/tour\/tulum-privado\/","og_site_name":"Mayan Ruins","article_modified_time":"2017-10-27T21:49:20+00:00","og_image":[{"width":450,"height":367,"url":"https:\/\/mayanruins.mx\/es\/wp-content\/uploads\/sites\/2\/2017\/08\/ruins-at-tulum-in-tour-with-mayan-ruins.jpg","type":"image\/jpeg"}],"twitter_card":"summary_large_image","twitter_misc":{"Tiempo de lectura":"2 minutos"},"schema":{"@context":"https:\/\/schema.org","@graph":[{"@type":"WebPage","@id":"https:\/\/mayanruins.mx\/es\/tour\/tulum-privado\/","url":"https:\/\/mayanruins.mx\/es\/tour\/tulum-privado\/","name":"Tulum Privado","isPartOf":{"@id":"https:\/\/mayanruins.mx\/es\/#website"},"primaryImageOfPage":{"@id":"https:\/\/mayanruins.mx\/es\/tour\/tulum-privado\/#primaryimage"},"image":{"@id":"https:\/\/mayanruins.mx\/es\/tour\/tulum-privado\/#primaryimage"},"thumbnailUrl":"https:\/\/mayanruins.mx\/es\/wp-content\/uploads\/sites\/2\/2017\/08\/ruins-at-tulum-in-tour-with-mayan-ruins.jpg","datePublished":"2017-08-30T16:54:21+00:00","dateModified":"2017-10-27T21:49:20+00:00","description":"En un recorrido totalmente privado te llevaremos hasta la antigua ciudad maya con uno de los panoramas m\u00e1s incre\u00edbles. Tulum ser\u00e1 el destino de este...","breadcrumb":{"@id":"https:\/\/mayanruins.mx\/es\/tour\/tulum-privado\/#breadcrumb"},"inLanguage":"es","potentialAction":[{"@type":"ReadAction","target":["https:\/\/mayanruins.mx\/es\/tour\/tulum-privado\/"]}]},{"@type":"ImageObject","inLanguage":"es","@id":"https:\/\/mayanruins.mx\/es\/tour\/tulum-privado\/#primaryimage","url":"https:\/\/mayanruins.mx\/es\/wp-content\/uploads\/sites\/2\/2017\/08\/ruins-at-tulum-in-tour-with-mayan-ruins.jpg","contentUrl":"https:\/\/mayanruins.mx\/es\/wp-content\/uploads\/sites\/2\/2017\/08\/ruins-at-tulum-in-tour-with-mayan-ruins.jpg","width":"450","height":"367"},{"@type":"BreadcrumbList","@id":"https:\/\/mayanruins.mx\/es\/tour\/tulum-privado\/#breadcrumb","itemListElement":[{"@type":"ListItem","position":1,"name":"Home","item":"https:\/\/mayanruins.mx\/es\/"},{"@type":"ListItem","position":2,"name":"Productos","item":"https:\/\/mayanruins.mx\/es\/shop\/"},{"@type":"ListItem","position":3,"name":"Tulum Privado"}]},{"@type":"WebSite","@id":"https:\/\/mayanruins.mx\/es\/#website","url":"https:\/\/mayanruins.mx\/es\/","name":"Mayan Ruins","description":"","potentialAction":[{"@type":"SearchAction","target":{"@type":"EntryPoint","urlTemplate":"https:\/\/mayanruins.mx\/es\/?s={search_term_string}"},"query-input":"required name=search_term_string"}],"inLanguage":"es"}]}},"_links":{"self":[{"href":"https:\/\/mayanruins.mx\/es\/wp-json\/wp\/v2\/product\/1475"}],"collection":[{"href":"https:\/\/mayanruins.mx\/es\/wp-json\/wp\/v2\/product"}],"about":[{"href":"https:\/\/mayanruins.mx\/es\/wp-json\/wp\/v2\/types\/product"}],"replies":[{"embeddable":true,"href":"https:\/\/mayanruins.mx\/es\/wp-json\/wp\/v2\/comments?post=1475"}],"wp:featuredmedia":[{"embeddable":true,"href":"https:\/\/mayanruins.mx\/es\/wp-json\/wp\/v2\/media\/1518"}],"wp:attachment":[{"href":"https:\/\/mayanruins.mx\/es\/wp-json\/wp\/v2\/media?parent=1475"}],"wp:term":[{"taxonomy":"product_cat","embeddable":true,"href":"https:\/\/mayanruins.mx\/es\/wp-json\/wp\/v2\/product_cat?post=1475"},{"taxonomy":"product_tag","embeddable":true,"href":"https:\/\/mayanruins.mx\/es\/wp-json\/wp\/v2\/product_tag?post=1475"}],"curies":[{"name":"wp","href":"https:\/\/api.w.org\/{rel}","templated":true}]}}