{"id":1474,"date":"2017-08-30T22:52:43","date_gmt":"2017-08-30T16:52:43","guid":{"rendered":"https:\/\/mayanruins.travel\/?post_type=product&#038;p=1474"},"modified":"2017-10-18T22:30:10","modified_gmt":"2017-10-18T16:30:10","slug":"noche-ceremonial-maya","status":"publish","type":"product","link":"https:\/\/mayanruins.mx\/es\/tour\/noche-ceremonial-maya\/","title":{"rendered":"Noche Ceremonial Maya"},"content":{"rendered":"<p>[vc_row][vc_column][vc_column_text]<\/p>\n<h2>Noche Ceremonial Maya de Canc\u00fan a la Riviera Maya<\/h2>\n<p>Purifica tu piel y tu mente con una ceremonia Temazcal conducida por un chaman.<br \/>\nForma parte de una m\u00edstica experiencia nadando en los cenotes despu\u00e9s del ba\u00f1o termal de la ceremonia que simboliza tu renacimiento.<br \/>\nSi te interesa la cultura, puedes aprender las tradiciones de una familia maya que vive en una comunidad ubicada a tan s\u00f3lo 45 minutos de Playa del Carmen.<\/p>\n<h3>Celebra la cultura<\/h3>\n<p>El tour comienza recogi\u00e9ndote de tu hotel, para hacer una primera parada en la reserva ecol\u00f3gica \u201cDos Palmas\u201d, una\u00a0peque\u00f1a comunidad en la selva\u00a0que mantiene sus tradiciones.<br \/>\nAh\u00ed empezar\u00e1s por visitar una caba\u00f1a Maya donde aprender\u00e1s algunas de sus viejas costumbres y habr\u00e1 una peque\u00f1a introducci\u00f3n a la ceremonia de purificaci\u00f3n.<br \/>\nNo te puedes perder el chocolate caliente servido en una t\u00edpica j\u00edcara Maya que adem\u00e1s, podr\u00e1s conservar.<\/p>\n<p>El tour tiene una duraci\u00f3n de aproximadamente 6 horas.[\/vc_column_text][\/vc_column][\/vc_row][vc_row][vc_column]<div class=\"slz-shortcode block-title-197044585069e35b9959b94 \">\r\n<h3 class=\"slz-shortcode title-style-3\">\u00bfQu\u00e9 incluye el tour?<\/h3><\/div>\r\n<div class=\"slz-shortcode item-list-style06 item-list-6568101369e35b9959d84 wrapper-journey \" data-item=4><div class=\"item feature-item\"><i class=\"icon-journey fa fa-user\"><\/i><div class=\"text\">Servicio personalizado <\/div><\/div><div class=\"item feature-item\"><i class=\"icon-journey fa fa-check\"><\/i><div class=\"text\">Equipo necesario<\/div><\/div><div class=\"item feature-item\"><i class=\"icon-journey flaticon-food-2\"><\/i><div class=\"text\">Cena incluida <\/div><\/div><div class=\"item feature-item\"><i class=\"icon-journey flaticon-man\"><\/i><div class=\"text\">Gu\u00eda profesional<\/div><\/div><\/div>[\/vc_column][\/vc_row][vc_row css=&#8221;.vc_custom_1466409302371{padding-top: 60px !important;}&#8221;][vc_column]<div class=\"slz-shortcode tour-schedule overview-block clearfix \">\r\n\t\t<h3 class=\"title-style-3\">Itinerario<\/h3>\r\n\t\r\n\t<div class=\"timeline-container\">\r\n\t\t<div class=\"timeline\">\r\n\t\t\t\t\t\t<div class=\"timeline-block timeline-1\">\r\n\t\t\t\t<div class=\"timeline-title\">\r\n\t\t\t\t\t<span>5:00 pm<\/span>\r\n\t\t\t\t<\/div>\r\n\t\t\t\t<div class=\"timeline-content medium-margin-top\">\r\n\t\t\t\t\t<div class=\"row\">\r\n\t\t\t\t\t\t<div class=\"timeline-point\"><i class=\"fa fa-circle-o\"><\/i><\/div>\r\n\t\t\t\t\t\t<div class=\"timeline-custom-col content-col \">\r\n\t\t\t\t\t\t\t<div class=\"timeline-location-block\">\r\n\t\t\t\t\t\t\t\t<p class=\"location-name\">\r\n\t\t\t\t\t\t\t\t\tPick up\t\t\t\t\t\t\t\t\t\t\t\t\t\t\t\t\t\t<i class=\"fa fa-map-marker icon-marker\"><\/i>\r\n\t\t\t\t\t\t\t\t\t\t\t\t\t\t\t\t\t<\/p>\r\n\t\t\t\t\t\t\t\t<div class=\"description\">\r\n\t\t\t\t\t\t\t\t\tAprovecha tu ma\u00f1ana ya que iremos por ti hasta las 5 pm a la \u00a0puerta de tu hotel. \t\t\t\t\t\t\t\t<\/div>\r\n\t\t\t\t\t\t\t<\/div>\r\n\t\t\t\t\t\t<\/div>\r\n\t\t\t\t\t\t<div class=\"timeline-custom-col image-col\" data-slick=\"{&quot;slidesToShow&quot;:1,&quot;slidesToScroll&quot;:1,&quot;dots&quot;:true,&quot;arrows&quot;:true,&quot;autoplay&quot;:true,&quot;infinite&quot;:true,&quot;speed&quot;:300,&quot;fade&quot;:false}\"><div class=\"timeline-image-block items\"><img decoding=\"async\" src=\"https:\/\/mayanruins.mx\/es\/wp-content\/uploads\/sites\/2\/2017\/08\/ek-balam-mayan-ruins-pick-up.jpg\" alt=\"\"><\/div><\/div>\t\t\t\t\t<\/div>\r\n\t\t\t\t<\/div>\r\n\t\t\t<\/div>\r\n\t\t\t\t\t\t<div class=\"timeline-block timeline-2\">\r\n\t\t\t\t<div class=\"timeline-title\">\r\n\t\t\t\t\t<span><\/span>\r\n\t\t\t\t<\/div>\r\n\t\t\t\t<div class=\"timeline-content medium-margin-top\">\r\n\t\t\t\t\t<div class=\"row\">\r\n\t\t\t\t\t\t<div class=\"timeline-point\"><i class=\"fa fa-circle-o\"><\/i><\/div>\r\n\t\t\t\t\t\t<div class=\"timeline-custom-col content-col \">\r\n\t\t\t\t\t\t\t<div class=\"timeline-location-block\">\r\n\t\t\t\t\t\t\t\t<p class=\"location-name\">\r\n\t\t\t\t\t\t\t\t\tComunidad Maya\t\t\t\t\t\t\t\t\t\t\t\t\t\t\t\t\t\t<i class=\"fa fa-map-marker icon-marker\"><\/i>\r\n\t\t\t\t\t\t\t\t\t\t\t\t\t\t\t\t\t<\/p>\r\n\t\t\t\t\t\t\t\t<div class=\"description\">\r\n\t\t\t\t\t\t\t\t\tDisfrutar\u00e1s del recorrido con un gu\u00eda certificado que elaborar\u00e1 las ceremonias tradicionales, para m\u00e1s tarde tener una cena Maya tradicional con bebidas no alcoh\u00f3licas, todo esto para concluir con una visita al cenote y la tienda de recuerdos.\t\t\t\t\t\t\t\t<\/div>\r\n\t\t\t\t\t\t\t<\/div>\r\n\t\t\t\t\t\t<\/div>\r\n\t\t\t\t\t\t<div class=\"timeline-custom-col image-col\" data-slick=\"{&quot;slidesToShow&quot;:1,&quot;slidesToScroll&quot;:1,&quot;dots&quot;:true,&quot;arrows&quot;:true,&quot;autoplay&quot;:true,&quot;infinite&quot;:true,&quot;speed&quot;:300,&quot;fade&quot;:false}\"><div class=\"timeline-image-block items\"><img decoding=\"async\" src=\"https:\/\/mayanruins.mx\/es\/wp-content\/uploads\/sites\/2\/2017\/08\/noche-ceremonial-maya-tour.jpg\" alt=\"\"><\/div><div class=\"timeline-image-block items\"><img decoding=\"async\" src=\"https:\/\/mayanruins.mx\/es\/wp-content\/uploads\/sites\/2\/2017\/08\/noche-ceremonial-maya-en-mayan-ruins.jpg\" alt=\"\"><\/div><\/div>\t\t\t\t\t<\/div>\r\n\t\t\t\t<\/div>\r\n\t\t\t<\/div>\r\n\t\t\t\t\t<\/div>\r\n\t<\/div>\r\n<\/div>\r\n<div class=\"slz-shortcode block-title-3736676369e35b995ac1f \">\r\n<h3 class=\"slz-shortcode title-style-3\">Horario sujeto a cambios<\/h3><\/div>\r\n[\/vc_column][\/vc_row][vc_row][vc_column][vc_empty_space][vc_column_text]<\/p>\n<p style=\"font-size: 30px;\">Explorar m\u00e1s tours<\/p>\n<p>[\/vc_column_text]<div class=\"woocommerce columns-4 \"><ul class=\"products columns-4\">\n<li class=\"tm-has-options product type-product post-1470 status-publish first instock product_cat-sin-categorizar has-post-thumbnail shipping-taxable purchasable product-type-simple\">\n\t<a href=\"https:\/\/mayanruins.mx\/es\/tour\/coba-y-tulum\/\" class=\"woocommerce-LoopProduct-link woocommerce-loop-product__link\"><img loading=\"lazy\" decoding=\"async\" width=\"300\" height=\"245\" src=\"https:\/\/mayanruins.mx\/es\/wp-content\/uploads\/sites\/2\/2017\/08\/coba-mayan-ruins.jpg\" class=\"attachment-woocommerce_thumbnail size-woocommerce_thumbnail\" alt=\"\" srcset=\"https:\/\/mayanruins.mx\/es\/wp-content\/uploads\/sites\/2\/2017\/08\/coba-mayan-ruins.jpg 450w, https:\/\/mayanruins.mx\/es\/wp-content\/uploads\/sites\/2\/2017\/08\/coba-mayan-ruins-300x245.jpg 300w\" sizes=\"(max-width: 300px) 100vw, 300px\" \/><h2 class=\"woocommerce-loop-product__title\">Cob\u00e1 y Tulum<\/h2>\n\t<span class=\"price\">Desde <span class=\"woocommerce-Price-amount amount\"><bdi><span class=\"woocommerce-Price-currencySymbol\">&#36;<\/span>129<\/bdi><\/span> USD<\/span>\n<\/a><a href=\"?add-to-cart=1470\" data-quantity=\"1\" class=\"button product_type_simple add_to_cart_button \" data-product_id=\"1470\" data-product_sku=\"\" aria-label=\"Add to cart: &ldquo;Cob\u00e1 y Tulum&rdquo;\" rel=\"nofollow\">A\u00f1adir al carrito<\/a><\/li>\n<li class=\"tm-has-options product type-product post-1444 status-publish instock product_cat-sin-categorizar has-post-thumbnail shipping-taxable purchasable product-type-simple\">\n\t<a href=\"https:\/\/mayanruins.mx\/es\/tour\/ek-balam\/\" class=\"woocommerce-LoopProduct-link woocommerce-loop-product__link\"><img loading=\"lazy\" decoding=\"async\" width=\"300\" height=\"245\" src=\"https:\/\/mayanruins.mx\/es\/wp-content\/uploads\/sites\/2\/2017\/08\/cenote-ek-balam-tour-at-mayan-ruins.jpg\" class=\"attachment-woocommerce_thumbnail size-woocommerce_thumbnail\" alt=\"\" srcset=\"https:\/\/mayanruins.mx\/es\/wp-content\/uploads\/sites\/2\/2017\/08\/cenote-ek-balam-tour-at-mayan-ruins.jpg 450w, https:\/\/mayanruins.mx\/es\/wp-content\/uploads\/sites\/2\/2017\/08\/cenote-ek-balam-tour-at-mayan-ruins-300x245.jpg 300w\" sizes=\"(max-width: 300px) 100vw, 300px\" \/><h2 class=\"woocommerce-loop-product__title\">Ek Bal\u00e1m<\/h2>\n\t<span class=\"price\">Desde <span class=\"woocommerce-Price-amount amount\"><bdi><span class=\"woocommerce-Price-currencySymbol\">&#36;<\/span>79<\/bdi><\/span> USD<\/span>\n<\/a><a href=\"?add-to-cart=1444\" data-quantity=\"1\" class=\"button product_type_simple add_to_cart_button \" data-product_id=\"1444\" data-product_sku=\"\" aria-label=\"Add to cart: &ldquo;Ek Bal\u00e1m&rdquo;\" rel=\"nofollow\">A\u00f1adir al carrito<\/a><\/li>\n<li class=\"tm-has-options product type-product post-1472 status-publish instock product_cat-sin-categorizar has-post-thumbnail shipping-taxable purchasable product-type-simple\">\n\t<a href=\"https:\/\/mayanruins.mx\/es\/tour\/el-meco\/\" class=\"woocommerce-LoopProduct-link woocommerce-loop-product__link\"><img loading=\"lazy\" decoding=\"async\" width=\"300\" height=\"245\" src=\"https:\/\/mayanruins.mx\/es\/wp-content\/uploads\/sites\/2\/2017\/08\/el-meco-mayan-ruins.jpg\" class=\"attachment-woocommerce_thumbnail size-woocommerce_thumbnail\" alt=\"\" srcset=\"https:\/\/mayanruins.mx\/es\/wp-content\/uploads\/sites\/2\/2017\/08\/el-meco-mayan-ruins.jpg 450w, https:\/\/mayanruins.mx\/es\/wp-content\/uploads\/sites\/2\/2017\/08\/el-meco-mayan-ruins-300x245.jpg 300w\" sizes=\"(max-width: 300px) 100vw, 300px\" \/><h2 class=\"woocommerce-loop-product__title\">El Meco<\/h2>\n\t<span class=\"price\">Desde <span class=\"woocommerce-Price-amount amount\"><bdi><span class=\"woocommerce-Price-currencySymbol\">&#36;<\/span>39<\/bdi><\/span> USD<\/span>\n<\/a><a href=\"?add-to-cart=1472\" data-quantity=\"1\" class=\"button product_type_simple add_to_cart_button \" data-product_id=\"1472\" data-product_sku=\"\" aria-label=\"Add to cart: &ldquo;El Meco&rdquo;\" rel=\"nofollow\">A\u00f1adir al carrito<\/a><\/li>\n<li class=\"tm-has-options product type-product post-1468 status-publish last instock product_cat-sin-categorizar has-post-thumbnail shipping-taxable purchasable product-type-simple\">\n\t<a href=\"https:\/\/mayanruins.mx\/es\/tour\/equinoccio-en-chichen-itza\/\" class=\"woocommerce-LoopProduct-link woocommerce-loop-product__link\"><img loading=\"lazy\" decoding=\"async\" width=\"300\" height=\"245\" src=\"https:\/\/mayanruins.mx\/es\/wp-content\/uploads\/sites\/2\/2017\/08\/chichen-itza-tours-piramide.jpg\" class=\"attachment-woocommerce_thumbnail size-woocommerce_thumbnail\" alt=\"\" srcset=\"https:\/\/mayanruins.mx\/es\/wp-content\/uploads\/sites\/2\/2017\/08\/chichen-itza-tours-piramide.jpg 450w, https:\/\/mayanruins.mx\/es\/wp-content\/uploads\/sites\/2\/2017\/08\/chichen-itza-tours-piramide-300x245.jpg 300w\" sizes=\"(max-width: 300px) 100vw, 300px\" \/><h2 class=\"woocommerce-loop-product__title\">Equinoccio en Chichen Itz\u00e1<\/h2>\n\t<span class=\"price\">Desde <span class=\"woocommerce-Price-amount amount\"><bdi><span class=\"woocommerce-Price-currencySymbol\">&#36;<\/span>99<\/bdi><\/span> USD<\/span>\n<\/a><a href=\"?add-to-cart=1468\" data-quantity=\"1\" class=\"button product_type_simple add_to_cart_button \" data-product_id=\"1468\" data-product_sku=\"\" aria-label=\"Add to cart: &ldquo;Equinoccio en Chichen Itz\u00e1&rdquo;\" rel=\"nofollow\">A\u00f1adir al carrito<\/a><\/li>\n<\/ul>\n<\/div>[\/vc_column][\/vc_row]<\/p>\n","protected":false},"excerpt":{"rendered":"<p>[vc_row][vc_column][vc_column_text] Noche Ceremonial Maya de Canc\u00fan a la Riviera Maya Purifica tu piel y tu mente con una ceremonia Temazcal conducida por un chaman. Forma parte de una m\u00edstica experiencia nadando en los cenotes despu\u00e9s del ba\u00f1o termal de la ceremonia que simboliza tu renacimiento. Si te interesa la cultura, puedes aprender las tradiciones de [&hellip;]<\/p>\n","protected":false},"featured_media":1744,"comment_status":"open","ping_status":"closed","template":"","meta":[],"product_cat":[93],"product_tag":[],"class_list":{"0":"post-1474","1":"product","2":"type-product","3":"status-publish","4":"has-post-thumbnail","6":"product_cat-sin-categorizar","7":"tm-has-options","9":"first","10":"instock","11":"shipping-taxable","12":"purchasable","13":"product-type-simple"},"yoast_head":"<!-- This site is optimized with the Yoast SEO plugin v23.3 - https:\/\/yoast.com\/wordpress\/plugins\/seo\/ -->\n<title>Noche ceremonial maya<\/title>\n<meta name=\"description\" content=\"Purifica tu piel y tu mente con una ceremonia Temazcal conducida por un chaman. Forma parte de una m\u00edstica experiencia nadando en los cenotes despu\u00e9s del...\" \/>\n<meta name=\"robots\" content=\"noindex, follow\" \/>\n<meta property=\"og:locale\" content=\"es_MX\" \/>\n<meta property=\"og:type\" content=\"article\" \/>\n<meta property=\"og:title\" content=\"Noche ceremonial maya\" \/>\n<meta property=\"og:description\" content=\"Purifica tu piel y tu mente con una ceremonia Temazcal conducida por un chaman. Forma parte de una m\u00edstica experiencia nadando en los cenotes despu\u00e9s del...\" \/>\n<meta property=\"og:url\" content=\"https:\/\/mayanruins.mx\/es\/tour\/noche-ceremonial-maya\/\" \/>\n<meta property=\"og:site_name\" content=\"Mayan Ruins\" \/>\n<meta property=\"article:modified_time\" content=\"2017-10-18T16:30:10+00:00\" \/>\n<meta property=\"og:image\" content=\"https:\/\/mayanruins.mx\/es\/wp-content\/uploads\/sites\/2\/2017\/08\/noche-ceremonial-maya-tour-en-mayan-ruins.jpg\" \/>\n\t<meta property=\"og:image:width\" content=\"450\" \/>\n\t<meta property=\"og:image:height\" content=\"367\" \/>\n\t<meta property=\"og:image:type\" content=\"image\/jpeg\" \/>\n<meta name=\"twitter:card\" content=\"summary_large_image\" \/>\n<meta name=\"twitter:label1\" content=\"Tiempo de lectura\" \/>\n\t<meta name=\"twitter:data1\" content=\"2 minutos\" \/>\n<script type=\"application\/ld+json\" class=\"yoast-schema-graph\">{\"@context\":\"https:\/\/schema.org\",\"@graph\":[{\"@type\":\"WebPage\",\"@id\":\"https:\/\/mayanruins.mx\/es\/tour\/noche-ceremonial-maya\/\",\"url\":\"https:\/\/mayanruins.mx\/es\/tour\/noche-ceremonial-maya\/\",\"name\":\"Noche ceremonial maya\",\"isPartOf\":{\"@id\":\"https:\/\/mayanruins.mx\/es\/#website\"},\"primaryImageOfPage\":{\"@id\":\"https:\/\/mayanruins.mx\/es\/tour\/noche-ceremonial-maya\/#primaryimage\"},\"image\":{\"@id\":\"https:\/\/mayanruins.mx\/es\/tour\/noche-ceremonial-maya\/#primaryimage\"},\"thumbnailUrl\":\"https:\/\/mayanruins.mx\/es\/wp-content\/uploads\/sites\/2\/2017\/08\/noche-ceremonial-maya-tour-en-mayan-ruins.jpg\",\"datePublished\":\"2017-08-30T16:52:43+00:00\",\"dateModified\":\"2017-10-18T16:30:10+00:00\",\"description\":\"Purifica tu piel y tu mente con una ceremonia Temazcal conducida por un chaman. Forma parte de una m\u00edstica experiencia nadando en los cenotes despu\u00e9s del...\",\"breadcrumb\":{\"@id\":\"https:\/\/mayanruins.mx\/es\/tour\/noche-ceremonial-maya\/#breadcrumb\"},\"inLanguage\":\"es\",\"potentialAction\":[{\"@type\":\"ReadAction\",\"target\":[\"https:\/\/mayanruins.mx\/es\/tour\/noche-ceremonial-maya\/\"]}]},{\"@type\":\"ImageObject\",\"inLanguage\":\"es\",\"@id\":\"https:\/\/mayanruins.mx\/es\/tour\/noche-ceremonial-maya\/#primaryimage\",\"url\":\"https:\/\/mayanruins.mx\/es\/wp-content\/uploads\/sites\/2\/2017\/08\/noche-ceremonial-maya-tour-en-mayan-ruins.jpg\",\"contentUrl\":\"https:\/\/mayanruins.mx\/es\/wp-content\/uploads\/sites\/2\/2017\/08\/noche-ceremonial-maya-tour-en-mayan-ruins.jpg\",\"width\":450,\"height\":367},{\"@type\":\"BreadcrumbList\",\"@id\":\"https:\/\/mayanruins.mx\/es\/tour\/noche-ceremonial-maya\/#breadcrumb\",\"itemListElement\":[{\"@type\":\"ListItem\",\"position\":1,\"name\":\"Home\",\"item\":\"https:\/\/mayanruins.mx\/es\/\"},{\"@type\":\"ListItem\",\"position\":2,\"name\":\"Productos\",\"item\":\"https:\/\/mayanruins.mx\/es\/shop\/\"},{\"@type\":\"ListItem\",\"position\":3,\"name\":\"Noche Ceremonial Maya\"}]},{\"@type\":\"WebSite\",\"@id\":\"https:\/\/mayanruins.mx\/es\/#website\",\"url\":\"https:\/\/mayanruins.mx\/es\/\",\"name\":\"Mayan Ruins\",\"description\":\"\",\"potentialAction\":[{\"@type\":\"SearchAction\",\"target\":{\"@type\":\"EntryPoint\",\"urlTemplate\":\"https:\/\/mayanruins.mx\/es\/?s={search_term_string}\"},\"query-input\":\"required name=search_term_string\"}],\"inLanguage\":\"es\"}]}<\/script>\n<!-- \/ Yoast SEO plugin. -->","yoast_head_json":{"title":"Noche ceremonial maya","description":"Purifica tu piel y tu mente con una ceremonia Temazcal conducida por un chaman. Forma parte de una m\u00edstica experiencia nadando en los cenotes despu\u00e9s del...","robots":{"index":"noindex","follow":"follow"},"og_locale":"es_MX","og_type":"article","og_title":"Noche ceremonial maya","og_description":"Purifica tu piel y tu mente con una ceremonia Temazcal conducida por un chaman. Forma parte de una m\u00edstica experiencia nadando en los cenotes despu\u00e9s del...","og_url":"https:\/\/mayanruins.mx\/es\/tour\/noche-ceremonial-maya\/","og_site_name":"Mayan Ruins","article_modified_time":"2017-10-18T16:30:10+00:00","og_image":[{"width":450,"height":367,"url":"https:\/\/mayanruins.mx\/es\/wp-content\/uploads\/sites\/2\/2017\/08\/noche-ceremonial-maya-tour-en-mayan-ruins.jpg","type":"image\/jpeg"}],"twitter_card":"summary_large_image","twitter_misc":{"Tiempo de lectura":"2 minutos"},"schema":{"@context":"https:\/\/schema.org","@graph":[{"@type":"WebPage","@id":"https:\/\/mayanruins.mx\/es\/tour\/noche-ceremonial-maya\/","url":"https:\/\/mayanruins.mx\/es\/tour\/noche-ceremonial-maya\/","name":"Noche ceremonial maya","isPartOf":{"@id":"https:\/\/mayanruins.mx\/es\/#website"},"primaryImageOfPage":{"@id":"https:\/\/mayanruins.mx\/es\/tour\/noche-ceremonial-maya\/#primaryimage"},"image":{"@id":"https:\/\/mayanruins.mx\/es\/tour\/noche-ceremonial-maya\/#primaryimage"},"thumbnailUrl":"https:\/\/mayanruins.mx\/es\/wp-content\/uploads\/sites\/2\/2017\/08\/noche-ceremonial-maya-tour-en-mayan-ruins.jpg","datePublished":"2017-08-30T16:52:43+00:00","dateModified":"2017-10-18T16:30:10+00:00","description":"Purifica tu piel y tu mente con una ceremonia Temazcal conducida por un chaman. Forma parte de una m\u00edstica experiencia nadando en los cenotes despu\u00e9s del...","breadcrumb":{"@id":"https:\/\/mayanruins.mx\/es\/tour\/noche-ceremonial-maya\/#breadcrumb"},"inLanguage":"es","potentialAction":[{"@type":"ReadAction","target":["https:\/\/mayanruins.mx\/es\/tour\/noche-ceremonial-maya\/"]}]},{"@type":"ImageObject","inLanguage":"es","@id":"https:\/\/mayanruins.mx\/es\/tour\/noche-ceremonial-maya\/#primaryimage","url":"https:\/\/mayanruins.mx\/es\/wp-content\/uploads\/sites\/2\/2017\/08\/noche-ceremonial-maya-tour-en-mayan-ruins.jpg","contentUrl":"https:\/\/mayanruins.mx\/es\/wp-content\/uploads\/sites\/2\/2017\/08\/noche-ceremonial-maya-tour-en-mayan-ruins.jpg","width":450,"height":367},{"@type":"BreadcrumbList","@id":"https:\/\/mayanruins.mx\/es\/tour\/noche-ceremonial-maya\/#breadcrumb","itemListElement":[{"@type":"ListItem","position":1,"name":"Home","item":"https:\/\/mayanruins.mx\/es\/"},{"@type":"ListItem","position":2,"name":"Productos","item":"https:\/\/mayanruins.mx\/es\/shop\/"},{"@type":"ListItem","position":3,"name":"Noche Ceremonial Maya"}]},{"@type":"WebSite","@id":"https:\/\/mayanruins.mx\/es\/#website","url":"https:\/\/mayanruins.mx\/es\/","name":"Mayan Ruins","description":"","potentialAction":[{"@type":"SearchAction","target":{"@type":"EntryPoint","urlTemplate":"https:\/\/mayanruins.mx\/es\/?s={search_term_string}"},"query-input":"required name=search_term_string"}],"inLanguage":"es"}]}},"_links":{"self":[{"href":"https:\/\/mayanruins.mx\/es\/wp-json\/wp\/v2\/product\/1474"}],"collection":[{"href":"https:\/\/mayanruins.mx\/es\/wp-json\/wp\/v2\/product"}],"about":[{"href":"https:\/\/mayanruins.mx\/es\/wp-json\/wp\/v2\/types\/product"}],"replies":[{"embeddable":true,"href":"https:\/\/mayanruins.mx\/es\/wp-json\/wp\/v2\/comments?post=1474"}],"wp:featuredmedia":[{"embeddable":true,"href":"https:\/\/mayanruins.mx\/es\/wp-json\/wp\/v2\/media\/1744"}],"wp:attachment":[{"href":"https:\/\/mayanruins.mx\/es\/wp-json\/wp\/v2\/media?parent=1474"}],"wp:term":[{"taxonomy":"product_cat","embeddable":true,"href":"https:\/\/mayanruins.mx\/es\/wp-json\/wp\/v2\/product_cat?post=1474"},{"taxonomy":"product_tag","embeddable":true,"href":"https:\/\/mayanruins.mx\/es\/wp-json\/wp\/v2\/product_tag?post=1474"}],"curies":[{"name":"wp","href":"https:\/\/api.w.org\/{rel}","templated":true}]}}