{"id":1473,"date":"2017-08-30T22:39:20","date_gmt":"2017-08-30T16:39:20","guid":{"rendered":"https:\/\/mayanruins.travel\/?post_type=product&#038;p=1473"},"modified":"2017-10-28T03:13:06","modified_gmt":"2017-10-27T21:13:06","slug":"coba","status":"publish","type":"product","link":"https:\/\/mayanruins.mx\/es\/tour\/coba\/","title":{"rendered":"Cob\u00e1"},"content":{"rendered":"<p>[vc_row][vc_column][vc_column_text css=&#8221;.vc_custom_1507151847550{margin-bottom: 0px !important;}&#8221;]<\/p>\n<h3><span style=\"font-weight: bold;\">Conoce los diferentes tours a Cob\u00e1<\/span><\/h3>\n<p>[\/vc_column_text]\r\n\t\t\t<div id=\"toggle-box-5900064869e8a1927d39d\" class=\"slz-shortcode panel-group wrapper-accordion \">\r\n\t\t\t\t<div class=\"panel\">\r\n\t\t\t\t\t<div class=\"panel-heading\">\r\n\t\t\t\t\t\t<h5 class=\"panel-title\">\r\n\t\t\t\t\t\t\t<a data-toggle=\"collapse\" href=\"#5900064869e8a1927d39d-collapse-1\" aria-expanded=\"false\" class=\"accordion-toggle collapsed\">Mayan World<\/a>\r\n\t\t\t\t\t\t<\/h5>\r\n\t\t\t\t\t<\/div>\r\n\t\t\t\t\t<div id=\"5900064869e8a1927d39d-collapse-1\" aria-expanded=\"false\" class=\"panel-collapse collapse\" role=\"tabpanel\">\r\n\t\t\t\t\t\t<div class=\"panel-body\">Transportaci\u00f3n desde\/hasta tu hotel <br \/>\nAlmuerzo abordo <br \/>\nBebidas (agua, refrescos, cervezas) <br \/>\nEntrada a Cob\u00e1 <br \/>\nGu\u00eda Certificado Biling\u00fce <br \/>\nBufete de platillos yucatecos  <br \/>\nVisita por aldea maya  <br \/>\nEntrada al cenote <br \/>\nDuraci\u00f3n: 11 horas<\/div>\r\n\t\t\t\t\t<\/div>\r\n\t\t\t\t<\/div>\r\n\t\t\t\t<div class=\"panel\">\r\n\t\t\t\t\t<div class=\"panel-heading\">\r\n\t\t\t\t\t\t<h5 class=\"panel-title\">\r\n\t\t\t\t\t\t\t<a data-toggle=\"collapse\" href=\"#5900064869e8a1927d39d-collapse-2\" aria-expanded=\"false\" class=\"accordion-toggle collapsed\">Discovery<\/a>\r\n\t\t\t\t\t\t<\/h5>\r\n\t\t\t\t\t<\/div>\r\n\t\t\t\t\t<div id=\"5900064869e8a1927d39d-collapse-2\" aria-expanded=\"false\" class=\"panel-collapse collapse\" role=\"tabpanel\">\r\n\t\t\t\t\t\t<div class=\"panel-body\">Transportaci\u00f3n desde\/hasta tu hotel <br \/>\nAlmuerzo abordo <br \/>\nBebidas (agua, refrescos, cervezas) <br \/>\nEntrada a Cob\u00e1 <br \/>\nGu\u00eda Certificado Biling\u00fce <br \/>\nDuraci\u00f3n: 6 horas<\/div>\r\n\t\t\t\t\t<\/div>\r\n\t\t\t\t<\/div>\r\n\t\t\t\t<div class=\"panel\">\r\n\t\t\t\t\t<div class=\"panel-heading\">\r\n\t\t\t\t\t\t<h5 class=\"panel-title\">\r\n\t\t\t\t\t\t\t<a data-toggle=\"collapse\" href=\"#5900064869e8a1927d39d-collapse-3\" aria-expanded=\"false\" class=\"accordion-toggle collapsed\">Sunset Regional<\/a>\r\n\t\t\t\t\t\t<\/h5>\r\n\t\t\t\t\t<\/div>\r\n\t\t\t\t\t<div id=\"5900064869e8a1927d39d-collapse-3\" aria-expanded=\"false\" class=\"panel-collapse collapse\" role=\"tabpanel\">\r\n\t\t\t\t\t\t<div class=\"panel-body\">Traslado desde\/ hasta tu hotel <br \/>\nTour guiado en Bicicleta<br \/>\nAcceso exclusivo a Cob\u00e1 <br \/>\nGu\u00eda Certificado Biling\u00fce <br \/>\nVisita a Pueblo Maya o Tirolesa<br \/>\nCena Buffet Yucateco<br \/>\nShow\u00a0 del Juego de Pelota con escenas del Popol Vuh<\/div>\r\n\t\t\t\t\t<\/div>\r\n\t\t\t\t<\/div>\r\n\t\t\t\t<div class=\"panel\">\r\n\t\t\t\t\t<div class=\"panel-heading\">\r\n\t\t\t\t\t\t<h5 class=\"panel-title\">\r\n\t\t\t\t\t\t\t<a data-toggle=\"collapse\" href=\"#5900064869e8a1927d39d-collapse-4\" aria-expanded=\"false\" class=\"accordion-toggle collapsed\">Sunset Langosta<\/a>\r\n\t\t\t\t\t\t<\/h5>\r\n\t\t\t\t\t<\/div>\r\n\t\t\t\t\t<div id=\"5900064869e8a1927d39d-collapse-4\" aria-expanded=\"false\" class=\"panel-collapse collapse\" role=\"tabpanel\">\r\n\t\t\t\t\t\t<div class=\"panel-body\">Traslado desde\/ hasta tu hotel <br \/>\nTour guiado en Bicicleta<br \/>\nAcceso exclusivo a Cob\u00e1 <br \/>\nGu\u00eda Certificado Biling\u00fce <br \/>\nVisita a Pueblo Maya o Tirolesa <br \/>\nCena con Langosta<br \/>\nShow\u00a0 del Juego de Pelota con escenas del Popol Vuh<\/div>\r\n\t\t\t\t\t<\/div>\r\n\t\t\t\t<\/div>\r\n\t\t\t<\/div>[\/vc_column][\/vc_row][vc_row][vc_column width=&#8221;1\/2&#8243;][vc_empty_space height=&#8221;70px&#8221;][vc_column_text]<\/p>\n<h2>Explora lo mejor de la cultura maya con los Tour a Cob\u00e1<\/h2>\n<p>Marav\u00edllate en una de las sorprendentes ciudades de la antigua civilizaci\u00f3n maya. Descubre lo mejor de Cob\u00e1 con este Tour de un d\u00eda completo, adem\u00e1s sum\u00e9rgete dentro de un refrescante cenote.<\/p>\n<p>Cob\u00e1 es una de las ciudades mayas que se descubrieron hace poco tiempo y se caracteriza por tener varios caminos que fueron creados para mantenerse comunicados.<\/p>\n<p>A tu llegada a Cob\u00e1 te adentrar\u00e1s en la selva para ir descubriendo incre\u00edbles ruinas arqueol\u00f3gicas e impresionantes estelas que ahora se encuentran resguardadas para que puedas disfrutar de ellas.<\/p>\n<p>[\/vc_column_text][\/vc_column][vc_column width=&#8221;1\/2&#8243;][vc_empty_space][vc_single_image image=&#8221;1535&#8243; img_size=&#8221;full&#8221; alignment=&#8221;right&#8221;][\/vc_column][vc_column][vc_column_text]<\/p>\n<h3>Avent\u00farate y sube 42 metros sobre el cielo en la Pir\u00e1mide Nohoch Mul<\/h3>\n<p>Despu\u00e9s de varios kil\u00f3metros que podr\u00e1s\u00a0 recorrer a pie, en bicicleta o bici taxi llegar\u00e1s a la impresionante pir\u00e1mide Nohoch Mul, es evidente que su altura te invitar\u00e1 a aventurarte en un ascenso hacia el cielo de la selva maya.<\/p>\n<p>Despu\u00e9s de 120 escalones podr\u00e1s tomar un breve descanso y tomar fotograf\u00edas de la hermosa vista antes de regresar a tierra firme, para continuar con el Tour Cob\u00e1 Mayan World.<\/p>\n<h3>Conoce a la comunidad maya en todo su esplendor<\/h3>\n<p>Estamos seguros que despu\u00e9s de visitar las ruinas te interesar\u00e1s por conocer m\u00e1s acerca de los mayas modernos, para\u00a0 que no te quedes con la duda te llevaremos a la comunidad maya m\u00e1s cercana para conozcas, su forma cotidiana de vivir, sus costumbres, tradiciones y hasta sus momentos de recreaci\u00f3n.<\/p>\n<p>Adem\u00e1s tendr\u00e1s la oportunidad de conocer las artesan\u00edas realizadas por los locales de esta interesante comunidad.<\/p>\n<p>El siguiente destino ser\u00e1 un bello restaurante local, en donde podr\u00e1s degustar los platillos m\u00e1s deliciosos creados por manos yucatecas.<\/p>\n<p>Sabemos que disfrutar\u00e1s de este manjar de los dioses.<\/p>\n<h3>Disfruta de las aguas cristalinas de un cenote<\/h3>\n<p>Para finalizar con el Tour Cob\u00e1 Mayan World te llevaremos a uno de los pozos naturales que caracteriza a la Peninsula de Yucat\u00e1n, sus refrescantes y cristalinas aguas te invitar\u00e1n a sumergirte.<br \/>\nDivi\u00e9rtete por 50 minutos antes de regresar al transporte ya que te llevaremos de vuelta a tu hotel.[\/vc_column_text][\/vc_column][\/vc_row][vc_row][vc_column][vc_empty_space][vc_column_text]<\/p>\n<p style=\"font-size: 30px;\">Explorar m\u00e1s tours<\/p>\n<p>[\/vc_column_text]<div class=\"woocommerce columns-4 \"><ul class=\"products columns-4\">\n<li class=\"tm-has-options product type-product post-1476 status-publish first instock product_cat-sin-categorizar has-post-thumbnail shipping-taxable purchasable product-type-simple\">\n\t<a href=\"https:\/\/mayanruins.mx\/es\/tour\/coba-privado\/\" class=\"woocommerce-LoopProduct-link woocommerce-loop-product__link\"><img loading=\"lazy\" decoding=\"async\" width=\"300\" height=\"245\" src=\"https:\/\/mayanruins.mx\/es\/wp-content\/uploads\/sites\/2\/2017\/08\/visit-coba-mayan-ruins-1.jpg\" class=\"attachment-woocommerce_thumbnail size-woocommerce_thumbnail\" alt=\"\" srcset=\"https:\/\/mayanruins.mx\/es\/wp-content\/uploads\/sites\/2\/2017\/08\/visit-coba-mayan-ruins-1.jpg 450w, https:\/\/mayanruins.mx\/es\/wp-content\/uploads\/sites\/2\/2017\/08\/visit-coba-mayan-ruins-1-300x245.jpg 300w\" sizes=\"(max-width: 300px) 100vw, 300px\" \/><h2 class=\"woocommerce-loop-product__title\">Cob\u00e1 Privado<\/h2>\n\t<span class=\"price\">Desde <span class=\"woocommerce-Price-amount amount\"><bdi><span class=\"woocommerce-Price-currencySymbol\">&#36;<\/span>397<\/bdi><\/span> USD<\/span>\n<\/a><a href=\"?add-to-cart=1476\" data-quantity=\"1\" class=\"button product_type_simple add_to_cart_button \" data-product_id=\"1476\" data-product_sku=\"\" aria-label=\"Add to cart: &ldquo;Cob\u00e1 Privado&rdquo;\" rel=\"nofollow\">A\u00f1adir al carrito<\/a><\/li>\n<li class=\"tm-has-options product type-product post-1470 status-publish instock product_cat-sin-categorizar has-post-thumbnail shipping-taxable purchasable product-type-simple\">\n\t<a href=\"https:\/\/mayanruins.mx\/es\/tour\/coba-y-tulum\/\" class=\"woocommerce-LoopProduct-link woocommerce-loop-product__link\"><img loading=\"lazy\" decoding=\"async\" width=\"300\" height=\"245\" src=\"https:\/\/mayanruins.mx\/es\/wp-content\/uploads\/sites\/2\/2017\/08\/coba-mayan-ruins.jpg\" class=\"attachment-woocommerce_thumbnail size-woocommerce_thumbnail\" alt=\"\" srcset=\"https:\/\/mayanruins.mx\/es\/wp-content\/uploads\/sites\/2\/2017\/08\/coba-mayan-ruins.jpg 450w, https:\/\/mayanruins.mx\/es\/wp-content\/uploads\/sites\/2\/2017\/08\/coba-mayan-ruins-300x245.jpg 300w\" sizes=\"(max-width: 300px) 100vw, 300px\" \/><h2 class=\"woocommerce-loop-product__title\">Cob\u00e1 y Tulum<\/h2>\n\t<span class=\"price\">Desde <span class=\"woocommerce-Price-amount amount\"><bdi><span class=\"woocommerce-Price-currencySymbol\">&#36;<\/span>129<\/bdi><\/span> USD<\/span>\n<\/a><a href=\"?add-to-cart=1470\" data-quantity=\"1\" class=\"button product_type_simple add_to_cart_button \" data-product_id=\"1470\" data-product_sku=\"\" aria-label=\"Add to cart: &ldquo;Cob\u00e1 y Tulum&rdquo;\" rel=\"nofollow\">A\u00f1adir al carrito<\/a><\/li>\n<li class=\"tm-has-options product type-product post-1444 status-publish instock product_cat-sin-categorizar has-post-thumbnail shipping-taxable purchasable product-type-simple\">\n\t<a href=\"https:\/\/mayanruins.mx\/es\/tour\/ek-balam\/\" class=\"woocommerce-LoopProduct-link woocommerce-loop-product__link\"><img loading=\"lazy\" decoding=\"async\" width=\"300\" height=\"245\" src=\"https:\/\/mayanruins.mx\/es\/wp-content\/uploads\/sites\/2\/2017\/08\/cenote-ek-balam-tour-at-mayan-ruins.jpg\" class=\"attachment-woocommerce_thumbnail size-woocommerce_thumbnail\" alt=\"\" srcset=\"https:\/\/mayanruins.mx\/es\/wp-content\/uploads\/sites\/2\/2017\/08\/cenote-ek-balam-tour-at-mayan-ruins.jpg 450w, https:\/\/mayanruins.mx\/es\/wp-content\/uploads\/sites\/2\/2017\/08\/cenote-ek-balam-tour-at-mayan-ruins-300x245.jpg 300w\" sizes=\"(max-width: 300px) 100vw, 300px\" \/><h2 class=\"woocommerce-loop-product__title\">Ek Bal\u00e1m<\/h2>\n\t<span class=\"price\">Desde <span class=\"woocommerce-Price-amount amount\"><bdi><span class=\"woocommerce-Price-currencySymbol\">&#36;<\/span>79<\/bdi><\/span> USD<\/span>\n<\/a><a href=\"?add-to-cart=1444\" data-quantity=\"1\" class=\"button product_type_simple add_to_cart_button \" data-product_id=\"1444\" data-product_sku=\"\" aria-label=\"Add to cart: &ldquo;Ek Bal\u00e1m&rdquo;\" rel=\"nofollow\">A\u00f1adir al carrito<\/a><\/li>\n<li class=\"tm-has-options product type-product post-1683 status-publish last instock product_cat-sin-categorizar has-post-thumbnail shipping-taxable purchasable product-type-simple\">\n\t<a href=\"https:\/\/mayanruins.mx\/es\/tour\/tulum-y-cenote\/\" class=\"woocommerce-LoopProduct-link woocommerce-loop-product__link\"><img loading=\"lazy\" decoding=\"async\" width=\"300\" height=\"245\" src=\"https:\/\/mayanruins.mx\/es\/wp-content\/uploads\/sites\/2\/2017\/08\/tulum-maya-ruins-cenote.jpg\" class=\"attachment-woocommerce_thumbnail size-woocommerce_thumbnail\" alt=\"\" srcset=\"https:\/\/mayanruins.mx\/es\/wp-content\/uploads\/sites\/2\/2017\/08\/tulum-maya-ruins-cenote.jpg 450w, https:\/\/mayanruins.mx\/es\/wp-content\/uploads\/sites\/2\/2017\/08\/tulum-maya-ruins-cenote-300x245.jpg 300w\" sizes=\"(max-width: 300px) 100vw, 300px\" \/><h2 class=\"woocommerce-loop-product__title\">Tulum y Cenote<\/h2>\n\t<span class=\"price\">Desde <span class=\"woocommerce-Price-amount amount\"><bdi><span class=\"woocommerce-Price-currencySymbol\">&#36;<\/span>59<\/bdi><\/span> USD<\/span>\n<\/a><a href=\"?add-to-cart=1683\" data-quantity=\"1\" class=\"button product_type_simple add_to_cart_button \" data-product_id=\"1683\" data-product_sku=\"\" aria-label=\"Add to cart: &ldquo;Tulum y Cenote&rdquo;\" rel=\"nofollow\">A\u00f1adir al carrito<\/a><\/li>\n<\/ul>\n<\/div>[\/vc_column][\/vc_row]<\/p>\n","protected":false},"excerpt":{"rendered":"<p>[vc_row][vc_column][vc_column_text css=&#8221;.vc_custom_1507151847550{margin-bottom: 0px !important;}&#8221;] Conoce los diferentes tours a Cob\u00e1 [\/vc_column_text][\/vc_column][\/vc_row][vc_row][vc_column width=&#8221;1\/2&#8243;][vc_empty_space height=&#8221;70px&#8221;][vc_column_text] Explora lo mejor de la cultura maya con los Tour a Cob\u00e1 Marav\u00edllate en una de las sorprendentes ciudades de la antigua civilizaci\u00f3n maya. Descubre lo mejor de Cob\u00e1 con este Tour de un d\u00eda completo, adem\u00e1s sum\u00e9rgete dentro de un refrescante [&hellip;]<\/p>\n","protected":false},"featured_media":1536,"comment_status":"open","ping_status":"closed","template":"","meta":[],"product_cat":[93],"product_tag":[],"class_list":{"0":"post-1473","1":"product","2":"type-product","3":"status-publish","4":"has-post-thumbnail","6":"product_cat-sin-categorizar","7":"tm-has-options","9":"first","10":"instock","11":"shipping-taxable","12":"purchasable","13":"product-type-simple"},"yoast_head":"<!-- This site is optimized with the Yoast SEO plugin v23.3 - https:\/\/yoast.com\/wordpress\/plugins\/seo\/ -->\n<title>Tour a Cob\u00e1<\/title>\n<meta name=\"description\" content=\"Sube a la pir\u00e1mide m\u00e1s alta de la Peninsula de Yucat\u00e1n, 42 metros m\u00e1s cerca del cielo es una experiencia que solo vivir\u00e1s en el Tour a Cob\u00e1.\" \/>\n<meta name=\"robots\" content=\"noindex, follow\" \/>\n<meta property=\"og:locale\" content=\"es_MX\" \/>\n<meta property=\"og:type\" content=\"article\" \/>\n<meta property=\"og:title\" content=\"Tour a Cob\u00e1\" \/>\n<meta property=\"og:description\" content=\"Sube a la pir\u00e1mide m\u00e1s alta de la Peninsula de Yucat\u00e1n, 42 metros m\u00e1s cerca del cielo es una experiencia que solo vivir\u00e1s en el Tour a Cob\u00e1.\" \/>\n<meta property=\"og:url\" content=\"https:\/\/mayanruins.mx\/es\/tour\/coba\/\" \/>\n<meta property=\"og:site_name\" content=\"Mayan Ruins\" \/>\n<meta property=\"article:modified_time\" content=\"2017-10-27T21:13:06+00:00\" \/>\n<meta property=\"og:image\" content=\"https:\/\/mayanruins.mx\/es\/wp-content\/uploads\/sites\/2\/2017\/08\/cobas-ruin-from-mayan-ruins.jpg\" \/>\n\t<meta property=\"og:image:width\" content=\"450\" \/>\n\t<meta property=\"og:image:height\" content=\"367\" \/>\n\t<meta property=\"og:image:type\" content=\"image\/jpeg\" \/>\n<meta name=\"twitter:card\" content=\"summary_large_image\" \/>\n<meta name=\"twitter:label1\" content=\"Tiempo de lectura\" \/>\n\t<meta name=\"twitter:data1\" content=\"3 minutos\" \/>\n<script type=\"application\/ld+json\" class=\"yoast-schema-graph\">{\"@context\":\"https:\/\/schema.org\",\"@graph\":[{\"@type\":\"WebPage\",\"@id\":\"https:\/\/mayanruins.mx\/es\/tour\/coba\/\",\"url\":\"https:\/\/mayanruins.mx\/es\/tour\/coba\/\",\"name\":\"Tour a Cob\u00e1\",\"isPartOf\":{\"@id\":\"https:\/\/mayanruins.mx\/es\/#website\"},\"primaryImageOfPage\":{\"@id\":\"https:\/\/mayanruins.mx\/es\/tour\/coba\/#primaryimage\"},\"image\":{\"@id\":\"https:\/\/mayanruins.mx\/es\/tour\/coba\/#primaryimage\"},\"thumbnailUrl\":\"https:\/\/mayanruins.mx\/es\/wp-content\/uploads\/sites\/2\/2017\/08\/cobas-ruin-from-mayan-ruins.jpg\",\"datePublished\":\"2017-08-30T16:39:20+00:00\",\"dateModified\":\"2017-10-27T21:13:06+00:00\",\"description\":\"Sube a la pir\u00e1mide m\u00e1s alta de la Peninsula de Yucat\u00e1n, 42 metros m\u00e1s cerca del cielo es una experiencia que solo vivir\u00e1s en el Tour a Cob\u00e1.\",\"breadcrumb\":{\"@id\":\"https:\/\/mayanruins.mx\/es\/tour\/coba\/#breadcrumb\"},\"inLanguage\":\"es\",\"potentialAction\":[{\"@type\":\"ReadAction\",\"target\":[\"https:\/\/mayanruins.mx\/es\/tour\/coba\/\"]}]},{\"@type\":\"ImageObject\",\"inLanguage\":\"es\",\"@id\":\"https:\/\/mayanruins.mx\/es\/tour\/coba\/#primaryimage\",\"url\":\"https:\/\/mayanruins.mx\/es\/wp-content\/uploads\/sites\/2\/2017\/08\/cobas-ruin-from-mayan-ruins.jpg\",\"contentUrl\":\"https:\/\/mayanruins.mx\/es\/wp-content\/uploads\/sites\/2\/2017\/08\/cobas-ruin-from-mayan-ruins.jpg\",\"width\":\"450\",\"height\":\"367\"},{\"@type\":\"BreadcrumbList\",\"@id\":\"https:\/\/mayanruins.mx\/es\/tour\/coba\/#breadcrumb\",\"itemListElement\":[{\"@type\":\"ListItem\",\"position\":1,\"name\":\"Home\",\"item\":\"https:\/\/mayanruins.mx\/es\/\"},{\"@type\":\"ListItem\",\"position\":2,\"name\":\"Productos\",\"item\":\"https:\/\/mayanruins.mx\/es\/shop\/\"},{\"@type\":\"ListItem\",\"position\":3,\"name\":\"Cob\u00e1\"}]},{\"@type\":\"WebSite\",\"@id\":\"https:\/\/mayanruins.mx\/es\/#website\",\"url\":\"https:\/\/mayanruins.mx\/es\/\",\"name\":\"Mayan Ruins\",\"description\":\"\",\"potentialAction\":[{\"@type\":\"SearchAction\",\"target\":{\"@type\":\"EntryPoint\",\"urlTemplate\":\"https:\/\/mayanruins.mx\/es\/?s={search_term_string}\"},\"query-input\":\"required name=search_term_string\"}],\"inLanguage\":\"es\"}]}<\/script>\n<!-- \/ Yoast SEO plugin. -->","yoast_head_json":{"title":"Tour a Cob\u00e1","description":"Sube a la pir\u00e1mide m\u00e1s alta de la Peninsula de Yucat\u00e1n, 42 metros m\u00e1s cerca del cielo es una experiencia que solo vivir\u00e1s en el Tour a Cob\u00e1.","robots":{"index":"noindex","follow":"follow"},"og_locale":"es_MX","og_type":"article","og_title":"Tour a Cob\u00e1","og_description":"Sube a la pir\u00e1mide m\u00e1s alta de la Peninsula de Yucat\u00e1n, 42 metros m\u00e1s cerca del cielo es una experiencia que solo vivir\u00e1s en el Tour a Cob\u00e1.","og_url":"https:\/\/mayanruins.mx\/es\/tour\/coba\/","og_site_name":"Mayan Ruins","article_modified_time":"2017-10-27T21:13:06+00:00","og_image":[{"width":450,"height":367,"url":"https:\/\/mayanruins.mx\/es\/wp-content\/uploads\/sites\/2\/2017\/08\/cobas-ruin-from-mayan-ruins.jpg","type":"image\/jpeg"}],"twitter_card":"summary_large_image","twitter_misc":{"Tiempo de lectura":"3 minutos"},"schema":{"@context":"https:\/\/schema.org","@graph":[{"@type":"WebPage","@id":"https:\/\/mayanruins.mx\/es\/tour\/coba\/","url":"https:\/\/mayanruins.mx\/es\/tour\/coba\/","name":"Tour a Cob\u00e1","isPartOf":{"@id":"https:\/\/mayanruins.mx\/es\/#website"},"primaryImageOfPage":{"@id":"https:\/\/mayanruins.mx\/es\/tour\/coba\/#primaryimage"},"image":{"@id":"https:\/\/mayanruins.mx\/es\/tour\/coba\/#primaryimage"},"thumbnailUrl":"https:\/\/mayanruins.mx\/es\/wp-content\/uploads\/sites\/2\/2017\/08\/cobas-ruin-from-mayan-ruins.jpg","datePublished":"2017-08-30T16:39:20+00:00","dateModified":"2017-10-27T21:13:06+00:00","description":"Sube a la pir\u00e1mide m\u00e1s alta de la Peninsula de Yucat\u00e1n, 42 metros m\u00e1s cerca del cielo es una experiencia que solo vivir\u00e1s en el Tour a Cob\u00e1.","breadcrumb":{"@id":"https:\/\/mayanruins.mx\/es\/tour\/coba\/#breadcrumb"},"inLanguage":"es","potentialAction":[{"@type":"ReadAction","target":["https:\/\/mayanruins.mx\/es\/tour\/coba\/"]}]},{"@type":"ImageObject","inLanguage":"es","@id":"https:\/\/mayanruins.mx\/es\/tour\/coba\/#primaryimage","url":"https:\/\/mayanruins.mx\/es\/wp-content\/uploads\/sites\/2\/2017\/08\/cobas-ruin-from-mayan-ruins.jpg","contentUrl":"https:\/\/mayanruins.mx\/es\/wp-content\/uploads\/sites\/2\/2017\/08\/cobas-ruin-from-mayan-ruins.jpg","width":"450","height":"367"},{"@type":"BreadcrumbList","@id":"https:\/\/mayanruins.mx\/es\/tour\/coba\/#breadcrumb","itemListElement":[{"@type":"ListItem","position":1,"name":"Home","item":"https:\/\/mayanruins.mx\/es\/"},{"@type":"ListItem","position":2,"name":"Productos","item":"https:\/\/mayanruins.mx\/es\/shop\/"},{"@type":"ListItem","position":3,"name":"Cob\u00e1"}]},{"@type":"WebSite","@id":"https:\/\/mayanruins.mx\/es\/#website","url":"https:\/\/mayanruins.mx\/es\/","name":"Mayan Ruins","description":"","potentialAction":[{"@type":"SearchAction","target":{"@type":"EntryPoint","urlTemplate":"https:\/\/mayanruins.mx\/es\/?s={search_term_string}"},"query-input":"required name=search_term_string"}],"inLanguage":"es"}]}},"_links":{"self":[{"href":"https:\/\/mayanruins.mx\/es\/wp-json\/wp\/v2\/product\/1473"}],"collection":[{"href":"https:\/\/mayanruins.mx\/es\/wp-json\/wp\/v2\/product"}],"about":[{"href":"https:\/\/mayanruins.mx\/es\/wp-json\/wp\/v2\/types\/product"}],"replies":[{"embeddable":true,"href":"https:\/\/mayanruins.mx\/es\/wp-json\/wp\/v2\/comments?post=1473"}],"wp:featuredmedia":[{"embeddable":true,"href":"https:\/\/mayanruins.mx\/es\/wp-json\/wp\/v2\/media\/1536"}],"wp:attachment":[{"href":"https:\/\/mayanruins.mx\/es\/wp-json\/wp\/v2\/media?parent=1473"}],"wp:term":[{"taxonomy":"product_cat","embeddable":true,"href":"https:\/\/mayanruins.mx\/es\/wp-json\/wp\/v2\/product_cat?post=1473"},{"taxonomy":"product_tag","embeddable":true,"href":"https:\/\/mayanruins.mx\/es\/wp-json\/wp\/v2\/product_tag?post=1473"}],"curies":[{"name":"wp","href":"https:\/\/api.w.org\/{rel}","templated":true}]}}