{"id":1472,"date":"2017-08-30T22:38:40","date_gmt":"2017-08-30T16:38:40","guid":{"rendered":"https:\/\/mayanruins.travel\/?post_type=product&#038;p=1472"},"modified":"2017-10-13T04:49:48","modified_gmt":"2017-10-12T22:49:48","slug":"el-meco","status":"publish","type":"product","link":"https:\/\/mayanruins.mx\/es\/tour\/el-meco\/","title":{"rendered":"El Meco"},"content":{"rendered":"<p>[vc_row][vc_column][vc_column_text]<\/p>\n<h2>Recorrido por las ruinas El Meco y shopping en Canc\u00fan<\/h2>\n<p>Tendr\u00e1s la oportunidad de ver el \u00fanico sitio arqueol\u00f3gico en la ciudad y aprender su historia: El Meco.<\/p>\n<p>Las Ruinas &#8220;El Meco&#8221; so uno de los sitios arqueol\u00f3gicos que se encuentran en la ciudad de Canc\u00fan .<\/p>\n<p>Probablemente este yacimiento del periodo cl\u00e1sico era un peque\u00f1o pueblo de pescadores que se encontraba bajo la influencia de la ciudad Cob\u00e1, m\u00e1s tarde con Chichen Itz\u00e1 y un poco despu\u00e9s con Mayapan.<\/p>\n<p>El Meco fue uno de los yacimientos con una ubicaci\u00f3n privilegiada, ya que al encontrarse al pie de la playa, le permiti\u00f3 desarrollarse como punto de comercio con Isla Mujeres.<br \/>\nSiendo uno de los puertos m\u00e1s activos del Caribe, tambi\u00e9n contaba con un centro comercial y centro ceremonial.<\/p>\n<h3>\u00a1Conoce todo acerca de este importante sitio arqueol\u00f3gico!<\/h3>\n<p>Despu\u00e9s de recorrer este importante yacimiento de la cultura maya, podr\u00e1s conocer las tiendas m\u00e1s emblem\u00e1ticas de Canc\u00fan. Podr\u00e1s comprar los m\u00e1s bellos souvenirs , artesan\u00edas, plata y piezas de arte.<\/p>\n<p>Adem\u00e1s, visitar\u00e1s el museo del Tequila ubicado en la Hacienda de Plaza Kukulcan,.h\u00ed encontrar\u00e1s m\u00e1s de 400 marcas de los mejores tequilas, aprende el proceso de elaboraci\u00f3n de esta deliciosa bebida.<\/p>\n<p>Duraci\u00f3n: 6 horas (aprox.)[\/vc_column_text][\/vc_column][\/vc_row][vc_row][vc_column]<div class=\"slz-shortcode block-title-130523155769e35b9e540d9 \">\r\n<h3 class=\"slz-shortcode title-style-3\">\u00bfQu\u00e9 incluye el tour?<\/h3><\/div>\r\n<div class=\"slz-shortcode item-list-style06 item-list-143632931269e35b9e5413c wrapper-journey \" data-item=3><div class=\"item feature-item\"><i class=\"icon-journey fa fa-money\"><\/i><div class=\"text\">Excelentes precios<\/div><\/div><div class=\"item feature-item\"><i class=\"icon-journey fa fa-car\"><\/i><div class=\"text\">Traslado de\/hasta tu hotel<\/div><\/div><div class=\"item feature-item\"><i class=\"icon-journey flaticon-man\"><\/i><div class=\"text\">Gu\u00eda certificado biling\u00fce<\/div><\/div><\/div>[\/vc_column][\/vc_row][vc_row css=&#8221;.vc_custom_1466409302371{padding-top: 60px !important;}&#8221;][vc_column]<div class=\"slz-shortcode tour-schedule overview-block clearfix \">\r\n\t\t<h3 class=\"title-style-3\">Itinerario<\/h3>\r\n\t\r\n\t<div class=\"timeline-container\">\r\n\t\t<div class=\"timeline\">\r\n\t\t\t\t\t\t<div class=\"timeline-block timeline-1\">\r\n\t\t\t\t<div class=\"timeline-title\">\r\n\t\t\t\t\t<span>11:00 am<\/span>\r\n\t\t\t\t<\/div>\r\n\t\t\t\t<div class=\"timeline-content medium-margin-top\">\r\n\t\t\t\t\t<div class=\"row\">\r\n\t\t\t\t\t\t<div class=\"timeline-point\"><i class=\"fa fa-circle-o\"><\/i><\/div>\r\n\t\t\t\t\t\t<div class=\"timeline-custom-col content-col \">\r\n\t\t\t\t\t\t\t<div class=\"timeline-location-block\">\r\n\t\t\t\t\t\t\t\t<p class=\"location-name\">\r\n\t\t\t\t\t\t\t\t\tPick up\t\t\t\t\t\t\t\t\t\t\t\t\t\t\t\t\t\t<i class=\"fa fa-map-marker icon-marker\"><\/i>\r\n\t\t\t\t\t\t\t\t\t\t\t\t\t\t\t\t\t<\/p>\r\n\t\t\t\t\t\t\t\t<div class=\"description\">\r\n\t\t\t\t\t\t\t\t\tIremos por ti a la puerta de tu hotel a las 11 am y daremos inicio al recorrido junto con un gu\u00eda profesional.\t\t\t\t\t\t\t\t<\/div>\r\n\t\t\t\t\t\t\t<\/div>\r\n\t\t\t\t\t\t<\/div>\r\n\t\t\t\t\t\t<div class=\"timeline-custom-col image-col\" data-slick=\"{&quot;slidesToShow&quot;:1,&quot;slidesToScroll&quot;:1,&quot;dots&quot;:true,&quot;arrows&quot;:true,&quot;autoplay&quot;:true,&quot;infinite&quot;:true,&quot;speed&quot;:300,&quot;fade&quot;:false}\"><div class=\"timeline-image-block items\"><img decoding=\"async\" src=\"https:\/\/mayanruins.mx\/es\/wp-content\/uploads\/sites\/2\/2017\/08\/ek-balam-mayan-ruins-pick-up.jpg\" alt=\"\"><\/div><\/div>\t\t\t\t\t<\/div>\r\n\t\t\t\t<\/div>\r\n\t\t\t<\/div>\r\n\t\t\t\t\t\t<div class=\"timeline-block timeline-2\">\r\n\t\t\t\t<div class=\"timeline-title\">\r\n\t\t\t\t\t<span><\/span>\r\n\t\t\t\t<\/div>\r\n\t\t\t\t<div class=\"timeline-content medium-margin-top\">\r\n\t\t\t\t\t<div class=\"row\">\r\n\t\t\t\t\t\t<div class=\"timeline-point\"><i class=\"fa fa-circle-o\"><\/i><\/div>\r\n\t\t\t\t\t\t<div class=\"timeline-custom-col content-col \">\r\n\t\t\t\t\t\t\t<div class=\"timeline-location-block\">\r\n\t\t\t\t\t\t\t\t<p class=\"location-name\">\r\n\t\t\t\t\t\t\t\t\tVisita Ruinas El Meco\t\t\t\t\t\t\t\t\t\t\t\t\t\t\t\t\t\t<i class=\"fa fa-map-marker icon-marker\"><\/i>\r\n\t\t\t\t\t\t\t\t\t\t\t\t\t\t\t\t\t<\/p>\r\n\t\t\t\t\t\t\t\t<div class=\"description\">\r\n\t\t\t\t\t\t\t\t\tExploraremos las ruinas arqueol\u00f3gicas de El Meco junto con el gu\u00eda especializado biling\u00fce\t\t\t\t\t\t\t\t<\/div>\r\n\t\t\t\t\t\t\t<\/div>\r\n\t\t\t\t\t\t<\/div>\r\n\t\t\t\t\t\t<div class=\"timeline-custom-col image-col\" data-slick=\"{&quot;slidesToShow&quot;:1,&quot;slidesToScroll&quot;:1,&quot;dots&quot;:true,&quot;arrows&quot;:true,&quot;autoplay&quot;:true,&quot;infinite&quot;:true,&quot;speed&quot;:300,&quot;fade&quot;:false}\"><div class=\"timeline-image-block items\"><img decoding=\"async\" src=\"https:\/\/mayanruins.mx\/es\/wp-content\/uploads\/sites\/2\/2017\/08\/el-meco-itinerario.jpg\" alt=\"\"><\/div><\/div>\t\t\t\t\t<\/div>\r\n\t\t\t\t<\/div>\r\n\t\t\t<\/div>\r\n\t\t\t\t\t\t<div class=\"timeline-block timeline-3\">\r\n\t\t\t\t<div class=\"timeline-title\">\r\n\t\t\t\t\t<span><\/span>\r\n\t\t\t\t<\/div>\r\n\t\t\t\t<div class=\"timeline-content medium-margin-top\">\r\n\t\t\t\t\t<div class=\"row\">\r\n\t\t\t\t\t\t<div class=\"timeline-point\"><i class=\"fa fa-circle-o\"><\/i><\/div>\r\n\t\t\t\t\t\t<div class=\"timeline-custom-col content-col \">\r\n\t\t\t\t\t\t\t<div class=\"timeline-location-block\">\r\n\t\t\t\t\t\t\t\t<p class=\"location-name\">\r\n\t\t\t\t\t\t\t\t\tMercado 28\t\t\t\t\t\t\t\t\t\t\t\t\t\t\t\t\t\t<i class=\"fa fa-map-marker icon-marker\"><\/i>\r\n\t\t\t\t\t\t\t\t\t\t\t\t\t\t\t\t\t<\/p>\r\n\t\t\t\t\t\t\t\t<div class=\"description\">\r\n\t\t\t\t\t\t\t\t\tDespu\u00e9s de recorrer El Meco pasearemos por el centro e iremos a el Mercado 28 para que una vez que te hayas llenado de souvenirs puedas comer en Plaza Bonita.\t\t\t\t\t\t\t\t<\/div>\r\n\t\t\t\t\t\t\t<\/div>\r\n\t\t\t\t\t\t<\/div>\r\n\t\t\t\t\t\t<div class=\"timeline-custom-col image-col\" data-slick=\"{&quot;slidesToShow&quot;:1,&quot;slidesToScroll&quot;:1,&quot;dots&quot;:true,&quot;arrows&quot;:true,&quot;autoplay&quot;:true,&quot;infinite&quot;:true,&quot;speed&quot;:300,&quot;fade&quot;:false}\"><div class=\"timeline-image-block items\"><img decoding=\"async\" src=\"https:\/\/mayanruins.mx\/es\/wp-content\/uploads\/sites\/2\/2017\/08\/el-mercado-28-visita-desde-mayan-ruins.jpg\" alt=\"\"><\/div><\/div>\t\t\t\t\t<\/div>\r\n\t\t\t\t<\/div>\r\n\t\t\t<\/div>\r\n\t\t\t\t\t\t<div class=\"timeline-block timeline-4\">\r\n\t\t\t\t<div class=\"timeline-title\">\r\n\t\t\t\t\t<span><\/span>\r\n\t\t\t\t<\/div>\r\n\t\t\t\t<div class=\"timeline-content medium-margin-top\">\r\n\t\t\t\t\t<div class=\"row\">\r\n\t\t\t\t\t\t<div class=\"timeline-point\"><i class=\"fa fa-circle-o\"><\/i><\/div>\r\n\t\t\t\t\t\t<div class=\"timeline-custom-col content-col \">\r\n\t\t\t\t\t\t\t<div class=\"timeline-location-block\">\r\n\t\t\t\t\t\t\t\t<p class=\"location-name\">\r\n\t\t\t\t\t\t\t\t\tMuseo del Tequila\t\t\t\t\t\t\t\t\t\t\t\t\t\t\t\t\t\t<i class=\"fa fa-map-marker icon-marker\"><\/i>\r\n\t\t\t\t\t\t\t\t\t\t\t\t\t\t\t\t\t<\/p>\r\n\t\t\t\t\t\t\t\t<div class=\"description\">\r\n\t\t\t\t\t\t\t\t\tVisitaremos tambi\u00e9n el Museo del Tequila en la Hacienda de la Plaza Kukulcan donde ver\u00e1s m\u00e1s de 400 marcas de los mejores tequilas de M\u00e9xico e incluso aprender\u00e1s su preparaci\u00f3n. \t\t\t\t\t\t\t\t<\/div>\r\n\t\t\t\t\t\t\t<\/div>\r\n\t\t\t\t\t\t<\/div>\r\n\t\t\t\t\t\t<div class=\"timeline-custom-col image-col\" data-slick=\"{&quot;slidesToShow&quot;:1,&quot;slidesToScroll&quot;:1,&quot;dots&quot;:true,&quot;arrows&quot;:true,&quot;autoplay&quot;:true,&quot;infinite&quot;:true,&quot;speed&quot;:300,&quot;fade&quot;:false}\"><div class=\"timeline-image-block items\"><img decoding=\"async\" src=\"https:\/\/mayanruins.mx\/es\/wp-content\/uploads\/sites\/2\/2017\/08\/museo-del-tequila-en-cancun.jpg\" alt=\"\"><\/div><\/div>\t\t\t\t\t<\/div>\r\n\t\t\t\t<\/div>\r\n\t\t\t<\/div>\r\n\t\t\t\t\t\t<div class=\"timeline-block timeline-5\">\r\n\t\t\t\t<div class=\"timeline-title\">\r\n\t\t\t\t\t<span><\/span>\r\n\t\t\t\t<\/div>\r\n\t\t\t\t<div class=\"timeline-content medium-margin-top\">\r\n\t\t\t\t\t<div class=\"row\">\r\n\t\t\t\t\t\t<div class=\"timeline-point\"><i class=\"fa fa-circle-o\"><\/i><\/div>\r\n\t\t\t\t\t\t<div class=\"timeline-custom-col content-col \">\r\n\t\t\t\t\t\t\t<div class=\"timeline-location-block\">\r\n\t\t\t\t\t\t\t\t<p class=\"location-name\">\r\n\t\t\t\t\t\t\t\t\tMirador\t\t\t\t\t\t\t\t\t\t\t\t\t\t\t\t\t\t<i class=\"fa fa-map-marker icon-marker\"><\/i>\r\n\t\t\t\t\t\t\t\t\t\t\t\t\t\t\t\t\t<\/p>\r\n\t\t\t\t\t\t\t\t<div class=\"description\">\r\n\t\t\t\t\t\t\t\t\tFinalmente iremos a El Mirador, donde se encuentra Playa Delfines, para que puedas tomar fotos incre\u00edbles y pasemos a dejarte c\u00f3modamente nuevo a tu hotel.\t\t\t\t\t\t\t\t<\/div>\r\n\t\t\t\t\t\t\t<\/div>\r\n\t\t\t\t\t\t<\/div>\r\n\t\t\t\t\t\t<div class=\"timeline-custom-col image-col\" data-slick=\"{&quot;slidesToShow&quot;:1,&quot;slidesToScroll&quot;:1,&quot;dots&quot;:true,&quot;arrows&quot;:true,&quot;autoplay&quot;:true,&quot;infinite&quot;:true,&quot;speed&quot;:300,&quot;fade&quot;:false}\"><div class=\"timeline-image-block items\"><img decoding=\"async\" src=\"https:\/\/mayanruins.mx\/es\/wp-content\/uploads\/sites\/2\/2017\/08\/mirador-mayan-ruins.jpg\" alt=\"\"><\/div><\/div>\t\t\t\t\t<\/div>\r\n\t\t\t\t<\/div>\r\n\t\t\t<\/div>\r\n\t\t\t\t\t<\/div>\r\n\t<\/div>\r\n<\/div>\r\n<div class=\"slz-shortcode block-title-27499461669e35b9e552a1 \">\r\n<h3 class=\"slz-shortcode title-style-3\">Horario sujeto a cambios<\/h3><\/div>\r\n[\/vc_column][\/vc_row][vc_row][vc_column][vc_empty_space][vc_column_text]<\/p>\n<p style=\"font-size: 30px;\">Explorar m\u00e1s tours<\/p>\n<p>[\/vc_column_text]<div class=\"woocommerce columns-4 \"><ul class=\"products columns-4\">\n<li class=\"tm-has-options product type-product post-1466 status-publish first instock product_cat-sin-categorizar has-post-thumbnail shipping-taxable purchasable product-type-simple\">\n\t<a href=\"https:\/\/mayanruins.mx\/es\/tour\/chichen-itza\/\" class=\"woocommerce-LoopProduct-link woocommerce-loop-product__link\"><img loading=\"lazy\" decoding=\"async\" width=\"300\" height=\"245\" src=\"https:\/\/mayanruins.mx\/es\/wp-content\/uploads\/sites\/2\/2017\/08\/chichen-itza-tours.jpg\" class=\"attachment-woocommerce_thumbnail size-woocommerce_thumbnail\" alt=\"\" srcset=\"https:\/\/mayanruins.mx\/es\/wp-content\/uploads\/sites\/2\/2017\/08\/chichen-itza-tours.jpg 450w, https:\/\/mayanruins.mx\/es\/wp-content\/uploads\/sites\/2\/2017\/08\/chichen-itza-tours-300x245.jpg 300w\" sizes=\"(max-width: 300px) 100vw, 300px\" \/><h2 class=\"woocommerce-loop-product__title\">Chichen Itz\u00e1<\/h2>\n\t<span class=\"price\">Desde <span class=\"woocommerce-Price-amount amount\"><bdi><span class=\"woocommerce-Price-currencySymbol\">&#36;<\/span>79<\/bdi><\/span> USD<\/span>\n<\/a><a href=\"?add-to-cart=1466\" data-quantity=\"1\" class=\"button product_type_simple add_to_cart_button \" data-product_id=\"1466\" data-product_sku=\"\" aria-label=\"Add to cart: &ldquo;Chichen Itz\u00e1&rdquo;\" rel=\"nofollow\">A\u00f1adir al carrito<\/a><\/li>\n<li class=\"tm-has-options product type-product post-1473 status-publish instock product_cat-sin-categorizar has-post-thumbnail shipping-taxable purchasable product-type-simple\">\n\t<a href=\"https:\/\/mayanruins.mx\/es\/tour\/coba\/\" class=\"woocommerce-LoopProduct-link woocommerce-loop-product__link\"><img loading=\"lazy\" decoding=\"async\" width=\"300\" height=\"245\" src=\"https:\/\/mayanruins.mx\/es\/wp-content\/uploads\/sites\/2\/2017\/08\/cobas-ruin-from-mayan-ruins.jpg\" class=\"attachment-woocommerce_thumbnail size-woocommerce_thumbnail\" alt=\"\" srcset=\"https:\/\/mayanruins.mx\/es\/wp-content\/uploads\/sites\/2\/2017\/08\/cobas-ruin-from-mayan-ruins.jpg 450w, https:\/\/mayanruins.mx\/es\/wp-content\/uploads\/sites\/2\/2017\/08\/cobas-ruin-from-mayan-ruins-300x245.jpg 300w\" sizes=\"(max-width: 300px) 100vw, 300px\" \/><h2 class=\"woocommerce-loop-product__title\">Cob\u00e1<\/h2>\n\t<span class=\"price\">Desde <span class=\"woocommerce-Price-amount amount\"><bdi><span class=\"woocommerce-Price-currencySymbol\">&#36;<\/span>79<\/bdi><\/span> USD<\/span>\n<\/a><a href=\"?add-to-cart=1473\" data-quantity=\"1\" class=\"button product_type_simple add_to_cart_button \" data-product_id=\"1473\" data-product_sku=\"\" aria-label=\"Add to cart: &ldquo;Cob\u00e1&rdquo;\" rel=\"nofollow\">A\u00f1adir al carrito<\/a><\/li>\n<li class=\"tm-has-options product type-product post-1444 status-publish instock product_cat-sin-categorizar has-post-thumbnail shipping-taxable purchasable product-type-simple\">\n\t<a href=\"https:\/\/mayanruins.mx\/es\/tour\/ek-balam\/\" class=\"woocommerce-LoopProduct-link woocommerce-loop-product__link\"><img loading=\"lazy\" decoding=\"async\" width=\"300\" height=\"245\" src=\"https:\/\/mayanruins.mx\/es\/wp-content\/uploads\/sites\/2\/2017\/08\/cenote-ek-balam-tour-at-mayan-ruins.jpg\" class=\"attachment-woocommerce_thumbnail size-woocommerce_thumbnail\" alt=\"\" srcset=\"https:\/\/mayanruins.mx\/es\/wp-content\/uploads\/sites\/2\/2017\/08\/cenote-ek-balam-tour-at-mayan-ruins.jpg 450w, https:\/\/mayanruins.mx\/es\/wp-content\/uploads\/sites\/2\/2017\/08\/cenote-ek-balam-tour-at-mayan-ruins-300x245.jpg 300w\" sizes=\"(max-width: 300px) 100vw, 300px\" \/><h2 class=\"woocommerce-loop-product__title\">Ek Bal\u00e1m<\/h2>\n\t<span class=\"price\">Desde <span class=\"woocommerce-Price-amount amount\"><bdi><span class=\"woocommerce-Price-currencySymbol\">&#36;<\/span>79<\/bdi><\/span> USD<\/span>\n<\/a><a href=\"?add-to-cart=1444\" data-quantity=\"1\" class=\"button product_type_simple add_to_cart_button \" data-product_id=\"1444\" data-product_sku=\"\" aria-label=\"Add to cart: &ldquo;Ek Bal\u00e1m&rdquo;\" rel=\"nofollow\">A\u00f1adir al carrito<\/a><\/li>\n<li class=\"tm-has-options product type-product post-1670 status-publish last instock product_cat-sin-categorizar has-post-thumbnail shipping-taxable purchasable product-type-simple\">\n\t<a href=\"https:\/\/mayanruins.mx\/es\/tour\/tulum-y-playa-del-carmen-sunset\/\" class=\"woocommerce-LoopProduct-link woocommerce-loop-product__link\"><img loading=\"lazy\" decoding=\"async\" width=\"300\" height=\"245\" src=\"https:\/\/mayanruins.mx\/es\/wp-content\/uploads\/sites\/2\/2017\/08\/mayan-ruins-tulum-in-mexico.jpg\" class=\"attachment-woocommerce_thumbnail size-woocommerce_thumbnail\" alt=\"\" srcset=\"https:\/\/mayanruins.mx\/es\/wp-content\/uploads\/sites\/2\/2017\/08\/mayan-ruins-tulum-in-mexico.jpg 450w, https:\/\/mayanruins.mx\/es\/wp-content\/uploads\/sites\/2\/2017\/08\/mayan-ruins-tulum-in-mexico-300x245.jpg 300w\" sizes=\"(max-width: 300px) 100vw, 300px\" \/><h2 class=\"woocommerce-loop-product__title\">Tulum y Playa del Carmen Sunset<\/h2>\n\t<span class=\"price\">Desde <span class=\"woocommerce-Price-amount amount\"><bdi><span class=\"woocommerce-Price-currencySymbol\">&#36;<\/span>59<\/bdi><\/span> USD<\/span>\n<\/a><a href=\"?add-to-cart=1670\" data-quantity=\"1\" class=\"button product_type_simple add_to_cart_button \" data-product_id=\"1670\" data-product_sku=\"\" aria-label=\"Add to cart: &ldquo;Tulum y Playa del Carmen Sunset&rdquo;\" rel=\"nofollow\">A\u00f1adir al carrito<\/a><\/li>\n<\/ul>\n<\/div>[\/vc_column][\/vc_row]<\/p>\n","protected":false},"excerpt":{"rendered":"<p>[vc_row][vc_column][vc_column_text] Recorrido por las ruinas El Meco y shopping en Canc\u00fan Tendr\u00e1s la oportunidad de ver el \u00fanico sitio arqueol\u00f3gico en la ciudad y aprender su historia: El Meco. Las Ruinas &#8220;El Meco&#8221; so uno de los sitios arqueol\u00f3gicos que se encuentran en la ciudad de Canc\u00fan . Probablemente este yacimiento del periodo cl\u00e1sico era [&hellip;]<\/p>\n","protected":false},"featured_media":1495,"comment_status":"open","ping_status":"closed","template":"","meta":[],"product_cat":[93],"product_tag":[],"class_list":{"0":"post-1472","1":"product","2":"type-product","3":"status-publish","4":"has-post-thumbnail","6":"product_cat-sin-categorizar","7":"tm-has-options","9":"first","10":"instock","11":"shipping-taxable","12":"purchasable","13":"product-type-simple"},"yoast_head":"<!-- This site is optimized with the Yoast SEO plugin v23.3 - https:\/\/yoast.com\/wordpress\/plugins\/seo\/ -->\n<title>El Meco<\/title>\n<meta name=\"description\" content=\"Tendr\u00e1s la oportunidad de ver el \u00fanico sitio arqueol\u00f3gico en la ciudad y aprender su historia: El Meco.Tambi\u00e9n prep\u00e1rate para ir de compras y buscar...\" \/>\n<meta name=\"robots\" content=\"noindex, follow\" \/>\n<meta property=\"og:locale\" content=\"es_MX\" \/>\n<meta property=\"og:type\" content=\"article\" \/>\n<meta property=\"og:title\" content=\"El Meco\" \/>\n<meta property=\"og:description\" content=\"Tendr\u00e1s la oportunidad de ver el \u00fanico sitio arqueol\u00f3gico en la ciudad y aprender su historia: El Meco.Tambi\u00e9n prep\u00e1rate para ir de compras y buscar...\" \/>\n<meta property=\"og:url\" content=\"https:\/\/mayanruins.mx\/es\/tour\/el-meco\/\" \/>\n<meta property=\"og:site_name\" content=\"Mayan Ruins\" \/>\n<meta property=\"article:modified_time\" content=\"2017-10-12T22:49:48+00:00\" \/>\n<meta property=\"og:image\" content=\"https:\/\/mayanruins.mx\/es\/wp-content\/uploads\/sites\/2\/2017\/08\/el-meco-mayan-ruins.jpg\" \/>\n\t<meta property=\"og:image:width\" content=\"450\" \/>\n\t<meta property=\"og:image:height\" content=\"367\" \/>\n\t<meta property=\"og:image:type\" content=\"image\/jpeg\" \/>\n<meta name=\"twitter:card\" content=\"summary_large_image\" \/>\n<meta name=\"twitter:label1\" content=\"Tiempo de lectura\" \/>\n\t<meta name=\"twitter:data1\" content=\"3 minutos\" \/>\n<script type=\"application\/ld+json\" class=\"yoast-schema-graph\">{\"@context\":\"https:\/\/schema.org\",\"@graph\":[{\"@type\":\"WebPage\",\"@id\":\"https:\/\/mayanruins.mx\/es\/tour\/el-meco\/\",\"url\":\"https:\/\/mayanruins.mx\/es\/tour\/el-meco\/\",\"name\":\"El Meco\",\"isPartOf\":{\"@id\":\"https:\/\/mayanruins.mx\/es\/#website\"},\"primaryImageOfPage\":{\"@id\":\"https:\/\/mayanruins.mx\/es\/tour\/el-meco\/#primaryimage\"},\"image\":{\"@id\":\"https:\/\/mayanruins.mx\/es\/tour\/el-meco\/#primaryimage\"},\"thumbnailUrl\":\"https:\/\/mayanruins.mx\/es\/wp-content\/uploads\/sites\/2\/2017\/08\/el-meco-mayan-ruins.jpg\",\"datePublished\":\"2017-08-30T16:38:40+00:00\",\"dateModified\":\"2017-10-12T22:49:48+00:00\",\"description\":\"Tendr\u00e1s la oportunidad de ver el \u00fanico sitio arqueol\u00f3gico en la ciudad y aprender su historia: El Meco.Tambi\u00e9n prep\u00e1rate para ir de compras y buscar...\",\"breadcrumb\":{\"@id\":\"https:\/\/mayanruins.mx\/es\/tour\/el-meco\/#breadcrumb\"},\"inLanguage\":\"es\",\"potentialAction\":[{\"@type\":\"ReadAction\",\"target\":[\"https:\/\/mayanruins.mx\/es\/tour\/el-meco\/\"]}]},{\"@type\":\"ImageObject\",\"inLanguage\":\"es\",\"@id\":\"https:\/\/mayanruins.mx\/es\/tour\/el-meco\/#primaryimage\",\"url\":\"https:\/\/mayanruins.mx\/es\/wp-content\/uploads\/sites\/2\/2017\/08\/el-meco-mayan-ruins.jpg\",\"contentUrl\":\"https:\/\/mayanruins.mx\/es\/wp-content\/uploads\/sites\/2\/2017\/08\/el-meco-mayan-ruins.jpg\",\"width\":\"450\",\"height\":\"367\"},{\"@type\":\"BreadcrumbList\",\"@id\":\"https:\/\/mayanruins.mx\/es\/tour\/el-meco\/#breadcrumb\",\"itemListElement\":[{\"@type\":\"ListItem\",\"position\":1,\"name\":\"Home\",\"item\":\"https:\/\/mayanruins.mx\/es\/\"},{\"@type\":\"ListItem\",\"position\":2,\"name\":\"Productos\",\"item\":\"https:\/\/mayanruins.mx\/es\/shop\/\"},{\"@type\":\"ListItem\",\"position\":3,\"name\":\"El Meco\"}]},{\"@type\":\"WebSite\",\"@id\":\"https:\/\/mayanruins.mx\/es\/#website\",\"url\":\"https:\/\/mayanruins.mx\/es\/\",\"name\":\"Mayan Ruins\",\"description\":\"\",\"potentialAction\":[{\"@type\":\"SearchAction\",\"target\":{\"@type\":\"EntryPoint\",\"urlTemplate\":\"https:\/\/mayanruins.mx\/es\/?s={search_term_string}\"},\"query-input\":\"required name=search_term_string\"}],\"inLanguage\":\"es\"}]}<\/script>\n<!-- \/ Yoast SEO plugin. -->","yoast_head_json":{"title":"El Meco","description":"Tendr\u00e1s la oportunidad de ver el \u00fanico sitio arqueol\u00f3gico en la ciudad y aprender su historia: El Meco.Tambi\u00e9n prep\u00e1rate para ir de compras y buscar...","robots":{"index":"noindex","follow":"follow"},"og_locale":"es_MX","og_type":"article","og_title":"El Meco","og_description":"Tendr\u00e1s la oportunidad de ver el \u00fanico sitio arqueol\u00f3gico en la ciudad y aprender su historia: El Meco.Tambi\u00e9n prep\u00e1rate para ir de compras y buscar...","og_url":"https:\/\/mayanruins.mx\/es\/tour\/el-meco\/","og_site_name":"Mayan Ruins","article_modified_time":"2017-10-12T22:49:48+00:00","og_image":[{"width":450,"height":367,"url":"https:\/\/mayanruins.mx\/es\/wp-content\/uploads\/sites\/2\/2017\/08\/el-meco-mayan-ruins.jpg","type":"image\/jpeg"}],"twitter_card":"summary_large_image","twitter_misc":{"Tiempo de lectura":"3 minutos"},"schema":{"@context":"https:\/\/schema.org","@graph":[{"@type":"WebPage","@id":"https:\/\/mayanruins.mx\/es\/tour\/el-meco\/","url":"https:\/\/mayanruins.mx\/es\/tour\/el-meco\/","name":"El Meco","isPartOf":{"@id":"https:\/\/mayanruins.mx\/es\/#website"},"primaryImageOfPage":{"@id":"https:\/\/mayanruins.mx\/es\/tour\/el-meco\/#primaryimage"},"image":{"@id":"https:\/\/mayanruins.mx\/es\/tour\/el-meco\/#primaryimage"},"thumbnailUrl":"https:\/\/mayanruins.mx\/es\/wp-content\/uploads\/sites\/2\/2017\/08\/el-meco-mayan-ruins.jpg","datePublished":"2017-08-30T16:38:40+00:00","dateModified":"2017-10-12T22:49:48+00:00","description":"Tendr\u00e1s la oportunidad de ver el \u00fanico sitio arqueol\u00f3gico en la ciudad y aprender su historia: El Meco.Tambi\u00e9n prep\u00e1rate para ir de compras y buscar...","breadcrumb":{"@id":"https:\/\/mayanruins.mx\/es\/tour\/el-meco\/#breadcrumb"},"inLanguage":"es","potentialAction":[{"@type":"ReadAction","target":["https:\/\/mayanruins.mx\/es\/tour\/el-meco\/"]}]},{"@type":"ImageObject","inLanguage":"es","@id":"https:\/\/mayanruins.mx\/es\/tour\/el-meco\/#primaryimage","url":"https:\/\/mayanruins.mx\/es\/wp-content\/uploads\/sites\/2\/2017\/08\/el-meco-mayan-ruins.jpg","contentUrl":"https:\/\/mayanruins.mx\/es\/wp-content\/uploads\/sites\/2\/2017\/08\/el-meco-mayan-ruins.jpg","width":"450","height":"367"},{"@type":"BreadcrumbList","@id":"https:\/\/mayanruins.mx\/es\/tour\/el-meco\/#breadcrumb","itemListElement":[{"@type":"ListItem","position":1,"name":"Home","item":"https:\/\/mayanruins.mx\/es\/"},{"@type":"ListItem","position":2,"name":"Productos","item":"https:\/\/mayanruins.mx\/es\/shop\/"},{"@type":"ListItem","position":3,"name":"El Meco"}]},{"@type":"WebSite","@id":"https:\/\/mayanruins.mx\/es\/#website","url":"https:\/\/mayanruins.mx\/es\/","name":"Mayan Ruins","description":"","potentialAction":[{"@type":"SearchAction","target":{"@type":"EntryPoint","urlTemplate":"https:\/\/mayanruins.mx\/es\/?s={search_term_string}"},"query-input":"required name=search_term_string"}],"inLanguage":"es"}]}},"_links":{"self":[{"href":"https:\/\/mayanruins.mx\/es\/wp-json\/wp\/v2\/product\/1472"}],"collection":[{"href":"https:\/\/mayanruins.mx\/es\/wp-json\/wp\/v2\/product"}],"about":[{"href":"https:\/\/mayanruins.mx\/es\/wp-json\/wp\/v2\/types\/product"}],"replies":[{"embeddable":true,"href":"https:\/\/mayanruins.mx\/es\/wp-json\/wp\/v2\/comments?post=1472"}],"wp:featuredmedia":[{"embeddable":true,"href":"https:\/\/mayanruins.mx\/es\/wp-json\/wp\/v2\/media\/1495"}],"wp:attachment":[{"href":"https:\/\/mayanruins.mx\/es\/wp-json\/wp\/v2\/media?parent=1472"}],"wp:term":[{"taxonomy":"product_cat","embeddable":true,"href":"https:\/\/mayanruins.mx\/es\/wp-json\/wp\/v2\/product_cat?post=1472"},{"taxonomy":"product_tag","embeddable":true,"href":"https:\/\/mayanruins.mx\/es\/wp-json\/wp\/v2\/product_tag?post=1472"}],"curies":[{"name":"wp","href":"https:\/\/api.w.org\/{rel}","templated":true}]}}