{"id":1471,"date":"2017-08-30T22:37:51","date_gmt":"2017-08-30T16:37:51","guid":{"rendered":"https:\/\/mayanruins.travel\/?post_type=product&#038;p=1471"},"modified":"2017-11-03T21:44:15","modified_gmt":"2017-11-03T15:44:15","slug":"tulum-y-jungla-maya","status":"publish","type":"product","link":"https:\/\/mayanruins.mx\/es\/tour\/tulum-y-jungla-maya\/","title":{"rendered":"Tulum y Jungla Maya"},"content":{"rendered":"<p>[vc_row][vc_column][vc_column_text]<\/p>\n<h1>Aventurate\u00a0 dentro de la Selva<\/h1>\n<p>Divi\u00e9rtete explorando una de las zonas arqueol\u00f3gicas m\u00e1s hermosas de la Pen\u00ednsula de Yucat\u00e1n. El castillo y varios vaciamientos, se encuentran amurallados y en lo alto de un risco, que adem\u00e1s tiene una de las vistas m\u00e1s bellas del mar Caribe.<\/p>\n<p>Despu\u00e9s sum\u00e9rgete en el r\u00edo subterr\u00e1neo m\u00e1s largo del mundo, el incre\u00edble r\u00edo Sac-Actun.<\/p>\n<p>Aqu\u00ed podr\u00e1s explorar las profundidades de este maravilloso r\u00edo, esnorquelear y observar las obras de arte que la naturaleza nos regala con cada formaci\u00f3n rocosa, las estalactitas y estalagmitas te encantar\u00e1n.<\/p>\n<p>Tambi\u00e9n podr\u00e1s adrentrarte en la selva Maya en veh\u00edculos todo terreno, ah\u00ed la fauna y la flora de tan incre\u00edble ecosistema te sorprender\u00e1n a tu paso.\u00a0 La aventura sigue cuando desciendas a rapel para llegar hasta el cenote Yaxmul y te refresques con su deliciosa agua cristalina.<\/p>\n<p>En este tour podr\u00e1s volar en alt\u00edsimas tirolesas y ser parte de una ceremonia maya.\u00a0 \u00a1Tus sentidos estar\u00e1n a flor de piel!<\/p>\n<p>Jungla Maya es un parque natural que recibe peque\u00f1os grupos.[\/vc_column_text][\/vc_column][\/vc_row][vc_row][vc_column]<div class=\"slz-shortcode block-title-143178479869ef1b0f72aa9 \">\r\n<h3 class=\"slz-shortcode title-style-3\">\u00bfQu\u00e9 incluye el tour?<\/h3><\/div>\r\n<div class=\"slz-shortcode item-list-style06 item-list-134489760669ef1b0f72b36 wrapper-journey \" data-item=3><div class=\"item feature-item\"><i class=\"icon-journey fa fa-car\"><\/i><div class=\"text\">Transportaci\u00f3n desde\/hasta tu hotel<\/div><\/div><div class=\"item feature-item\"><i class=\"icon-journey flaticon-man\"><\/i><div class=\"text\">Gu\u00eda certificado biling\u00fce<\/div><\/div><div class=\"item feature-item\"><i class=\"icon-journey flaticon-cup\"><\/i><div class=\"text\">Aguas abordo<\/div><\/div><\/div><div class=\"slz-shortcode item-list-style06 item-list-149940110769ef1b0f72ba8 wrapper-journey \" data-item=3><div class=\"item feature-item\"><i class=\"icon-journey fa fa-map-marker\"><\/i><div class=\"text\">Entrada a Tulum y Jungla Maya<\/div><\/div><div class=\"item feature-item\"><i class=\"icon-journey fa fa-star\"><\/i><div class=\"text\">Toallas y lockers <\/div><\/div><div class=\"item feature-item\"><i class=\"icon-journey flaticon-food-2\"><\/i><div class=\"text\">Buffete Yucateco<\/div><\/div><\/div>[\/vc_column][\/vc_row][vc_row css=&#8221;.vc_custom_1466409302371{padding-top: 60px !important;}&#8221;][vc_column]<div class=\"slz-shortcode tour-schedule overview-block clearfix \">\r\n\t\t<h3 class=\"title-style-3\">Itinerario<\/h3>\r\n\t\r\n\t<div class=\"timeline-container\">\r\n\t\t<div class=\"timeline\">\r\n\t\t\t\t\t\t<div class=\"timeline-block timeline-1\">\r\n\t\t\t\t<div class=\"timeline-title\">\r\n\t\t\t\t\t<span>7:30 am<\/span>\r\n\t\t\t\t<\/div>\r\n\t\t\t\t<div class=\"timeline-content medium-margin-top\">\r\n\t\t\t\t\t<div class=\"row\">\r\n\t\t\t\t\t\t<div class=\"timeline-point\"><i class=\"fa fa-circle-o\"><\/i><\/div>\r\n\t\t\t\t\t\t<div class=\"timeline-custom-col content-col \">\r\n\t\t\t\t\t\t\t<div class=\"timeline-location-block\">\r\n\t\t\t\t\t\t\t\t<p class=\"location-name\">\r\n\t\t\t\t\t\t\t\t\tPick up\t\t\t\t\t\t\t\t\t\t\t\t\t\t\t\t\t\t<i class=\"fa fa-map-marker icon-marker\"><\/i>\r\n\t\t\t\t\t\t\t\t\t\t\t\t\t\t\t\t\t<\/p>\r\n\t\t\t\t\t\t\t\t<div class=\"description\">\r\n\t\t\t\t\t\t\t\t\tTe recogeremos en punto de las 7:30 en tu hotel, para llegar Tulum aproximadamente a las 9:00 am .\t\t\t\t\t\t\t\t<\/div>\r\n\t\t\t\t\t\t\t<\/div>\r\n\t\t\t\t\t\t<\/div>\r\n\t\t\t\t\t\t<div class=\"timeline-custom-col image-col\" data-slick=\"{&quot;slidesToShow&quot;:1,&quot;slidesToScroll&quot;:1,&quot;dots&quot;:true,&quot;arrows&quot;:true,&quot;autoplay&quot;:true,&quot;infinite&quot;:true,&quot;speed&quot;:300,&quot;fade&quot;:false}\"><div class=\"timeline-image-block items\"><img decoding=\"async\" src=\"https:\/\/mayanruins.mx\/es\/wp-content\/uploads\/sites\/2\/2017\/08\/ek-balam-mayan-ruins-pick-up.jpg\" alt=\"\"><\/div><\/div>\t\t\t\t\t<\/div>\r\n\t\t\t\t<\/div>\r\n\t\t\t<\/div>\r\n\t\t\t\t\t\t<div class=\"timeline-block timeline-2\">\r\n\t\t\t\t<div class=\"timeline-title\">\r\n\t\t\t\t\t<span>9:00 am<\/span>\r\n\t\t\t\t<\/div>\r\n\t\t\t\t<div class=\"timeline-content medium-margin-top\">\r\n\t\t\t\t\t<div class=\"row\">\r\n\t\t\t\t\t\t<div class=\"timeline-point\"><i class=\"fa fa-circle-o\"><\/i><\/div>\r\n\t\t\t\t\t\t<div class=\"timeline-custom-col content-col \">\r\n\t\t\t\t\t\t\t<div class=\"timeline-location-block\">\r\n\t\t\t\t\t\t\t\t<p class=\"location-name\">\r\n\t\t\t\t\t\t\t\t\tTulum\t\t\t\t\t\t\t\t\t\t\t\t\t\t\t\t\t\t<i class=\"fa fa-map-marker icon-marker\"><\/i>\r\n\t\t\t\t\t\t\t\t\t\t\t\t\t\t\t\t\t<\/p>\r\n\t\t\t\t\t\t\t\t<div class=\"description\">\r\n\t\t\t\t\t\t\t\t\tDisfruta de todo lo que Tulum tiene para ofrecerte, Tulum es la \u00fanica zona arqueol\u00f3gica que se encuentra sobre un acantilado y que tiene como vista el hermoso mar turquesa.\n\t\t\t\t\t\t\t\t<\/div>\r\n\t\t\t\t\t\t\t<\/div>\r\n\t\t\t\t\t\t<\/div>\r\n\t\t\t\t\t\t<div class=\"timeline-custom-col image-col\" data-slick=\"{&quot;slidesToShow&quot;:1,&quot;slidesToScroll&quot;:1,&quot;dots&quot;:true,&quot;arrows&quot;:true,&quot;autoplay&quot;:true,&quot;infinite&quot;:true,&quot;speed&quot;:300,&quot;fade&quot;:false}\"><div class=\"timeline-image-block items\"><img decoding=\"async\" src=\"https:\/\/mayanruins.mx\/es\/wp-content\/uploads\/sites\/2\/2017\/08\/tour-a-tulum.jpg\" alt=\"\"><\/div><\/div>\t\t\t\t\t<\/div>\r\n\t\t\t\t<\/div>\r\n\t\t\t<\/div>\r\n\t\t\t\t\t\t<div class=\"timeline-block timeline-3\">\r\n\t\t\t\t<div class=\"timeline-title\">\r\n\t\t\t\t\t<span>11:00 am<\/span>\r\n\t\t\t\t<\/div>\r\n\t\t\t\t<div class=\"timeline-content medium-margin-top\">\r\n\t\t\t\t\t<div class=\"row\">\r\n\t\t\t\t\t\t<div class=\"timeline-point\"><i class=\"fa fa-circle-o\"><\/i><\/div>\r\n\t\t\t\t\t\t<div class=\"timeline-custom-col content-col \">\r\n\t\t\t\t\t\t\t<div class=\"timeline-location-block\">\r\n\t\t\t\t\t\t\t\t<p class=\"location-name\">\r\n\t\t\t\t\t\t\t\t\tJungla Maya\t\t\t\t\t\t\t\t\t\t\t\t\t\t\t\t\t\t<i class=\"fa fa-map-marker icon-marker\"><\/i>\r\n\t\t\t\t\t\t\t\t\t\t\t\t\t\t\t\t\t<\/p>\r\n\t\t\t\t\t\t\t\t<div class=\"description\">\r\n\t\t\t\t\t\t\t\t\tDespu\u00e9s de dos horas de recorrido por est\u00e1 maravillosa ciudad.\u00a0 \nTomaremos camino para llevarte hasta Jungla Maya, ah\u00ed tendr\u00e1s 4 horas para realizar todas las actividades:\n\t\u2022\tTrayecto en campo traviesa \n\t\u2022\tRappel de 12 metros \n\t\u2022\tDesafiantes Tirolesas \n\t\u2022\tEsnorquel en aguas cristalinas \n\t\u2022\tParticipa en una ceremonia maya, junto con un chaman\n\t\u2022\tDeleitate con una\u00a0 aut\u00e9ntica comida yucateca\t\t\t\t\t\t\t\t<\/div>\r\n\t\t\t\t\t\t\t<\/div>\r\n\t\t\t\t\t\t<\/div>\r\n\t\t\t\t\t\t<div class=\"timeline-custom-col image-col\" data-slick=\"{&quot;slidesToShow&quot;:1,&quot;slidesToScroll&quot;:1,&quot;dots&quot;:true,&quot;arrows&quot;:true,&quot;autoplay&quot;:true,&quot;infinite&quot;:true,&quot;speed&quot;:300,&quot;fade&quot;:false}\"><div class=\"timeline-image-block items\"><img decoding=\"async\" src=\"https:\/\/mayanruins.mx\/es\/wp-content\/uploads\/sites\/2\/2017\/08\/jungla-maya.jpg\" alt=\"\"><\/div><\/div>\t\t\t\t\t<\/div>\r\n\t\t\t\t<\/div>\r\n\t\t\t<\/div>\r\n\t\t\t\t\t\t<div class=\"timeline-block timeline-4\">\r\n\t\t\t\t<div class=\"timeline-title\">\r\n\t\t\t\t\t<span>6:00 pm<\/span>\r\n\t\t\t\t<\/div>\r\n\t\t\t\t<div class=\"timeline-content medium-margin-top\">\r\n\t\t\t\t\t<div class=\"row\">\r\n\t\t\t\t\t\t<div class=\"timeline-point\"><i class=\"fa fa-circle-o\"><\/i><\/div>\r\n\t\t\t\t\t\t<div class=\"timeline-custom-col content-col \">\r\n\t\t\t\t\t\t\t<div class=\"timeline-location-block\">\r\n\t\t\t\t\t\t\t\t<p class=\"location-name\">\r\n\t\t\t\t\t\t\t\t\tRegreso\t\t\t\t\t\t\t\t\t\t\t\t\t\t\t\t\t<\/p>\r\n\t\t\t\t\t\t\t\t<div class=\"description\">\r\n\t\t\t\t\t\t\t\t\tDespu\u00e9s de un d\u00eda lleno de aventura te llevaremos de regreso a tu hotel a las 6:00 pm\t\t\t\t\t\t\t\t<\/div>\r\n\t\t\t\t\t\t\t<\/div>\r\n\t\t\t\t\t\t<\/div>\r\n\t\t\t\t\t\t<div class=\"timeline-custom-col image-col\" data-slick=\"{&quot;slidesToShow&quot;:1,&quot;slidesToScroll&quot;:1,&quot;dots&quot;:true,&quot;arrows&quot;:true,&quot;autoplay&quot;:true,&quot;infinite&quot;:true,&quot;speed&quot;:300,&quot;fade&quot;:false}\"><div class=\"timeline-image-block items\"><img decoding=\"async\" src=\"https:\/\/mayanruins.mx\/es\/wp-content\/uploads\/sites\/2\/2017\/08\/pick-up-mayan-ruins.jpg\" alt=\"\"><\/div><\/div>\t\t\t\t\t<\/div>\r\n\t\t\t\t<\/div>\r\n\t\t\t<\/div>\r\n\t\t\t\t\t<\/div>\r\n\t<\/div>\r\n<\/div>\r\n<div class=\"slz-shortcode block-title-124431079169ef1b0f74319 \">\r\n<h3 class=\"slz-shortcode title-style-3\">Horario sujeto a cambios<\/h3><\/div>\r\n[\/vc_column][\/vc_row][vc_row][vc_column][vc_empty_space][vc_column_text]<\/p>\n<p style=\"font-size: 30px;\">Explorar m\u00e1s tours en Tulum<\/p>\n<p>[\/vc_column_text]<div class=\"woocommerce columns-4 \"><ul class=\"products columns-4\">\n<li class=\"tm-has-options product type-product post-1470 status-publish first instock product_cat-sin-categorizar has-post-thumbnail shipping-taxable purchasable product-type-simple\">\n\t<a href=\"https:\/\/mayanruins.mx\/es\/tour\/coba-y-tulum\/\" class=\"woocommerce-LoopProduct-link woocommerce-loop-product__link\"><img loading=\"lazy\" decoding=\"async\" width=\"300\" height=\"245\" src=\"https:\/\/mayanruins.mx\/es\/wp-content\/uploads\/sites\/2\/2017\/08\/coba-mayan-ruins.jpg\" class=\"attachment-woocommerce_thumbnail size-woocommerce_thumbnail\" alt=\"\" srcset=\"https:\/\/mayanruins.mx\/es\/wp-content\/uploads\/sites\/2\/2017\/08\/coba-mayan-ruins.jpg 450w, https:\/\/mayanruins.mx\/es\/wp-content\/uploads\/sites\/2\/2017\/08\/coba-mayan-ruins-300x245.jpg 300w\" sizes=\"(max-width: 300px) 100vw, 300px\" \/><h2 class=\"woocommerce-loop-product__title\">Cob\u00e1 y Tulum<\/h2>\n\t<span class=\"price\">Desde <span class=\"woocommerce-Price-amount amount\"><bdi><span class=\"woocommerce-Price-currencySymbol\">&#36;<\/span>129<\/bdi><\/span> USD<\/span>\n<\/a><a href=\"?add-to-cart=1470\" data-quantity=\"1\" class=\"button product_type_simple add_to_cart_button \" data-product_id=\"1470\" data-product_sku=\"\" aria-label=\"Add to cart: &ldquo;Cob\u00e1 y Tulum&rdquo;\" rel=\"nofollow\">A\u00f1adir al carrito<\/a><\/li>\n<li class=\"tm-has-options product type-product post-1663 status-publish instock product_cat-sin-categorizar has-post-thumbnail shipping-taxable purchasable product-type-simple\">\n\t<a href=\"https:\/\/mayanruins.mx\/es\/tour\/tulum-discovery\/\" class=\"woocommerce-LoopProduct-link woocommerce-loop-product__link\"><img loading=\"lazy\" decoding=\"async\" width=\"300\" height=\"245\" src=\"https:\/\/mayanruins.mx\/es\/wp-content\/uploads\/sites\/2\/2017\/08\/tulum-maya-ruins-sea.jpg\" class=\"attachment-woocommerce_thumbnail size-woocommerce_thumbnail\" alt=\"\" srcset=\"https:\/\/mayanruins.mx\/es\/wp-content\/uploads\/sites\/2\/2017\/08\/tulum-maya-ruins-sea.jpg 450w, https:\/\/mayanruins.mx\/es\/wp-content\/uploads\/sites\/2\/2017\/08\/tulum-maya-ruins-sea-300x245.jpg 300w\" sizes=\"(max-width: 300px) 100vw, 300px\" \/><h2 class=\"woocommerce-loop-product__title\">Tulum Discovery<\/h2>\n\t<span class=\"price\">Desde <span class=\"woocommerce-Price-amount amount\"><bdi><span class=\"woocommerce-Price-currencySymbol\">&#36;<\/span>59<\/bdi><\/span> USD<\/span>\n<\/a><a href=\"?add-to-cart=1663\" data-quantity=\"1\" class=\"button product_type_simple add_to_cart_button \" data-product_id=\"1663\" data-product_sku=\"\" aria-label=\"Add to cart: &ldquo;Tulum Discovery&rdquo;\" rel=\"nofollow\">A\u00f1adir al carrito<\/a><\/li>\n<li class=\"tm-has-options product type-product post-1666 status-publish instock product_cat-sin-categorizar has-post-thumbnail shipping-taxable purchasable product-type-simple\">\n\t<a href=\"https:\/\/mayanruins.mx\/es\/tour\/tulum-por-la-tarde\/\" class=\"woocommerce-LoopProduct-link woocommerce-loop-product__link\"><img loading=\"lazy\" decoding=\"async\" width=\"300\" height=\"245\" src=\"https:\/\/mayanruins.mx\/es\/wp-content\/uploads\/sites\/2\/2017\/08\/mayan-ruins-tulum.jpg\" class=\"attachment-woocommerce_thumbnail size-woocommerce_thumbnail\" alt=\"\" srcset=\"https:\/\/mayanruins.mx\/es\/wp-content\/uploads\/sites\/2\/2017\/08\/mayan-ruins-tulum.jpg 450w, https:\/\/mayanruins.mx\/es\/wp-content\/uploads\/sites\/2\/2017\/08\/mayan-ruins-tulum-300x245.jpg 300w\" sizes=\"(max-width: 300px) 100vw, 300px\" \/><h2 class=\"woocommerce-loop-product__title\">Tulum por la Tarde<\/h2>\n\t<span class=\"price\">Desde <span class=\"woocommerce-Price-amount amount\"><bdi><span class=\"woocommerce-Price-currencySymbol\">&#36;<\/span>59<\/bdi><\/span> USD<\/span>\n<\/a><a href=\"?add-to-cart=1666\" data-quantity=\"1\" class=\"button product_type_simple add_to_cart_button \" data-product_id=\"1666\" data-product_sku=\"\" aria-label=\"Add to cart: &ldquo;Tulum por la Tarde&rdquo;\" rel=\"nofollow\">A\u00f1adir al carrito<\/a><\/li>\n<li class=\"tm-has-options product type-product post-1670 status-publish last instock product_cat-sin-categorizar has-post-thumbnail shipping-taxable purchasable product-type-simple\">\n\t<a href=\"https:\/\/mayanruins.mx\/es\/tour\/tulum-y-playa-del-carmen-sunset\/\" class=\"woocommerce-LoopProduct-link woocommerce-loop-product__link\"><img loading=\"lazy\" decoding=\"async\" width=\"300\" height=\"245\" src=\"https:\/\/mayanruins.mx\/es\/wp-content\/uploads\/sites\/2\/2017\/08\/mayan-ruins-tulum-in-mexico.jpg\" class=\"attachment-woocommerce_thumbnail size-woocommerce_thumbnail\" alt=\"\" srcset=\"https:\/\/mayanruins.mx\/es\/wp-content\/uploads\/sites\/2\/2017\/08\/mayan-ruins-tulum-in-mexico.jpg 450w, https:\/\/mayanruins.mx\/es\/wp-content\/uploads\/sites\/2\/2017\/08\/mayan-ruins-tulum-in-mexico-300x245.jpg 300w\" sizes=\"(max-width: 300px) 100vw, 300px\" \/><h2 class=\"woocommerce-loop-product__title\">Tulum y Playa del Carmen Sunset<\/h2>\n\t<span class=\"price\">Desde <span class=\"woocommerce-Price-amount amount\"><bdi><span class=\"woocommerce-Price-currencySymbol\">&#36;<\/span>59<\/bdi><\/span> USD<\/span>\n<\/a><a href=\"?add-to-cart=1670\" data-quantity=\"1\" class=\"button product_type_simple add_to_cart_button \" data-product_id=\"1670\" data-product_sku=\"\" aria-label=\"Add to cart: &ldquo;Tulum y Playa del Carmen Sunset&rdquo;\" rel=\"nofollow\">A\u00f1adir al carrito<\/a><\/li>\n<\/ul>\n<\/div>[\/vc_column][\/vc_row]<\/p>\n","protected":false},"excerpt":{"rendered":"<p>[vc_row][vc_column][vc_column_text] Aventurate\u00a0 dentro de la Selva Divi\u00e9rtete explorando una de las zonas arqueol\u00f3gicas m\u00e1s hermosas de la Pen\u00ednsula de Yucat\u00e1n. El castillo y varios vaciamientos, se encuentran amurallados y en lo alto de un risco, que adem\u00e1s tiene una de las vistas m\u00e1s bellas del mar Caribe. Despu\u00e9s sum\u00e9rgete en el r\u00edo subterr\u00e1neo m\u00e1s largo [&hellip;]<\/p>\n","protected":false},"featured_media":1850,"comment_status":"open","ping_status":"closed","template":"","meta":[],"product_cat":[93],"product_tag":[],"class_list":{"0":"post-1471","1":"product","2":"type-product","3":"status-publish","4":"has-post-thumbnail","6":"product_cat-sin-categorizar","7":"tm-has-options","9":"first","10":"instock","11":"shipping-taxable","12":"purchasable","13":"product-type-simple"},"yoast_head":"<!-- This site is optimized with the Yoast SEO plugin v23.3 - https:\/\/yoast.com\/wordpress\/plugins\/seo\/ -->\n<title>Tulum y Jungla Maya<\/title>\n<meta name=\"description\" content=\"Divi\u00e9rtete explorando una de las zonas arqueol\u00f3gicas m\u00e1s hermosas de la Pen\u00ednsula de Yucat\u00e1n. El castillo y varios vaciamientos, se encuentran amurallados\" \/>\n<meta name=\"robots\" content=\"noindex, follow\" \/>\n<meta property=\"og:locale\" content=\"es_MX\" \/>\n<meta property=\"og:type\" content=\"article\" \/>\n<meta property=\"og:title\" content=\"Tulum y Jungla Maya\" \/>\n<meta property=\"og:description\" content=\"Divi\u00e9rtete explorando una de las zonas arqueol\u00f3gicas m\u00e1s hermosas de la Pen\u00ednsula de Yucat\u00e1n. El castillo y varios vaciamientos, se encuentran amurallados\" \/>\n<meta property=\"og:url\" content=\"https:\/\/mayanruins.mx\/es\/tour\/tulum-y-jungla-maya\/\" \/>\n<meta property=\"og:site_name\" content=\"Mayan Ruins\" \/>\n<meta property=\"article:modified_time\" content=\"2017-11-03T15:44:15+00:00\" \/>\n<meta property=\"og:image\" content=\"https:\/\/mayanruins.mx\/es\/wp-content\/uploads\/sites\/2\/2017\/08\/explora-jungla-maya-tulum.jpg\" \/>\n\t<meta property=\"og:image:width\" content=\"450\" \/>\n\t<meta property=\"og:image:height\" content=\"367\" \/>\n\t<meta property=\"og:image:type\" content=\"image\/jpeg\" \/>\n<meta name=\"twitter:card\" content=\"summary_large_image\" \/>\n<meta name=\"twitter:label1\" content=\"Tiempo de lectura\" \/>\n\t<meta name=\"twitter:data1\" content=\"4 minutos\" \/>\n<script type=\"application\/ld+json\" class=\"yoast-schema-graph\">{\"@context\":\"https:\/\/schema.org\",\"@graph\":[{\"@type\":\"WebPage\",\"@id\":\"https:\/\/mayanruins.mx\/es\/tour\/tulum-y-jungla-maya\/\",\"url\":\"https:\/\/mayanruins.mx\/es\/tour\/tulum-y-jungla-maya\/\",\"name\":\"Tulum y Jungla Maya\",\"isPartOf\":{\"@id\":\"https:\/\/mayanruins.mx\/es\/#website\"},\"primaryImageOfPage\":{\"@id\":\"https:\/\/mayanruins.mx\/es\/tour\/tulum-y-jungla-maya\/#primaryimage\"},\"image\":{\"@id\":\"https:\/\/mayanruins.mx\/es\/tour\/tulum-y-jungla-maya\/#primaryimage\"},\"thumbnailUrl\":\"https:\/\/mayanruins.mx\/es\/wp-content\/uploads\/sites\/2\/2017\/08\/explora-jungla-maya-tulum.jpg\",\"datePublished\":\"2017-08-30T16:37:51+00:00\",\"dateModified\":\"2017-11-03T15:44:15+00:00\",\"description\":\"Divi\u00e9rtete explorando una de las zonas arqueol\u00f3gicas m\u00e1s hermosas de la Pen\u00ednsula de Yucat\u00e1n. El castillo y varios vaciamientos, se encuentran amurallados\",\"breadcrumb\":{\"@id\":\"https:\/\/mayanruins.mx\/es\/tour\/tulum-y-jungla-maya\/#breadcrumb\"},\"inLanguage\":\"es\",\"potentialAction\":[{\"@type\":\"ReadAction\",\"target\":[\"https:\/\/mayanruins.mx\/es\/tour\/tulum-y-jungla-maya\/\"]}]},{\"@type\":\"ImageObject\",\"inLanguage\":\"es\",\"@id\":\"https:\/\/mayanruins.mx\/es\/tour\/tulum-y-jungla-maya\/#primaryimage\",\"url\":\"https:\/\/mayanruins.mx\/es\/wp-content\/uploads\/sites\/2\/2017\/08\/explora-jungla-maya-tulum.jpg\",\"contentUrl\":\"https:\/\/mayanruins.mx\/es\/wp-content\/uploads\/sites\/2\/2017\/08\/explora-jungla-maya-tulum.jpg\",\"width\":450,\"height\":367},{\"@type\":\"BreadcrumbList\",\"@id\":\"https:\/\/mayanruins.mx\/es\/tour\/tulum-y-jungla-maya\/#breadcrumb\",\"itemListElement\":[{\"@type\":\"ListItem\",\"position\":1,\"name\":\"Home\",\"item\":\"https:\/\/mayanruins.mx\/es\/\"},{\"@type\":\"ListItem\",\"position\":2,\"name\":\"Productos\",\"item\":\"https:\/\/mayanruins.mx\/es\/shop\/\"},{\"@type\":\"ListItem\",\"position\":3,\"name\":\"Tulum y Jungla Maya\"}]},{\"@type\":\"WebSite\",\"@id\":\"https:\/\/mayanruins.mx\/es\/#website\",\"url\":\"https:\/\/mayanruins.mx\/es\/\",\"name\":\"Mayan Ruins\",\"description\":\"\",\"potentialAction\":[{\"@type\":\"SearchAction\",\"target\":{\"@type\":\"EntryPoint\",\"urlTemplate\":\"https:\/\/mayanruins.mx\/es\/?s={search_term_string}\"},\"query-input\":\"required name=search_term_string\"}],\"inLanguage\":\"es\"}]}<\/script>\n<!-- \/ Yoast SEO plugin. -->","yoast_head_json":{"title":"Tulum y Jungla Maya","description":"Divi\u00e9rtete explorando una de las zonas arqueol\u00f3gicas m\u00e1s hermosas de la Pen\u00ednsula de Yucat\u00e1n. El castillo y varios vaciamientos, se encuentran amurallados","robots":{"index":"noindex","follow":"follow"},"og_locale":"es_MX","og_type":"article","og_title":"Tulum y Jungla Maya","og_description":"Divi\u00e9rtete explorando una de las zonas arqueol\u00f3gicas m\u00e1s hermosas de la Pen\u00ednsula de Yucat\u00e1n. El castillo y varios vaciamientos, se encuentran amurallados","og_url":"https:\/\/mayanruins.mx\/es\/tour\/tulum-y-jungla-maya\/","og_site_name":"Mayan Ruins","article_modified_time":"2017-11-03T15:44:15+00:00","og_image":[{"width":450,"height":367,"url":"https:\/\/mayanruins.mx\/es\/wp-content\/uploads\/sites\/2\/2017\/08\/explora-jungla-maya-tulum.jpg","type":"image\/jpeg"}],"twitter_card":"summary_large_image","twitter_misc":{"Tiempo de lectura":"4 minutos"},"schema":{"@context":"https:\/\/schema.org","@graph":[{"@type":"WebPage","@id":"https:\/\/mayanruins.mx\/es\/tour\/tulum-y-jungla-maya\/","url":"https:\/\/mayanruins.mx\/es\/tour\/tulum-y-jungla-maya\/","name":"Tulum y Jungla Maya","isPartOf":{"@id":"https:\/\/mayanruins.mx\/es\/#website"},"primaryImageOfPage":{"@id":"https:\/\/mayanruins.mx\/es\/tour\/tulum-y-jungla-maya\/#primaryimage"},"image":{"@id":"https:\/\/mayanruins.mx\/es\/tour\/tulum-y-jungla-maya\/#primaryimage"},"thumbnailUrl":"https:\/\/mayanruins.mx\/es\/wp-content\/uploads\/sites\/2\/2017\/08\/explora-jungla-maya-tulum.jpg","datePublished":"2017-08-30T16:37:51+00:00","dateModified":"2017-11-03T15:44:15+00:00","description":"Divi\u00e9rtete explorando una de las zonas arqueol\u00f3gicas m\u00e1s hermosas de la Pen\u00ednsula de Yucat\u00e1n. El castillo y varios vaciamientos, se encuentran amurallados","breadcrumb":{"@id":"https:\/\/mayanruins.mx\/es\/tour\/tulum-y-jungla-maya\/#breadcrumb"},"inLanguage":"es","potentialAction":[{"@type":"ReadAction","target":["https:\/\/mayanruins.mx\/es\/tour\/tulum-y-jungla-maya\/"]}]},{"@type":"ImageObject","inLanguage":"es","@id":"https:\/\/mayanruins.mx\/es\/tour\/tulum-y-jungla-maya\/#primaryimage","url":"https:\/\/mayanruins.mx\/es\/wp-content\/uploads\/sites\/2\/2017\/08\/explora-jungla-maya-tulum.jpg","contentUrl":"https:\/\/mayanruins.mx\/es\/wp-content\/uploads\/sites\/2\/2017\/08\/explora-jungla-maya-tulum.jpg","width":450,"height":367},{"@type":"BreadcrumbList","@id":"https:\/\/mayanruins.mx\/es\/tour\/tulum-y-jungla-maya\/#breadcrumb","itemListElement":[{"@type":"ListItem","position":1,"name":"Home","item":"https:\/\/mayanruins.mx\/es\/"},{"@type":"ListItem","position":2,"name":"Productos","item":"https:\/\/mayanruins.mx\/es\/shop\/"},{"@type":"ListItem","position":3,"name":"Tulum y Jungla Maya"}]},{"@type":"WebSite","@id":"https:\/\/mayanruins.mx\/es\/#website","url":"https:\/\/mayanruins.mx\/es\/","name":"Mayan Ruins","description":"","potentialAction":[{"@type":"SearchAction","target":{"@type":"EntryPoint","urlTemplate":"https:\/\/mayanruins.mx\/es\/?s={search_term_string}"},"query-input":"required name=search_term_string"}],"inLanguage":"es"}]}},"_links":{"self":[{"href":"https:\/\/mayanruins.mx\/es\/wp-json\/wp\/v2\/product\/1471"}],"collection":[{"href":"https:\/\/mayanruins.mx\/es\/wp-json\/wp\/v2\/product"}],"about":[{"href":"https:\/\/mayanruins.mx\/es\/wp-json\/wp\/v2\/types\/product"}],"replies":[{"embeddable":true,"href":"https:\/\/mayanruins.mx\/es\/wp-json\/wp\/v2\/comments?post=1471"}],"wp:featuredmedia":[{"embeddable":true,"href":"https:\/\/mayanruins.mx\/es\/wp-json\/wp\/v2\/media\/1850"}],"wp:attachment":[{"href":"https:\/\/mayanruins.mx\/es\/wp-json\/wp\/v2\/media?parent=1471"}],"wp:term":[{"taxonomy":"product_cat","embeddable":true,"href":"https:\/\/mayanruins.mx\/es\/wp-json\/wp\/v2\/product_cat?post=1471"},{"taxonomy":"product_tag","embeddable":true,"href":"https:\/\/mayanruins.mx\/es\/wp-json\/wp\/v2\/product_tag?post=1471"}],"curies":[{"name":"wp","href":"https:\/\/api.w.org\/{rel}","templated":true}]}}