{"id":1466,"date":"2017-08-30T22:23:54","date_gmt":"2017-08-30T16:23:54","guid":{"rendered":"https:\/\/mayanruins.travel\/?post_type=product&#038;p=1466"},"modified":"2017-10-20T20:36:38","modified_gmt":"2017-10-20T14:36:38","slug":"chichen-itza","status":"publish","type":"product","link":"https:\/\/mayanruins.mx\/es\/tour\/chichen-itza\/","title":{"rendered":"Chichen Itz\u00e1"},"content":{"rendered":"<p>[vc_row][vc_column][vc_column_text css=&#8221;.vc_custom_1507218205984{margin-bottom: 0px !important;}&#8221;]<\/p>\n<h3><span style=\"font-weight: bold;\">Conoce los diferentes tours a Chichen Itz\u00e1<\/span><\/h3>\n<p>[\/vc_column_text]\r\n\t\t\t<div id=\"toggle-box-211487961669eb64825e5cf\" class=\"slz-shortcode panel-group wrapper-accordion \">\r\n\t\t\t\t<div class=\"panel\">\r\n\t\t\t\t\t<div class=\"panel-heading\">\r\n\t\t\t\t\t\t<h5 class=\"panel-title\">\r\n\t\t\t\t\t\t\t<a data-toggle=\"collapse\" href=\"#211487961669eb64825e5cf-collapse-1\" aria-expanded=\"false\" class=\"accordion-toggle collapsed\">Tour a Chichen Itz\u00e1 B\u00c1SICO:\u00a0<\/a>\r\n\t\t\t\t\t\t<\/h5>\r\n\t\t\t\t\t<\/div>\r\n\t\t\t\t\t<div id=\"211487961669eb64825e5cf-collapse-1\" aria-expanded=\"false\" class=\"panel-collapse collapse\" role=\"tabpanel\">\r\n\t\t\t\t\t\t<div class=\"panel-body\">Transportaci\u00f3n desde\/hasta tu hotel - Canc\u00fan, Riviera Maya o Playa del Carmen<br \/>\nSnack<br \/>\nBuffet Yucateco<br \/>\nEntrada a Chichen Itz\u00e1<br \/>\nGu\u00eda certificado biling\u00fce<br \/>\nEntrada a cenote<br \/>\nPaseo por Valladolid (20 minutos)<\/div>\r\n\t\t\t\t\t<\/div>\r\n\t\t\t\t<\/div>\r\n\t\t\t\t<div class=\"panel\">\r\n\t\t\t\t\t<div class=\"panel-heading\">\r\n\t\t\t\t\t\t<h5 class=\"panel-title\">\r\n\t\t\t\t\t\t\t<a data-toggle=\"collapse\" href=\"#211487961669eb64825e5cf-collapse-2\" aria-expanded=\"false\" class=\"accordion-toggle collapsed\">Tour Chichen Itz\u00e1 PLUS:<\/a>\r\n\t\t\t\t\t\t<\/h5>\r\n\t\t\t\t\t<\/div>\r\n\t\t\t\t\t<div id=\"211487961669eb64825e5cf-collapse-2\" aria-expanded=\"false\" class=\"panel-collapse collapse\" role=\"tabpanel\">\r\n\t\t\t\t\t\t<div class=\"panel-body\">Transportaci\u00f3n desde\/hasta tu hotel - Canc\u00fan, Riviera Maya o Playa del Carmen<br \/>\nSnack<br \/>\nBarra libre de cerveza y refrescos abordo<br \/>\nEntrada a las Ruinas<br \/>\nVisita con un gu\u00eda certificado biling\u00fce<br \/>\nBuffet Yucateco<br \/>\nEntrada a Cenote<br \/>\nPaseo por Valladolid (20 minutos)<\/div>\r\n\t\t\t\t\t<\/div>\r\n\t\t\t\t<\/div>\r\n\t\t\t\t<div class=\"panel\">\r\n\t\t\t\t\t<div class=\"panel-heading\">\r\n\t\t\t\t\t\t<h5 class=\"panel-title\">\r\n\t\t\t\t\t\t\t<a data-toggle=\"collapse\" href=\"#211487961669eb64825e5cf-collapse-3\" aria-expanded=\"false\" class=\"accordion-toggle collapsed\">Tour Chichen Itz\u00e1 PREMIUM:<\/a>\r\n\t\t\t\t\t\t<\/h5>\r\n\t\t\t\t\t<\/div>\r\n\t\t\t\t\t<div id=\"211487961669eb64825e5cf-collapse-3\" aria-expanded=\"false\" class=\"panel-collapse collapse\" role=\"tabpanel\">\r\n\t\t\t\t\t\t<div class=\"panel-body\">Transportaci\u00f3n de lujo desde\/hasta tu hotel - Canc\u00fan, Riviera Maya o Playa del Carmen<br \/>\nSnack<br \/>\nBarra libre de tequila, vino tinto, cerveza y refrescos en el autob\u00fas<br \/>\nBuffet Yucateco<br \/>\nEntrada a las ruinas arqueol\u00f3gicas<br \/>\nVisita con un gu\u00eda certificado biling\u00fce<br \/>\nEntrada a Cenote<br \/>\nPaseo por Valladolid (20 minutos)<\/div>\r\n\t\t\t\t\t<\/div>\r\n\t\t\t\t<\/div>\r\n\t\t\t\t<div class=\"panel\">\r\n\t\t\t\t\t<div class=\"panel-heading\">\r\n\t\t\t\t\t\t<h5 class=\"panel-title\">\r\n\t\t\t\t\t\t\t<a data-toggle=\"collapse\" href=\"#211487961669eb64825e5cf-collapse-4\" aria-expanded=\"false\" class=\"accordion-toggle collapsed\">Tour Chichen Itz\u00e1 EXPRESS:<\/a>\r\n\t\t\t\t\t\t<\/h5>\r\n\t\t\t\t\t<\/div>\r\n\t\t\t\t\t<div id=\"211487961669eb64825e5cf-collapse-4\" aria-expanded=\"false\" class=\"panel-collapse collapse\" role=\"tabpanel\">\r\n\t\t\t\t\t\t<div class=\"panel-body\">Transportaci\u00f3n desde tu hotel (7:00 am)<br \/>\nSnack<br \/>\nEntrada a Chichen Itz\u00e1 con gu\u00eda certificado biling\u00fce<br \/>\nRegreso a tu hotel<\/div>\r\n\t\t\t\t\t<\/div>\r\n\t\t\t\t<\/div>\r\n\t\t\t\t<div class=\"panel\">\r\n\t\t\t\t\t<div class=\"panel-heading\">\r\n\t\t\t\t\t\t<h5 class=\"panel-title\">\r\n\t\t\t\t\t\t\t<a data-toggle=\"collapse\" href=\"#211487961669eb64825e5cf-collapse-5\" aria-expanded=\"false\" class=\"accordion-toggle collapsed\">Tour Chichen Itz\u00e1 SUNRISE:<\/a>\r\n\t\t\t\t\t\t<\/h5>\r\n\t\t\t\t\t<\/div>\r\n\t\t\t\t\t<div id=\"211487961669eb64825e5cf-collapse-5\" aria-expanded=\"false\" class=\"panel-collapse collapse\" role=\"tabpanel\">\r\n\t\t\t\t\t\t<div class=\"panel-body\">Transportaci\u00f3n desde tu hotel (3:00 am)<br \/>\nSnack<br \/>\nEntrada a Chichen Itz\u00e1 <br \/>\nGu\u00eda certificado biling\u00fce<br \/>\nVisita una aldea Maya<br \/>\nRegreso a tu hotel<\/div>\r\n\t\t\t\t\t<\/div>\r\n\t\t\t\t<\/div>\r\n\t\t\t<\/div>[\/vc_column][\/vc_row][vc_row css=&#8221;.vc_custom_1508347407399{padding-top: 20px !important;}&#8221;][vc_column width=&#8221;1\/2&#8243;][vc_column_text]<\/p>\n<h1>Tour Chichen Itz\u00e1<\/h1>\n<p>Si bien la cultura maya se asent\u00f3 en diferentes zonas arqueol\u00f3gicas, Chichen Itz\u00e1 fue una de las m\u00e1s importantes y es, adem\u00e1s, <b>considerada una de las nuevas siete maravillas del mundo<\/b> y Patrimonio Cultural de la Humanidad seg\u00fan la UNESCO desde 1988. Chich\u00e9n Itz\u00e1 fue el centro religioso, pol\u00edtico y militar maya m\u00e1s importante y tuvo su auge hacia el periodo cl\u00e1sico y postcl\u00e1sico.<\/p>\n<p>Este misterioso lugar recibe el nombre de Chich\u00e9n Itz\u00e1 que significa \u201cen la boca del pozo de los itzaes\u201d gracias a que se encuentra muy cerca un cenote sagrado que se consideraba la puerta la inframundo. La ubicaci\u00f3n de Chich\u00e9n Itz\u00e1 es privilegiada ya que est\u00e1 muy cerca de un sin fin de <b>cenotes lo que le dio un importante poder militar y comercial<\/b> durante muchos a\u00f1os ya que prove\u00eda a la comunidad de agua. Hablar de la cultura maya nos remonta a impresionantes historias que nos hace imaginarnos todo lo maravillosa que fue tan imponente ciudad maya.<br \/>\n[\/vc_column_text][\/vc_column][vc_column width=&#8221;1\/2&#8243;][vc_empty_space][vc_single_image image=&#8221;1651&#8243; img_size=&#8221;full&#8221; alignment=&#8221;right&#8221;][\/vc_column][vc_column][vc_row_inner][vc_column_inner][vc_column_text]<\/p>\n<h3>Conoce y marav\u00edllate con la pir\u00e1mide de Kukulk\u00e1n en Chichen Itz\u00e1<\/h3>\n<p>El principal edificio, la pir\u00e1mide o \u201cEl Castillo\u201d que se encuentra en el centro de la explanada es una de las pir\u00e1mides m\u00e1s grandes de los mayas, si bien no es la m\u00e1s alta si es uno de los yacimientos m\u00e1s imponentes de esta incre\u00edble cultura. La Pir\u00e1mide de Kukulk\u00e1n mide 24 metros y fue construida en el siglo XII d.C. Recientes investigaciones avalan que dentro de este impresionante yacimiento se encuentran dos pir\u00e1mides m\u00e1s peque\u00f1as que seg\u00fan los investigadores, fueron edificadas en las primeras etapas de construcci\u00f3n, haciendo a la pir\u00e1mide visible la m\u00e1s reciente edificaci\u00f3n de los mayas.<\/p>\n<h3>Descubre el enorme campo de Juego de Pelota en Chichen Itz\u00e1<\/h3>\n<p>Dentro de Chichen Itz\u00e1 se encuentra uno de los campos de Juego de Pelota m\u00e1s sorprendentes. Los mayas practicaban este juego con una finalidad religiosa y pol\u00edtica. Esta actividad sociocultural ayudaba a los guerreros jaguar a desarrollar fuerza f\u00edsica desde muy peque\u00f1os.<\/p>\n<p>Los jugadores se encontraban distribuidos por todo el campo y deb\u00edan pasar una pelota de caucho que pesaba aproximadamente dos kilos por un aro de piedra, que era parte de los muros laterales de la cancha, \u00e9ste se encuentra a m\u00e1s de un metro de altura.<\/p>\n<p>Seg\u00fan las reglas del juego de pelota maya, <strong>la pelota no pod\u00eda ser golpeada con las manos o pies y no deb\u00eda tocar el suelo<\/strong>, exigi\u00e9ndole a los participantes realizar movimientos con la cadera y con los lados laterales del cuerpo para poder anotar en el aro del contrincante.<\/p>\n<p><strong>Visita Chichen Itz\u00e1 y conoce el impactante campo de juego de pelota. \u00a1Te sorprender\u00e1 su gran tama\u00f1o!<\/strong><\/p>\n<h3><strong>\u00a1Conoce la magia de tan impactante cultura, Chichen Itz\u00e1 te espera para sorprenderte!<\/strong><\/h3>\n<p>[\/vc_column_text][\/vc_column_inner][\/vc_row_inner][\/vc_column][\/vc_row][vc_row][vc_column][vc_empty_space][vc_column_text]<\/p>\n<p style=\"font-size: 30px;\">Explorar m\u00e1s tours<\/p>\n<p>[\/vc_column_text]<div class=\"woocommerce columns-4 \"><ul class=\"products columns-4\">\n<li class=\"tm-has-options product type-product post-1478 status-publish first instock product_cat-sin-categorizar has-post-thumbnail shipping-taxable purchasable product-type-simple\">\n\t<a href=\"https:\/\/mayanruins.mx\/es\/tour\/chichen-itza-privado\/\" class=\"woocommerce-LoopProduct-link woocommerce-loop-product__link\"><img loading=\"lazy\" decoding=\"async\" width=\"300\" height=\"245\" src=\"https:\/\/mayanruins.mx\/es\/wp-content\/uploads\/sites\/2\/2017\/08\/visita-chichen-itza-tours.jpg\" class=\"attachment-woocommerce_thumbnail size-woocommerce_thumbnail\" alt=\"\" srcset=\"https:\/\/mayanruins.mx\/es\/wp-content\/uploads\/sites\/2\/2017\/08\/visita-chichen-itza-tours.jpg 450w, https:\/\/mayanruins.mx\/es\/wp-content\/uploads\/sites\/2\/2017\/08\/visita-chichen-itza-tours-300x245.jpg 300w\" sizes=\"(max-width: 300px) 100vw, 300px\" \/><h2 class=\"woocommerce-loop-product__title\">Chichen Itz\u00e1 Privado<\/h2>\n\t<span class=\"price\">Desde <span class=\"woocommerce-Price-amount amount\"><bdi><span class=\"woocommerce-Price-currencySymbol\">&#36;<\/span>410<\/bdi><\/span> USD<\/span>\n<\/a><a href=\"?add-to-cart=1478\" data-quantity=\"1\" class=\"button product_type_simple add_to_cart_button \" data-product_id=\"1478\" data-product_sku=\"\" aria-label=\"Add to cart: &ldquo;Chichen Itz\u00e1 Privado&rdquo;\" rel=\"nofollow\">A\u00f1adir al carrito<\/a><\/li>\n<li class=\"tm-has-options product type-product post-1444 status-publish instock product_cat-sin-categorizar has-post-thumbnail shipping-taxable purchasable product-type-simple\">\n\t<a href=\"https:\/\/mayanruins.mx\/es\/tour\/ek-balam\/\" class=\"woocommerce-LoopProduct-link woocommerce-loop-product__link\"><img loading=\"lazy\" decoding=\"async\" width=\"300\" height=\"245\" src=\"https:\/\/mayanruins.mx\/es\/wp-content\/uploads\/sites\/2\/2017\/08\/cenote-ek-balam-tour-at-mayan-ruins.jpg\" class=\"attachment-woocommerce_thumbnail size-woocommerce_thumbnail\" alt=\"\" srcset=\"https:\/\/mayanruins.mx\/es\/wp-content\/uploads\/sites\/2\/2017\/08\/cenote-ek-balam-tour-at-mayan-ruins.jpg 450w, https:\/\/mayanruins.mx\/es\/wp-content\/uploads\/sites\/2\/2017\/08\/cenote-ek-balam-tour-at-mayan-ruins-300x245.jpg 300w\" sizes=\"(max-width: 300px) 100vw, 300px\" \/><h2 class=\"woocommerce-loop-product__title\">Ek Bal\u00e1m<\/h2>\n\t<span class=\"price\">Desde <span class=\"woocommerce-Price-amount amount\"><bdi><span class=\"woocommerce-Price-currencySymbol\">&#36;<\/span>79<\/bdi><\/span> USD<\/span>\n<\/a><a href=\"?add-to-cart=1444\" data-quantity=\"1\" class=\"button product_type_simple add_to_cart_button \" data-product_id=\"1444\" data-product_sku=\"\" aria-label=\"Add to cart: &ldquo;Ek Bal\u00e1m&rdquo;\" rel=\"nofollow\">A\u00f1adir al carrito<\/a><\/li>\n<li class=\"tm-has-options product type-product post-1468 status-publish instock product_cat-sin-categorizar has-post-thumbnail shipping-taxable purchasable product-type-simple\">\n\t<a href=\"https:\/\/mayanruins.mx\/es\/tour\/equinoccio-en-chichen-itza\/\" class=\"woocommerce-LoopProduct-link woocommerce-loop-product__link\"><img loading=\"lazy\" decoding=\"async\" width=\"300\" height=\"245\" src=\"https:\/\/mayanruins.mx\/es\/wp-content\/uploads\/sites\/2\/2017\/08\/chichen-itza-tours-piramide.jpg\" class=\"attachment-woocommerce_thumbnail size-woocommerce_thumbnail\" alt=\"\" srcset=\"https:\/\/mayanruins.mx\/es\/wp-content\/uploads\/sites\/2\/2017\/08\/chichen-itza-tours-piramide.jpg 450w, https:\/\/mayanruins.mx\/es\/wp-content\/uploads\/sites\/2\/2017\/08\/chichen-itza-tours-piramide-300x245.jpg 300w\" sizes=\"(max-width: 300px) 100vw, 300px\" \/><h2 class=\"woocommerce-loop-product__title\">Equinoccio en Chichen Itz\u00e1<\/h2>\n\t<span class=\"price\">Desde <span class=\"woocommerce-Price-amount amount\"><bdi><span class=\"woocommerce-Price-currencySymbol\">&#36;<\/span>99<\/bdi><\/span> USD<\/span>\n<\/a><a href=\"?add-to-cart=1468\" data-quantity=\"1\" class=\"button product_type_simple add_to_cart_button \" data-product_id=\"1468\" data-product_sku=\"\" aria-label=\"Add to cart: &ldquo;Equinoccio en Chichen Itz\u00e1&rdquo;\" rel=\"nofollow\">A\u00f1adir al carrito<\/a><\/li>\n<li class=\"tm-has-options product type-product post-1467 status-publish last instock product_cat-sin-categorizar has-post-thumbnail shipping-taxable purchasable product-type-simple\">\n\t<a href=\"https:\/\/mayanruins.mx\/es\/tour\/show-de-noche-en-chichen-itza\/\" class=\"woocommerce-LoopProduct-link woocommerce-loop-product__link\"><img loading=\"lazy\" decoding=\"async\" width=\"300\" height=\"245\" src=\"https:\/\/mayanruins.mx\/es\/wp-content\/uploads\/sites\/2\/2017\/08\/chichen-itza-night-show-at-mayan-ruins.jpg\" class=\"attachment-woocommerce_thumbnail size-woocommerce_thumbnail\" alt=\"\" srcset=\"https:\/\/mayanruins.mx\/es\/wp-content\/uploads\/sites\/2\/2017\/08\/chichen-itza-night-show-at-mayan-ruins.jpg 450w, https:\/\/mayanruins.mx\/es\/wp-content\/uploads\/sites\/2\/2017\/08\/chichen-itza-night-show-at-mayan-ruins-300x245.jpg 300w\" sizes=\"(max-width: 300px) 100vw, 300px\" \/><h2 class=\"woocommerce-loop-product__title\">Show de Noche en Chichen Itz\u00e1<\/h2>\n\t<span class=\"price\">Desde <span class=\"woocommerce-Price-amount amount\"><bdi><span class=\"woocommerce-Price-currencySymbol\">&#36;<\/span>99<\/bdi><\/span> USD<\/span>\n<\/a><a href=\"?add-to-cart=1467\" data-quantity=\"1\" class=\"button product_type_simple add_to_cart_button \" data-product_id=\"1467\" data-product_sku=\"\" aria-label=\"Add to cart: &ldquo;Show de Noche en Chichen Itz\u00e1&rdquo;\" rel=\"nofollow\">A\u00f1adir al carrito<\/a><\/li>\n<\/ul>\n<\/div>[\/vc_column][\/vc_row]<\/p>\n","protected":false},"excerpt":{"rendered":"<p>[vc_row][vc_column][vc_column_text css=&#8221;.vc_custom_1507218205984{margin-bottom: 0px !important;}&#8221;] Conoce los diferentes tours a Chichen Itz\u00e1 [\/vc_column_text][\/vc_column][\/vc_row][vc_row css=&#8221;.vc_custom_1508347407399{padding-top: 20px !important;}&#8221;][vc_column width=&#8221;1\/2&#8243;][vc_column_text] Tour Chichen Itz\u00e1 Si bien la cultura maya se asent\u00f3 en diferentes zonas arqueol\u00f3gicas, Chichen Itz\u00e1 fue una de las m\u00e1s importantes y es, adem\u00e1s, considerada una de las nuevas siete maravillas del mundo y Patrimonio Cultural de la [&hellip;]<\/p>\n","protected":false},"featured_media":1653,"comment_status":"open","ping_status":"closed","template":"","meta":[],"product_cat":[93],"product_tag":[],"class_list":{"0":"post-1466","1":"product","2":"type-product","3":"status-publish","4":"has-post-thumbnail","6":"product_cat-sin-categorizar","7":"tm-has-options","9":"first","10":"instock","11":"shipping-taxable","12":"purchasable","13":"product-type-simple"},"yoast_head":"<!-- This site is optimized with the Yoast SEO plugin v23.3 - https:\/\/yoast.com\/wordpress\/plugins\/seo\/ -->\n<title>Tour a Chichen Itz\u00e1<\/title>\n<meta name=\"description\" content=\"\u00a0El Tour Chichen Itz\u00e1 es una oportunidad para que conozcas impactantes ruinas, el misticismo de los mayas, un bello cenote y disfrutes de bufete yucateco.\" \/>\n<meta name=\"robots\" content=\"noindex, follow\" \/>\n<meta property=\"og:locale\" content=\"es_MX\" \/>\n<meta property=\"og:type\" content=\"article\" \/>\n<meta property=\"og:title\" content=\"Tour a Chichen Itz\u00e1\" \/>\n<meta property=\"og:description\" content=\"\u00a0El Tour Chichen Itz\u00e1 es una oportunidad para que conozcas impactantes ruinas, el misticismo de los mayas, un bello cenote y disfrutes de bufete yucateco.\" \/>\n<meta property=\"og:url\" content=\"https:\/\/mayanruins.mx\/es\/tour\/chichen-itza\/\" \/>\n<meta property=\"og:site_name\" content=\"Mayan Ruins\" \/>\n<meta property=\"article:modified_time\" content=\"2017-10-20T14:36:38+00:00\" \/>\n<meta property=\"og:image\" content=\"https:\/\/mayanruins.mx\/es\/wp-content\/uploads\/sites\/2\/2017\/08\/chichen-itza-tours.jpg\" \/>\n\t<meta property=\"og:image:width\" content=\"450\" \/>\n\t<meta property=\"og:image:height\" content=\"367\" \/>\n\t<meta property=\"og:image:type\" content=\"image\/jpeg\" \/>\n<meta name=\"twitter:card\" content=\"summary_large_image\" \/>\n<meta name=\"twitter:label1\" content=\"Tiempo de lectura\" \/>\n\t<meta name=\"twitter:data1\" content=\"5 minutos\" \/>\n<script type=\"application\/ld+json\" class=\"yoast-schema-graph\">{\"@context\":\"https:\/\/schema.org\",\"@graph\":[{\"@type\":\"WebPage\",\"@id\":\"https:\/\/mayanruins.mx\/es\/tour\/chichen-itza\/\",\"url\":\"https:\/\/mayanruins.mx\/es\/tour\/chichen-itza\/\",\"name\":\"Tour a Chichen Itz\u00e1\",\"isPartOf\":{\"@id\":\"https:\/\/mayanruins.mx\/es\/#website\"},\"primaryImageOfPage\":{\"@id\":\"https:\/\/mayanruins.mx\/es\/tour\/chichen-itza\/#primaryimage\"},\"image\":{\"@id\":\"https:\/\/mayanruins.mx\/es\/tour\/chichen-itza\/#primaryimage\"},\"thumbnailUrl\":\"https:\/\/mayanruins.mx\/es\/wp-content\/uploads\/sites\/2\/2017\/08\/chichen-itza-tours.jpg\",\"datePublished\":\"2017-08-30T16:23:54+00:00\",\"dateModified\":\"2017-10-20T14:36:38+00:00\",\"description\":\"\u00a0El Tour Chichen Itz\u00e1 es una oportunidad para que conozcas impactantes ruinas, el misticismo de los mayas, un bello cenote y disfrutes de bufete yucateco.\",\"breadcrumb\":{\"@id\":\"https:\/\/mayanruins.mx\/es\/tour\/chichen-itza\/#breadcrumb\"},\"inLanguage\":\"es\",\"potentialAction\":[{\"@type\":\"ReadAction\",\"target\":[\"https:\/\/mayanruins.mx\/es\/tour\/chichen-itza\/\"]}]},{\"@type\":\"ImageObject\",\"inLanguage\":\"es\",\"@id\":\"https:\/\/mayanruins.mx\/es\/tour\/chichen-itza\/#primaryimage\",\"url\":\"https:\/\/mayanruins.mx\/es\/wp-content\/uploads\/sites\/2\/2017\/08\/chichen-itza-tours.jpg\",\"contentUrl\":\"https:\/\/mayanruins.mx\/es\/wp-content\/uploads\/sites\/2\/2017\/08\/chichen-itza-tours.jpg\",\"width\":450,\"height\":367},{\"@type\":\"BreadcrumbList\",\"@id\":\"https:\/\/mayanruins.mx\/es\/tour\/chichen-itza\/#breadcrumb\",\"itemListElement\":[{\"@type\":\"ListItem\",\"position\":1,\"name\":\"Home\",\"item\":\"https:\/\/mayanruins.mx\/es\/\"},{\"@type\":\"ListItem\",\"position\":2,\"name\":\"Productos\",\"item\":\"https:\/\/mayanruins.mx\/es\/shop\/\"},{\"@type\":\"ListItem\",\"position\":3,\"name\":\"Chichen Itz\u00e1\"}]},{\"@type\":\"WebSite\",\"@id\":\"https:\/\/mayanruins.mx\/es\/#website\",\"url\":\"https:\/\/mayanruins.mx\/es\/\",\"name\":\"Mayan Ruins\",\"description\":\"\",\"potentialAction\":[{\"@type\":\"SearchAction\",\"target\":{\"@type\":\"EntryPoint\",\"urlTemplate\":\"https:\/\/mayanruins.mx\/es\/?s={search_term_string}\"},\"query-input\":\"required name=search_term_string\"}],\"inLanguage\":\"es\"}]}<\/script>\n<!-- \/ Yoast SEO plugin. -->","yoast_head_json":{"title":"Tour a Chichen Itz\u00e1","description":"\u00a0El Tour Chichen Itz\u00e1 es una oportunidad para que conozcas impactantes ruinas, el misticismo de los mayas, un bello cenote y disfrutes de bufete yucateco.","robots":{"index":"noindex","follow":"follow"},"og_locale":"es_MX","og_type":"article","og_title":"Tour a Chichen Itz\u00e1","og_description":"\u00a0El Tour Chichen Itz\u00e1 es una oportunidad para que conozcas impactantes ruinas, el misticismo de los mayas, un bello cenote y disfrutes de bufete yucateco.","og_url":"https:\/\/mayanruins.mx\/es\/tour\/chichen-itza\/","og_site_name":"Mayan Ruins","article_modified_time":"2017-10-20T14:36:38+00:00","og_image":[{"width":450,"height":367,"url":"https:\/\/mayanruins.mx\/es\/wp-content\/uploads\/sites\/2\/2017\/08\/chichen-itza-tours.jpg","type":"image\/jpeg"}],"twitter_card":"summary_large_image","twitter_misc":{"Tiempo de lectura":"5 minutos"},"schema":{"@context":"https:\/\/schema.org","@graph":[{"@type":"WebPage","@id":"https:\/\/mayanruins.mx\/es\/tour\/chichen-itza\/","url":"https:\/\/mayanruins.mx\/es\/tour\/chichen-itza\/","name":"Tour a Chichen Itz\u00e1","isPartOf":{"@id":"https:\/\/mayanruins.mx\/es\/#website"},"primaryImageOfPage":{"@id":"https:\/\/mayanruins.mx\/es\/tour\/chichen-itza\/#primaryimage"},"image":{"@id":"https:\/\/mayanruins.mx\/es\/tour\/chichen-itza\/#primaryimage"},"thumbnailUrl":"https:\/\/mayanruins.mx\/es\/wp-content\/uploads\/sites\/2\/2017\/08\/chichen-itza-tours.jpg","datePublished":"2017-08-30T16:23:54+00:00","dateModified":"2017-10-20T14:36:38+00:00","description":"\u00a0El Tour Chichen Itz\u00e1 es una oportunidad para que conozcas impactantes ruinas, el misticismo de los mayas, un bello cenote y disfrutes de bufete yucateco.","breadcrumb":{"@id":"https:\/\/mayanruins.mx\/es\/tour\/chichen-itza\/#breadcrumb"},"inLanguage":"es","potentialAction":[{"@type":"ReadAction","target":["https:\/\/mayanruins.mx\/es\/tour\/chichen-itza\/"]}]},{"@type":"ImageObject","inLanguage":"es","@id":"https:\/\/mayanruins.mx\/es\/tour\/chichen-itza\/#primaryimage","url":"https:\/\/mayanruins.mx\/es\/wp-content\/uploads\/sites\/2\/2017\/08\/chichen-itza-tours.jpg","contentUrl":"https:\/\/mayanruins.mx\/es\/wp-content\/uploads\/sites\/2\/2017\/08\/chichen-itza-tours.jpg","width":450,"height":367},{"@type":"BreadcrumbList","@id":"https:\/\/mayanruins.mx\/es\/tour\/chichen-itza\/#breadcrumb","itemListElement":[{"@type":"ListItem","position":1,"name":"Home","item":"https:\/\/mayanruins.mx\/es\/"},{"@type":"ListItem","position":2,"name":"Productos","item":"https:\/\/mayanruins.mx\/es\/shop\/"},{"@type":"ListItem","position":3,"name":"Chichen Itz\u00e1"}]},{"@type":"WebSite","@id":"https:\/\/mayanruins.mx\/es\/#website","url":"https:\/\/mayanruins.mx\/es\/","name":"Mayan Ruins","description":"","potentialAction":[{"@type":"SearchAction","target":{"@type":"EntryPoint","urlTemplate":"https:\/\/mayanruins.mx\/es\/?s={search_term_string}"},"query-input":"required name=search_term_string"}],"inLanguage":"es"}]}},"_links":{"self":[{"href":"https:\/\/mayanruins.mx\/es\/wp-json\/wp\/v2\/product\/1466"}],"collection":[{"href":"https:\/\/mayanruins.mx\/es\/wp-json\/wp\/v2\/product"}],"about":[{"href":"https:\/\/mayanruins.mx\/es\/wp-json\/wp\/v2\/types\/product"}],"replies":[{"embeddable":true,"href":"https:\/\/mayanruins.mx\/es\/wp-json\/wp\/v2\/comments?post=1466"}],"wp:featuredmedia":[{"embeddable":true,"href":"https:\/\/mayanruins.mx\/es\/wp-json\/wp\/v2\/media\/1653"}],"wp:attachment":[{"href":"https:\/\/mayanruins.mx\/es\/wp-json\/wp\/v2\/media?parent=1466"}],"wp:term":[{"taxonomy":"product_cat","embeddable":true,"href":"https:\/\/mayanruins.mx\/es\/wp-json\/wp\/v2\/product_cat?post=1466"},{"taxonomy":"product_tag","embeddable":true,"href":"https:\/\/mayanruins.mx\/es\/wp-json\/wp\/v2\/product_tag?post=1466"}],"curies":[{"name":"wp","href":"https:\/\/api.w.org\/{rel}","templated":true}]}}