{"id":1444,"date":"2017-08-24T23:12:17","date_gmt":"2017-08-24T17:12:17","guid":{"rendered":"https:\/\/mayanruins.travel\/?post_type=product&#038;p=1444"},"modified":"2017-10-27T21:36:48","modified_gmt":"2017-10-27T15:36:48","slug":"ek-balam","status":"publish","type":"product","link":"https:\/\/mayanruins.mx\/es\/tour\/ek-balam\/","title":{"rendered":"Ek Bal\u00e1m"},"content":{"rendered":"<p>[vc_row][vc_column]<div class=\"slz-shortcode block-title-67808967869e8e35f8ff33 \">\r\n<h3 class=\"slz-shortcode title-style-3\">Todos los tours incluyen<\/h3><\/div>\r\n<div class=\"slz-shortcode item-list-style06 item-list-160357905269e8e35f8ffe1 wrapper-journey \" data-item=5><div class=\"item feature-item\"><i class=\"icon-journey fa fa-car\"><\/i><div class=\"text\">Traslado de\/hasta tu hotel<\/div><\/div><div class=\"item feature-item\"><i class=\"icon-journey flaticon-food-2\"><\/i><div class=\"text\">Desayuno a bordo<\/div><\/div><div class=\"item feature-item\"><i class=\"icon-journey flaticon-cup\"><\/i><div class=\"text\">Bebidas incluidas<\/div><\/div><div class=\"item feature-item\"><i class=\"icon-journey flaticon-man\"><\/i><div class=\"text\">Gu\u00eda certificado biling\u00fce <\/div><\/div><div class=\"item feature-item\"><i class=\"icon-journey fa fa-camera\"><\/i><div class=\"text\">Entrada a Ek Bal\u00e1m<\/div><\/div><\/div>[\/vc_column][\/vc_row][vc_row][vc_column][vc_column_text css=&#8221;.vc_custom_1507225275725{margin-bottom: 0px !important;}&#8221;]<\/p>\n<h3><span style=\"font-weight: bold;\">Explora los diferentes tours a Ek Bal\u00e1m<\/span><\/h3>\n<p>[\/vc_column_text]\r\n\t\t\t<div id=\"toggle-box-95462375369e8e35f90083\" class=\"slz-shortcode panel-group wrapper-accordion \">\r\n\t\t\t\t<div class=\"panel\">\r\n\t\t\t\t\t<div class=\"panel-heading\">\r\n\t\t\t\t\t\t<h5 class=\"panel-title\">\r\n\t\t\t\t\t\t\t<a data-toggle=\"collapse\" href=\"#95462375369e8e35f90083-collapse-1\" aria-expanded=\"false\" class=\"accordion-toggle collapsed\">Ek Bal\u00e1m DISCOVERY<\/a>\r\n\t\t\t\t\t\t<\/h5>\r\n\t\t\t\t\t<\/div>\r\n\t\t\t\t\t<div id=\"95462375369e8e35f90083-collapse-1\" aria-expanded=\"false\" class=\"panel-collapse collapse\" role=\"tabpanel\">\r\n\t\t\t\t\t\t<div class=\"panel-body\">\t\u2022\tTransportaci\u00f3n desde\/hasta tu hotel <br \/>\n\t\u2022\tDesayuno abordo<br \/>\n\t\u2022\tBarra libre (agua, refrescos y cervezas) <br \/>\n\t\u2022\tEntrada a Ek Bal\u00e1m<br \/>\n\t\u2022\tGu\u00eda certificado biling\u00fce <br \/>\n\t\u2022\tVisita a Valladolid <\/div>\r\n\t\t\t\t\t<\/div>\r\n\t\t\t\t<\/div>\r\n\t\t\t\t<div class=\"panel\">\r\n\t\t\t\t\t<div class=\"panel-heading\">\r\n\t\t\t\t\t\t<h5 class=\"panel-title\">\r\n\t\t\t\t\t\t\t<a data-toggle=\"collapse\" href=\"#95462375369e8e35f90083-collapse-2\" aria-expanded=\"false\" class=\"accordion-toggle collapsed\">Ek Bal\u00e1m EXPRESS<\/a>\r\n\t\t\t\t\t\t<\/h5>\r\n\t\t\t\t\t<\/div>\r\n\t\t\t\t\t<div id=\"95462375369e8e35f90083-collapse-2\" aria-expanded=\"false\" class=\"panel-collapse collapse\" role=\"tabpanel\">\r\n\t\t\t\t\t\t<div class=\"panel-body\">Transportaci\u00f3n desde\/hasta tu hotel <br \/>\nDesayuno abordo <br \/>\nGu\u00eda certificado biling\u00fce <br \/>\nEntrada a Ek Bal\u00e1m <br \/>\nVisita y tiempo libre en Valladolid<\/div>\r\n\t\t\t\t\t<\/div>\r\n\t\t\t\t<\/div>\r\n\t\t\t\t<div class=\"panel\">\r\n\t\t\t\t\t<div class=\"panel-heading\">\r\n\t\t\t\t\t\t<h5 class=\"panel-title\">\r\n\t\t\t\t\t\t\t<a data-toggle=\"collapse\" href=\"#95462375369e8e35f90083-collapse-3\" aria-expanded=\"false\" class=\"accordion-toggle collapsed\">Ek Bal\u00e1m MAYAN VILLAGE &amp; HUBIKU<\/a>\r\n\t\t\t\t\t\t<\/h5>\r\n\t\t\t\t\t<\/div>\r\n\t\t\t\t\t<div id=\"95462375369e8e35f90083-collapse-3\" aria-expanded=\"false\" class=\"panel-collapse collapse\" role=\"tabpanel\">\r\n\t\t\t\t\t\t<div class=\"panel-body\">\t\u2022\tTransportaci\u00f3n desde\/hasta tu hotel <br \/>\n\t\u2022\tDesayuno abordo<br \/>\n\t\u2022\tBarra libre (agua, refrescos y cervezas) <br \/>\n\t\u2022\tEntrada a Ek Bal\u00e1m<br \/>\n\t\u2022\tGu\u00eda certificado biling\u00fce <br \/>\n\t\u2022\tEntrada al Cenote Hubiki o Xcajum<br \/>\n\t\u2022\tVisita a Caba\u00f1a Maya <br \/>\n\t\u2022\tBuffete Yucateco<\/div>\r\n\t\t\t\t\t<\/div>\r\n\t\t\t\t<\/div>\r\n\t\t\t<\/div>[\/vc_column][\/vc_row][vc_row][vc_column][vc_column_text]<\/p>\n<h2>Recorrido\u00a0a las ruinas mayas de Ek Balam desde Canc\u00fan y Riviera Maya.<\/h2>\n<p>Vive una aventura en \u00e9ste tour combinado.<br \/>\nSon contados los sitios en los que todav\u00eda se puede subir durante una excursi\u00f3n de medio d\u00eda, es por eso que \u00e9ste tour te brindar\u00e1 una experiencia realmente diferente, desde la cima de acr\u00f3polis hasta Valladolid podr\u00e1s perderte en la magn\u00edfica vista, templos y vestigios de una de las ciudades m\u00e1s sorprendentes, as\u00ed como empaparte de la cultura local.<\/p>\n<h3>Explora\u00a0Ek\u2019Balam.<\/h3>\n<p>Despu\u00e9s de\u00a0recogerte\u00a0en\u00a0el hotel, pondremos rumbo\u00a0a descubrir dos maravillosos lugares de inter\u00e9s en\u00a0la Riviera Maya.<br \/>\nSiendo uno de los m\u00e1s impresionantes centros ceremoniales de la pen\u00ednsula de Yucat\u00e1n, \u00e9ste yacimiento arqueol\u00f3gico contiene una incre\u00edble ornamentaci\u00f3n de sus templos, plazas y esculturas en alto relieve que han sorprendido hasta los m\u00e1s prestigiosos arque\u00f3logos.<\/p>\n<p>Recientemente se ha restaurando la escultura de la boca del jaguar en la parte frontal del templo principal, as\u00ed que no puedes dejar de lado un paseo para maravillarte con impresionante escultura.<\/p>\n<p>Despu\u00e9s es obligado el paseo por el campo de juego de pelota de Pok Ta Pok es algo digno de admirar.[\/vc_column_text][\/vc_column][\/vc_row][vc_row][vc_column][vc_empty_space][vc_column_text]<\/p>\n<p style=\"font-size: 30px;\">Explorar m\u00e1s tours<\/p>\n<p>[\/vc_column_text]<div class=\"woocommerce columns-4 \"><ul class=\"products columns-4\">\n<li class=\"tm-has-options product type-product post-1466 status-publish first instock product_cat-sin-categorizar has-post-thumbnail shipping-taxable purchasable product-type-simple\">\n\t<a href=\"https:\/\/mayanruins.mx\/es\/tour\/chichen-itza\/\" class=\"woocommerce-LoopProduct-link woocommerce-loop-product__link\"><img loading=\"lazy\" decoding=\"async\" width=\"300\" height=\"245\" src=\"https:\/\/mayanruins.mx\/es\/wp-content\/uploads\/sites\/2\/2017\/08\/chichen-itza-tours.jpg\" class=\"attachment-woocommerce_thumbnail size-woocommerce_thumbnail\" alt=\"\" srcset=\"https:\/\/mayanruins.mx\/es\/wp-content\/uploads\/sites\/2\/2017\/08\/chichen-itza-tours.jpg 450w, https:\/\/mayanruins.mx\/es\/wp-content\/uploads\/sites\/2\/2017\/08\/chichen-itza-tours-300x245.jpg 300w\" sizes=\"(max-width: 300px) 100vw, 300px\" \/><h2 class=\"woocommerce-loop-product__title\">Chichen Itz\u00e1<\/h2>\n\t<span class=\"price\">Desde <span class=\"woocommerce-Price-amount amount\"><bdi><span class=\"woocommerce-Price-currencySymbol\">&#36;<\/span>79<\/bdi><\/span> USD<\/span>\n<\/a><a href=\"?add-to-cart=1466\" data-quantity=\"1\" class=\"button product_type_simple add_to_cart_button \" data-product_id=\"1466\" data-product_sku=\"\" aria-label=\"Add to cart: &ldquo;Chichen Itz\u00e1&rdquo;\" rel=\"nofollow\">A\u00f1adir al carrito<\/a><\/li>\n<li class=\"tm-has-options product type-product post-1470 status-publish instock product_cat-sin-categorizar has-post-thumbnail shipping-taxable purchasable product-type-simple\">\n\t<a href=\"https:\/\/mayanruins.mx\/es\/tour\/coba-y-tulum\/\" class=\"woocommerce-LoopProduct-link woocommerce-loop-product__link\"><img loading=\"lazy\" decoding=\"async\" width=\"300\" height=\"245\" src=\"https:\/\/mayanruins.mx\/es\/wp-content\/uploads\/sites\/2\/2017\/08\/coba-mayan-ruins.jpg\" class=\"attachment-woocommerce_thumbnail size-woocommerce_thumbnail\" alt=\"\" srcset=\"https:\/\/mayanruins.mx\/es\/wp-content\/uploads\/sites\/2\/2017\/08\/coba-mayan-ruins.jpg 450w, https:\/\/mayanruins.mx\/es\/wp-content\/uploads\/sites\/2\/2017\/08\/coba-mayan-ruins-300x245.jpg 300w\" sizes=\"(max-width: 300px) 100vw, 300px\" \/><h2 class=\"woocommerce-loop-product__title\">Cob\u00e1 y Tulum<\/h2>\n\t<span class=\"price\">Desde <span class=\"woocommerce-Price-amount amount\"><bdi><span class=\"woocommerce-Price-currencySymbol\">&#36;<\/span>129<\/bdi><\/span> USD<\/span>\n<\/a><a href=\"?add-to-cart=1470\" data-quantity=\"1\" class=\"button product_type_simple add_to_cart_button \" data-product_id=\"1470\" data-product_sku=\"\" aria-label=\"Add to cart: &ldquo;Cob\u00e1 y Tulum&rdquo;\" rel=\"nofollow\">A\u00f1adir al carrito<\/a><\/li>\n<li class=\"tm-has-options product type-product post-1477 status-publish instock product_cat-sin-categorizar has-post-thumbnail shipping-taxable purchasable product-type-simple\">\n\t<a href=\"https:\/\/mayanruins.mx\/es\/tour\/ek-balam-privado\/\" class=\"woocommerce-LoopProduct-link woocommerce-loop-product__link\"><img loading=\"lazy\" decoding=\"async\" width=\"300\" height=\"245\" src=\"https:\/\/mayanruins.mx\/es\/wp-content\/uploads\/sites\/2\/2016\/05\/ek-balam-mayan-ruins-1.jpg\" class=\"attachment-woocommerce_thumbnail size-woocommerce_thumbnail\" alt=\"\" srcset=\"https:\/\/mayanruins.mx\/es\/wp-content\/uploads\/sites\/2\/2016\/05\/ek-balam-mayan-ruins-1.jpg 450w, https:\/\/mayanruins.mx\/es\/wp-content\/uploads\/sites\/2\/2016\/05\/ek-balam-mayan-ruins-1-300x245.jpg 300w\" sizes=\"(max-width: 300px) 100vw, 300px\" \/><h2 class=\"woocommerce-loop-product__title\">Ek Bal\u00e1m Privado<\/h2>\n\t<span class=\"price\">Desde <span class=\"woocommerce-Price-amount amount\"><bdi><span class=\"woocommerce-Price-currencySymbol\">&#36;<\/span>79<\/bdi><\/span> USD<\/span>\n<\/a><a href=\"?add-to-cart=1477\" data-quantity=\"1\" class=\"button product_type_simple add_to_cart_button \" data-product_id=\"1477\" data-product_sku=\"\" aria-label=\"Add to cart: &ldquo;Ek Bal\u00e1m Privado&rdquo;\" rel=\"nofollow\">A\u00f1adir al carrito<\/a><\/li>\n<li class=\"tm-has-options product type-product post-1663 status-publish last instock product_cat-sin-categorizar has-post-thumbnail shipping-taxable purchasable product-type-simple\">\n\t<a href=\"https:\/\/mayanruins.mx\/es\/tour\/tulum-discovery\/\" class=\"woocommerce-LoopProduct-link woocommerce-loop-product__link\"><img loading=\"lazy\" decoding=\"async\" width=\"300\" height=\"245\" src=\"https:\/\/mayanruins.mx\/es\/wp-content\/uploads\/sites\/2\/2017\/08\/tulum-maya-ruins-sea.jpg\" class=\"attachment-woocommerce_thumbnail size-woocommerce_thumbnail\" alt=\"\" srcset=\"https:\/\/mayanruins.mx\/es\/wp-content\/uploads\/sites\/2\/2017\/08\/tulum-maya-ruins-sea.jpg 450w, https:\/\/mayanruins.mx\/es\/wp-content\/uploads\/sites\/2\/2017\/08\/tulum-maya-ruins-sea-300x245.jpg 300w\" sizes=\"(max-width: 300px) 100vw, 300px\" \/><h2 class=\"woocommerce-loop-product__title\">Tulum Discovery<\/h2>\n\t<span class=\"price\">Desde <span class=\"woocommerce-Price-amount amount\"><bdi><span class=\"woocommerce-Price-currencySymbol\">&#36;<\/span>59<\/bdi><\/span> USD<\/span>\n<\/a><a href=\"?add-to-cart=1663\" data-quantity=\"1\" class=\"button product_type_simple add_to_cart_button \" data-product_id=\"1663\" data-product_sku=\"\" aria-label=\"Add to cart: &ldquo;Tulum Discovery&rdquo;\" rel=\"nofollow\">A\u00f1adir al carrito<\/a><\/li>\n<\/ul>\n<\/div>[\/vc_column][\/vc_row]<\/p>\n","protected":false},"excerpt":{"rendered":"<p>[vc_row][vc_column][\/vc_column][\/vc_row][vc_row][vc_column][vc_column_text css=&#8221;.vc_custom_1507225275725{margin-bottom: 0px !important;}&#8221;] Explora los diferentes tours a Ek Bal\u00e1m [\/vc_column_text][\/vc_column][\/vc_row][vc_row][vc_column][vc_column_text] Recorrido\u00a0a las ruinas mayas de Ek Balam desde Canc\u00fan y Riviera Maya. Vive una aventura en \u00e9ste tour combinado. Son contados los sitios en los que todav\u00eda se puede subir durante una excursi\u00f3n de medio d\u00eda, es por eso que \u00e9ste tour te [&hellip;]<\/p>\n","protected":false},"featured_media":1561,"comment_status":"open","ping_status":"closed","template":"","meta":[],"product_cat":[93],"product_tag":[],"class_list":{"0":"post-1444","1":"product","2":"type-product","3":"status-publish","4":"has-post-thumbnail","6":"product_cat-sin-categorizar","7":"tm-has-options","9":"first","10":"instock","11":"shipping-taxable","12":"purchasable","13":"product-type-simple"},"yoast_head":"<!-- This site is optimized with the Yoast SEO plugin v23.3 - https:\/\/yoast.com\/wordpress\/plugins\/seo\/ -->\n<title>Tour a Ek Balam<\/title>\n<meta name=\"description\" content=\"Son contados los sitios en los que todav\u00eda se puede subir a la pir\u00e1mide, es por eso que el tour a Ek Balam te brindar\u00e1 una experiencia realmente diferente\" \/>\n<meta name=\"robots\" content=\"noindex, follow\" \/>\n<meta property=\"og:locale\" content=\"es_MX\" \/>\n<meta property=\"og:type\" content=\"article\" \/>\n<meta property=\"og:title\" content=\"Tour a Ek Balam\" \/>\n<meta property=\"og:description\" content=\"Son contados los sitios en los que todav\u00eda se puede subir a la pir\u00e1mide, es por eso que el tour a Ek Balam te brindar\u00e1 una experiencia realmente diferente\" \/>\n<meta property=\"og:url\" content=\"https:\/\/mayanruins.mx\/es\/tour\/ek-balam\/\" \/>\n<meta property=\"og:site_name\" content=\"Mayan Ruins\" \/>\n<meta property=\"article:modified_time\" content=\"2017-10-27T15:36:48+00:00\" \/>\n<meta property=\"og:image\" content=\"https:\/\/mayanruins.mx\/es\/wp-content\/uploads\/sites\/2\/2017\/08\/cenote-ek-balam-tour-at-mayan-ruins.jpg\" \/>\n\t<meta property=\"og:image:width\" content=\"450\" \/>\n\t<meta property=\"og:image:height\" content=\"367\" \/>\n\t<meta property=\"og:image:type\" content=\"image\/jpeg\" \/>\n<meta name=\"twitter:card\" content=\"summary_large_image\" \/>\n<meta name=\"twitter:label1\" content=\"Tiempo de lectura\" \/>\n\t<meta name=\"twitter:data1\" content=\"3 minutos\" \/>\n<script type=\"application\/ld+json\" class=\"yoast-schema-graph\">{\"@context\":\"https:\/\/schema.org\",\"@graph\":[{\"@type\":\"WebPage\",\"@id\":\"https:\/\/mayanruins.mx\/es\/tour\/ek-balam\/\",\"url\":\"https:\/\/mayanruins.mx\/es\/tour\/ek-balam\/\",\"name\":\"Tour a Ek Balam\",\"isPartOf\":{\"@id\":\"https:\/\/mayanruins.mx\/es\/#website\"},\"primaryImageOfPage\":{\"@id\":\"https:\/\/mayanruins.mx\/es\/tour\/ek-balam\/#primaryimage\"},\"image\":{\"@id\":\"https:\/\/mayanruins.mx\/es\/tour\/ek-balam\/#primaryimage\"},\"thumbnailUrl\":\"https:\/\/mayanruins.mx\/es\/wp-content\/uploads\/sites\/2\/2017\/08\/cenote-ek-balam-tour-at-mayan-ruins.jpg\",\"datePublished\":\"2017-08-24T17:12:17+00:00\",\"dateModified\":\"2017-10-27T15:36:48+00:00\",\"description\":\"Son contados los sitios en los que todav\u00eda se puede subir a la pir\u00e1mide, es por eso que el tour a Ek Balam te brindar\u00e1 una experiencia realmente diferente\",\"breadcrumb\":{\"@id\":\"https:\/\/mayanruins.mx\/es\/tour\/ek-balam\/#breadcrumb\"},\"inLanguage\":\"es\",\"potentialAction\":[{\"@type\":\"ReadAction\",\"target\":[\"https:\/\/mayanruins.mx\/es\/tour\/ek-balam\/\"]}]},{\"@type\":\"ImageObject\",\"inLanguage\":\"es\",\"@id\":\"https:\/\/mayanruins.mx\/es\/tour\/ek-balam\/#primaryimage\",\"url\":\"https:\/\/mayanruins.mx\/es\/wp-content\/uploads\/sites\/2\/2017\/08\/cenote-ek-balam-tour-at-mayan-ruins.jpg\",\"contentUrl\":\"https:\/\/mayanruins.mx\/es\/wp-content\/uploads\/sites\/2\/2017\/08\/cenote-ek-balam-tour-at-mayan-ruins.jpg\",\"width\":\"450\",\"height\":\"367\"},{\"@type\":\"BreadcrumbList\",\"@id\":\"https:\/\/mayanruins.mx\/es\/tour\/ek-balam\/#breadcrumb\",\"itemListElement\":[{\"@type\":\"ListItem\",\"position\":1,\"name\":\"Home\",\"item\":\"https:\/\/mayanruins.mx\/es\/\"},{\"@type\":\"ListItem\",\"position\":2,\"name\":\"Productos\",\"item\":\"https:\/\/mayanruins.mx\/es\/shop\/\"},{\"@type\":\"ListItem\",\"position\":3,\"name\":\"Ek Bal\u00e1m\"}]},{\"@type\":\"WebSite\",\"@id\":\"https:\/\/mayanruins.mx\/es\/#website\",\"url\":\"https:\/\/mayanruins.mx\/es\/\",\"name\":\"Mayan Ruins\",\"description\":\"\",\"potentialAction\":[{\"@type\":\"SearchAction\",\"target\":{\"@type\":\"EntryPoint\",\"urlTemplate\":\"https:\/\/mayanruins.mx\/es\/?s={search_term_string}\"},\"query-input\":\"required name=search_term_string\"}],\"inLanguage\":\"es\"}]}<\/script>\n<!-- \/ Yoast SEO plugin. -->","yoast_head_json":{"title":"Tour a Ek Balam","description":"Son contados los sitios en los que todav\u00eda se puede subir a la pir\u00e1mide, es por eso que el tour a Ek Balam te brindar\u00e1 una experiencia realmente diferente","robots":{"index":"noindex","follow":"follow"},"og_locale":"es_MX","og_type":"article","og_title":"Tour a Ek Balam","og_description":"Son contados los sitios en los que todav\u00eda se puede subir a la pir\u00e1mide, es por eso que el tour a Ek Balam te brindar\u00e1 una experiencia realmente diferente","og_url":"https:\/\/mayanruins.mx\/es\/tour\/ek-balam\/","og_site_name":"Mayan Ruins","article_modified_time":"2017-10-27T15:36:48+00:00","og_image":[{"width":450,"height":367,"url":"https:\/\/mayanruins.mx\/es\/wp-content\/uploads\/sites\/2\/2017\/08\/cenote-ek-balam-tour-at-mayan-ruins.jpg","type":"image\/jpeg"}],"twitter_card":"summary_large_image","twitter_misc":{"Tiempo de lectura":"3 minutos"},"schema":{"@context":"https:\/\/schema.org","@graph":[{"@type":"WebPage","@id":"https:\/\/mayanruins.mx\/es\/tour\/ek-balam\/","url":"https:\/\/mayanruins.mx\/es\/tour\/ek-balam\/","name":"Tour a Ek Balam","isPartOf":{"@id":"https:\/\/mayanruins.mx\/es\/#website"},"primaryImageOfPage":{"@id":"https:\/\/mayanruins.mx\/es\/tour\/ek-balam\/#primaryimage"},"image":{"@id":"https:\/\/mayanruins.mx\/es\/tour\/ek-balam\/#primaryimage"},"thumbnailUrl":"https:\/\/mayanruins.mx\/es\/wp-content\/uploads\/sites\/2\/2017\/08\/cenote-ek-balam-tour-at-mayan-ruins.jpg","datePublished":"2017-08-24T17:12:17+00:00","dateModified":"2017-10-27T15:36:48+00:00","description":"Son contados los sitios en los que todav\u00eda se puede subir a la pir\u00e1mide, es por eso que el tour a Ek Balam te brindar\u00e1 una experiencia realmente diferente","breadcrumb":{"@id":"https:\/\/mayanruins.mx\/es\/tour\/ek-balam\/#breadcrumb"},"inLanguage":"es","potentialAction":[{"@type":"ReadAction","target":["https:\/\/mayanruins.mx\/es\/tour\/ek-balam\/"]}]},{"@type":"ImageObject","inLanguage":"es","@id":"https:\/\/mayanruins.mx\/es\/tour\/ek-balam\/#primaryimage","url":"https:\/\/mayanruins.mx\/es\/wp-content\/uploads\/sites\/2\/2017\/08\/cenote-ek-balam-tour-at-mayan-ruins.jpg","contentUrl":"https:\/\/mayanruins.mx\/es\/wp-content\/uploads\/sites\/2\/2017\/08\/cenote-ek-balam-tour-at-mayan-ruins.jpg","width":"450","height":"367"},{"@type":"BreadcrumbList","@id":"https:\/\/mayanruins.mx\/es\/tour\/ek-balam\/#breadcrumb","itemListElement":[{"@type":"ListItem","position":1,"name":"Home","item":"https:\/\/mayanruins.mx\/es\/"},{"@type":"ListItem","position":2,"name":"Productos","item":"https:\/\/mayanruins.mx\/es\/shop\/"},{"@type":"ListItem","position":3,"name":"Ek Bal\u00e1m"}]},{"@type":"WebSite","@id":"https:\/\/mayanruins.mx\/es\/#website","url":"https:\/\/mayanruins.mx\/es\/","name":"Mayan Ruins","description":"","potentialAction":[{"@type":"SearchAction","target":{"@type":"EntryPoint","urlTemplate":"https:\/\/mayanruins.mx\/es\/?s={search_term_string}"},"query-input":"required name=search_term_string"}],"inLanguage":"es"}]}},"_links":{"self":[{"href":"https:\/\/mayanruins.mx\/es\/wp-json\/wp\/v2\/product\/1444"}],"collection":[{"href":"https:\/\/mayanruins.mx\/es\/wp-json\/wp\/v2\/product"}],"about":[{"href":"https:\/\/mayanruins.mx\/es\/wp-json\/wp\/v2\/types\/product"}],"replies":[{"embeddable":true,"href":"https:\/\/mayanruins.mx\/es\/wp-json\/wp\/v2\/comments?post=1444"}],"wp:featuredmedia":[{"embeddable":true,"href":"https:\/\/mayanruins.mx\/es\/wp-json\/wp\/v2\/media\/1561"}],"wp:attachment":[{"href":"https:\/\/mayanruins.mx\/es\/wp-json\/wp\/v2\/media?parent=1444"}],"wp:term":[{"taxonomy":"product_cat","embeddable":true,"href":"https:\/\/mayanruins.mx\/es\/wp-json\/wp\/v2\/product_cat?post=1444"},{"taxonomy":"product_tag","embeddable":true,"href":"https:\/\/mayanruins.mx\/es\/wp-json\/wp\/v2\/product_tag?post=1444"}],"curies":[{"name":"wp","href":"https:\/\/api.w.org\/{rel}","templated":true}]}}