{"id":1580,"date":"2017-09-07T04:49:34","date_gmt":"2017-09-06T22:49:34","guid":{"rendered":"https:\/\/mayanruins.travel\/?page_id=1580"},"modified":"2017-11-13T20:45:56","modified_gmt":"2017-11-13T14:45:56","slug":"destino-ek-balam","status":"publish","type":"page","link":"https:\/\/mayanruins.mx\/es\/destino-ek-balam\/","title":{"rendered":"Ek Bal\u00e1m"},"content":{"rendered":"<p>[vc_row][vc_column css=&#8221;.vc_custom_1463039150790{margin-top: 70px !important;}&#8221;][vc_column_text]<\/p>\n<h2>Vive una aventura en las ruinas de Ek Balam<\/h2>\n<p>Ek Bal\u00e1m es una de las ciudades con mayor influencia maya, ya que es uno de los yacimientos que cuenta con grandes representaciones art\u00edsticas y tecnol\u00f3gicas de tan incre\u00edble cultura.<\/p>\n<p>Los tesoros y misterios se ven representados en sus templos y plazas, todos y cada uno de ellos son descubrimientos que nos invitan a sumergirnos en cada uno de los rincones de esta Acr\u00f3polis.<\/p>\n<p>En Ek Bal\u00e1m se encuentra una de las pir\u00e1mides que nos invita a observar el panorama de la jungla maya y la escultura de la boca del jaguar que est\u00e1 ubicada en la parte frontal del templo principal. Es una de las creaciones mayas m\u00e1s impresionantes y que se encuentra restaurada cuidando cada uno de los detalles.<\/p>\n<p>El arco es una de las creaciones arquitect\u00f3nicas m\u00e1s majestuosas y exactas de los mayas.<\/p>\n<p>Descubre las maravillas de est\u00e1 Acr\u00f3polis, conoce la boca del Jaguar y sorpr\u00e9ndete con el panorama de la selva maya.[\/vc_column_text][\/vc_column][\/vc_row][vc_row css=&#8221;.vc_custom_1506698919594{padding-right: 15% !important;padding-left: 15% !important;}&#8221; el_id=&#8221;doble&#8221;][vc_column width=&#8221;5\/12&#8243; el_class=&#8221;slz_col-search-form&#8221;]<div class=\"woocommerce \"><ul class=\"products columns-4\">\n<li class=\"tm-has-options product type-product post-1444 status-publish first instock product_cat-sin-categorizar has-post-thumbnail shipping-taxable purchasable product-type-simple\">\n\t<a href=\"https:\/\/mayanruins.mx\/es\/tour\/ek-balam\/\" class=\"woocommerce-LoopProduct-link woocommerce-loop-product__link\"><img loading=\"lazy\" decoding=\"async\" width=\"300\" height=\"245\" src=\"https:\/\/mayanruins.mx\/es\/wp-content\/uploads\/sites\/2\/2017\/08\/cenote-ek-balam-tour-at-mayan-ruins.jpg\" class=\"attachment-woocommerce_thumbnail size-woocommerce_thumbnail\" alt=\"\" srcset=\"https:\/\/mayanruins.mx\/es\/wp-content\/uploads\/sites\/2\/2017\/08\/cenote-ek-balam-tour-at-mayan-ruins.jpg 450w, https:\/\/mayanruins.mx\/es\/wp-content\/uploads\/sites\/2\/2017\/08\/cenote-ek-balam-tour-at-mayan-ruins-300x245.jpg 300w\" sizes=\"(max-width: 300px) 100vw, 300px\" \/><h2 class=\"woocommerce-loop-product__title\">Ek Bal\u00e1m<\/h2>\n\t<span class=\"price\">Desde <span class=\"woocommerce-Price-amount amount\"><bdi><span class=\"woocommerce-Price-currencySymbol\">&#36;<\/span>79<\/bdi><\/span> USD<\/span>\n<\/a><a href=\"?add-to-cart=1444\" data-quantity=\"1\" class=\"button product_type_simple add_to_cart_button \" data-product_id=\"1444\" data-product_sku=\"\" aria-label=\"Add to cart: &ldquo;Ek Bal\u00e1m&rdquo;\" rel=\"nofollow\">A\u00f1adir al carrito<\/a><\/li>\n<\/ul>\n<\/div>[\/vc_column][vc_column width=&#8221;2\/12&#8243;][\/vc_column][vc_column width=&#8221;5\/12&#8243;]<div class=\"woocommerce \"><ul class=\"products columns-4\">\n<li class=\"tm-has-options product type-product post-1477 status-publish first instock product_cat-sin-categorizar has-post-thumbnail shipping-taxable purchasable product-type-simple\">\n\t<a href=\"https:\/\/mayanruins.mx\/es\/tour\/ek-balam-privado\/\" class=\"woocommerce-LoopProduct-link woocommerce-loop-product__link\"><img loading=\"lazy\" decoding=\"async\" width=\"300\" height=\"245\" src=\"https:\/\/mayanruins.mx\/es\/wp-content\/uploads\/sites\/2\/2016\/05\/ek-balam-mayan-ruins-1.jpg\" class=\"attachment-woocommerce_thumbnail size-woocommerce_thumbnail\" alt=\"\" srcset=\"https:\/\/mayanruins.mx\/es\/wp-content\/uploads\/sites\/2\/2016\/05\/ek-balam-mayan-ruins-1.jpg 450w, https:\/\/mayanruins.mx\/es\/wp-content\/uploads\/sites\/2\/2016\/05\/ek-balam-mayan-ruins-1-300x245.jpg 300w\" sizes=\"(max-width: 300px) 100vw, 300px\" \/><h2 class=\"woocommerce-loop-product__title\">Ek Bal\u00e1m Privado<\/h2>\n\t<span class=\"price\">Desde <span class=\"woocommerce-Price-amount amount\"><bdi><span class=\"woocommerce-Price-currencySymbol\">&#36;<\/span>79<\/bdi><\/span> USD<\/span>\n<\/a><a href=\"?add-to-cart=1477\" data-quantity=\"1\" class=\"button product_type_simple add_to_cart_button \" data-product_id=\"1477\" data-product_sku=\"\" aria-label=\"Add to cart: &ldquo;Ek Bal\u00e1m Privado&rdquo;\" rel=\"nofollow\">A\u00f1adir al carrito<\/a><\/li>\n<\/ul>\n<\/div>[\/vc_column][\/vc_row]<\/p>\n","protected":false},"excerpt":{"rendered":"<p>[vc_row][vc_column css=&#8221;.vc_custom_1463039150790{margin-top: 70px !important;}&#8221;][vc_column_text] Vive una aventura en las ruinas de Ek Balam Ek Bal\u00e1m es una de las ciudades con mayor influencia maya, ya que es uno de los yacimientos que cuenta con grandes representaciones art\u00edsticas y tecnol\u00f3gicas de tan incre\u00edble cultura. Los tesoros y misterios se ven representados en sus templos y plazas, [&hellip;]<\/p>\n","protected":false},"author":7,"featured_media":1439,"parent":0,"menu_order":0,"comment_status":"closed","ping_status":"closed","template":"","meta":{"footnotes":""},"class_list":["post-1580","page","type-page","status-publish","has-post-thumbnail","hentry"],"yoast_head":"<!-- This site is optimized with the Yoast SEO plugin v23.3 - https:\/\/yoast.com\/wordpress\/plugins\/seo\/ -->\n<title>Ek Balam<\/title>\n<meta name=\"description\" content=\"Ek Bal\u00e1m es una de las ciudades con mayor influencia maya, ya que es uno de los yacimientos que cuenta con grandes representaciones art\u00edsticas...\" \/>\n<meta name=\"robots\" content=\"index, follow, max-snippet:-1, max-image-preview:large, max-video-preview:-1\" \/>\n<link rel=\"canonical\" href=\"https:\/\/mayanruins.mx\/es\/destino-ek-balam\/\" \/>\n<meta property=\"og:locale\" content=\"es_MX\" \/>\n<meta property=\"og:type\" content=\"article\" \/>\n<meta property=\"og:title\" content=\"Ek Balam\" \/>\n<meta property=\"og:description\" content=\"Ek Bal\u00e1m es una de las ciudades con mayor influencia maya, ya que es uno de los yacimientos que cuenta con grandes representaciones art\u00edsticas...\" \/>\n<meta property=\"og:url\" content=\"https:\/\/mayanruins.mx\/es\/destino-ek-balam\/\" \/>\n<meta property=\"og:site_name\" content=\"Mayan Ruins\" \/>\n<meta property=\"article:modified_time\" content=\"2017-11-13T14:45:56+00:00\" \/>\n<meta property=\"og:image\" content=\"https:\/\/mayanruins.mx\/es\/wp-content\/uploads\/sites\/2\/2016\/05\/ek-balam-mayan-ruins-1.jpg\" \/>\n\t<meta property=\"og:image:width\" content=\"450\" \/>\n\t<meta property=\"og:image:height\" content=\"367\" \/>\n\t<meta property=\"og:image:type\" content=\"image\/jpeg\" \/>\n<meta name=\"twitter:card\" content=\"summary_large_image\" \/>\n<meta name=\"twitter:label1\" content=\"Tiempo de lectura\" \/>\n\t<meta name=\"twitter:data1\" content=\"1 minuto\" \/>\n<script type=\"application\/ld+json\" class=\"yoast-schema-graph\">{\"@context\":\"https:\/\/schema.org\",\"@graph\":[{\"@type\":\"WebPage\",\"@id\":\"https:\/\/mayanruins.mx\/es\/destino-ek-balam\/\",\"url\":\"https:\/\/mayanruins.mx\/es\/destino-ek-balam\/\",\"name\":\"Ek Balam\",\"isPartOf\":{\"@id\":\"https:\/\/mayanruins.mx\/es\/#website\"},\"primaryImageOfPage\":{\"@id\":\"https:\/\/mayanruins.mx\/es\/destino-ek-balam\/#primaryimage\"},\"image\":{\"@id\":\"https:\/\/mayanruins.mx\/es\/destino-ek-balam\/#primaryimage\"},\"thumbnailUrl\":\"https:\/\/mayanruins.mx\/es\/wp-content\/uploads\/sites\/2\/2016\/05\/ek-balam-mayan-ruins-1.jpg\",\"datePublished\":\"2017-09-06T22:49:34+00:00\",\"dateModified\":\"2017-11-13T14:45:56+00:00\",\"description\":\"Ek Bal\u00e1m es una de las ciudades con mayor influencia maya, ya que es uno de los yacimientos que cuenta con grandes representaciones art\u00edsticas...\",\"breadcrumb\":{\"@id\":\"https:\/\/mayanruins.mx\/es\/destino-ek-balam\/#breadcrumb\"},\"inLanguage\":\"es\",\"potentialAction\":[{\"@type\":\"ReadAction\",\"target\":[\"https:\/\/mayanruins.mx\/es\/destino-ek-balam\/\"]}]},{\"@type\":\"ImageObject\",\"inLanguage\":\"es\",\"@id\":\"https:\/\/mayanruins.mx\/es\/destino-ek-balam\/#primaryimage\",\"url\":\"https:\/\/mayanruins.mx\/es\/wp-content\/uploads\/sites\/2\/2016\/05\/ek-balam-mayan-ruins-1.jpg\",\"contentUrl\":\"https:\/\/mayanruins.mx\/es\/wp-content\/uploads\/sites\/2\/2016\/05\/ek-balam-mayan-ruins-1.jpg\",\"width\":\"450\",\"height\":\"367\"},{\"@type\":\"BreadcrumbList\",\"@id\":\"https:\/\/mayanruins.mx\/es\/destino-ek-balam\/#breadcrumb\",\"itemListElement\":[{\"@type\":\"ListItem\",\"position\":1,\"name\":\"Home\",\"item\":\"https:\/\/mayanruins.mx\/es\/\"},{\"@type\":\"ListItem\",\"position\":2,\"name\":\"Ek Bal\u00e1m\"}]},{\"@type\":\"WebSite\",\"@id\":\"https:\/\/mayanruins.mx\/es\/#website\",\"url\":\"https:\/\/mayanruins.mx\/es\/\",\"name\":\"Mayan Ruins\",\"description\":\"\",\"potentialAction\":[{\"@type\":\"SearchAction\",\"target\":{\"@type\":\"EntryPoint\",\"urlTemplate\":\"https:\/\/mayanruins.mx\/es\/?s={search_term_string}\"},\"query-input\":\"required name=search_term_string\"}],\"inLanguage\":\"es\"}]}<\/script>\n<!-- \/ Yoast SEO plugin. -->","yoast_head_json":{"title":"Ek Balam","description":"Ek Bal\u00e1m es una de las ciudades con mayor influencia maya, ya que es uno de los yacimientos que cuenta con grandes representaciones art\u00edsticas...","robots":{"index":"index","follow":"follow","max-snippet":"max-snippet:-1","max-image-preview":"max-image-preview:large","max-video-preview":"max-video-preview:-1"},"canonical":"https:\/\/mayanruins.mx\/es\/destino-ek-balam\/","og_locale":"es_MX","og_type":"article","og_title":"Ek Balam","og_description":"Ek Bal\u00e1m es una de las ciudades con mayor influencia maya, ya que es uno de los yacimientos que cuenta con grandes representaciones art\u00edsticas...","og_url":"https:\/\/mayanruins.mx\/es\/destino-ek-balam\/","og_site_name":"Mayan Ruins","article_modified_time":"2017-11-13T14:45:56+00:00","og_image":[{"width":450,"height":367,"url":"https:\/\/mayanruins.mx\/es\/wp-content\/uploads\/sites\/2\/2016\/05\/ek-balam-mayan-ruins-1.jpg","type":"image\/jpeg"}],"twitter_card":"summary_large_image","twitter_misc":{"Tiempo de lectura":"1 minuto"},"schema":{"@context":"https:\/\/schema.org","@graph":[{"@type":"WebPage","@id":"https:\/\/mayanruins.mx\/es\/destino-ek-balam\/","url":"https:\/\/mayanruins.mx\/es\/destino-ek-balam\/","name":"Ek Balam","isPartOf":{"@id":"https:\/\/mayanruins.mx\/es\/#website"},"primaryImageOfPage":{"@id":"https:\/\/mayanruins.mx\/es\/destino-ek-balam\/#primaryimage"},"image":{"@id":"https:\/\/mayanruins.mx\/es\/destino-ek-balam\/#primaryimage"},"thumbnailUrl":"https:\/\/mayanruins.mx\/es\/wp-content\/uploads\/sites\/2\/2016\/05\/ek-balam-mayan-ruins-1.jpg","datePublished":"2017-09-06T22:49:34+00:00","dateModified":"2017-11-13T14:45:56+00:00","description":"Ek Bal\u00e1m es una de las ciudades con mayor influencia maya, ya que es uno de los yacimientos que cuenta con grandes representaciones art\u00edsticas...","breadcrumb":{"@id":"https:\/\/mayanruins.mx\/es\/destino-ek-balam\/#breadcrumb"},"inLanguage":"es","potentialAction":[{"@type":"ReadAction","target":["https:\/\/mayanruins.mx\/es\/destino-ek-balam\/"]}]},{"@type":"ImageObject","inLanguage":"es","@id":"https:\/\/mayanruins.mx\/es\/destino-ek-balam\/#primaryimage","url":"https:\/\/mayanruins.mx\/es\/wp-content\/uploads\/sites\/2\/2016\/05\/ek-balam-mayan-ruins-1.jpg","contentUrl":"https:\/\/mayanruins.mx\/es\/wp-content\/uploads\/sites\/2\/2016\/05\/ek-balam-mayan-ruins-1.jpg","width":"450","height":"367"},{"@type":"BreadcrumbList","@id":"https:\/\/mayanruins.mx\/es\/destino-ek-balam\/#breadcrumb","itemListElement":[{"@type":"ListItem","position":1,"name":"Home","item":"https:\/\/mayanruins.mx\/es\/"},{"@type":"ListItem","position":2,"name":"Ek Bal\u00e1m"}]},{"@type":"WebSite","@id":"https:\/\/mayanruins.mx\/es\/#website","url":"https:\/\/mayanruins.mx\/es\/","name":"Mayan Ruins","description":"","potentialAction":[{"@type":"SearchAction","target":{"@type":"EntryPoint","urlTemplate":"https:\/\/mayanruins.mx\/es\/?s={search_term_string}"},"query-input":"required name=search_term_string"}],"inLanguage":"es"}]}},"_links":{"self":[{"href":"https:\/\/mayanruins.mx\/es\/wp-json\/wp\/v2\/pages\/1580"}],"collection":[{"href":"https:\/\/mayanruins.mx\/es\/wp-json\/wp\/v2\/pages"}],"about":[{"href":"https:\/\/mayanruins.mx\/es\/wp-json\/wp\/v2\/types\/page"}],"author":[{"embeddable":true,"href":"https:\/\/mayanruins.mx\/es\/wp-json\/wp\/v2\/users\/7"}],"replies":[{"embeddable":true,"href":"https:\/\/mayanruins.mx\/es\/wp-json\/wp\/v2\/comments?post=1580"}],"version-history":[{"count":0,"href":"https:\/\/mayanruins.mx\/es\/wp-json\/wp\/v2\/pages\/1580\/revisions"}],"wp:featuredmedia":[{"embeddable":true,"href":"https:\/\/mayanruins.mx\/es\/wp-json\/wp\/v2\/media\/1439"}],"wp:attachment":[{"href":"https:\/\/mayanruins.mx\/es\/wp-json\/wp\/v2\/media?parent=1580"}],"curies":[{"name":"wp","href":"https:\/\/api.w.org\/{rel}","templated":true}]}}